{"id":10,"date":"2017-07-03T19:27:22","date_gmt":"2017-07-03T17:27:22","guid":{"rendered":"http:\/\/tinctoriales.com\/?page_id=10"},"modified":"2023-05-09T00:09:38","modified_gmt":"2023-05-08T22:09:38","slug":"a-propos-de","status":"publish","type":"page","link":"https:\/\/tinctoriales.com\/en\/a-propos-de\/","title":{"rendered":"Around the world&#8230;"},"content":{"rendered":"<figure id=\"attachment_42\" aria-describedby=\"caption-attachment-42\" style=\"width: 300px\" class=\"wp-caption alignnone\"><img loading=\"lazy\" decoding=\"async\" class=\"size-medium wp-image-42\" src=\"http:\/\/tinctoriales.com\/wp-content\/uploads\/2017\/07\/3-300x172.png\" alt=\"Workshop with Kespi Kala's women\" width=\"300\" height=\"172\" srcset=\"https:\/\/tinctoriales.com\/wp-content\/uploads\/2017\/07\/3-300x172.png 300w, https:\/\/tinctoriales.com\/wp-content\/uploads\/2017\/07\/3-350x201.png 350w, https:\/\/tinctoriales.com\/wp-content\/uploads\/2017\/07\/3-768x440.png 768w, https:\/\/tinctoriales.com\/wp-content\/uploads\/2017\/07\/3.png 963w\" sizes=\"auto, (max-width: 300px) 100vw, 300px\" \/><figcaption id=\"caption-attachment-42\" class=\"wp-caption-text\">Workshop with Kespi Kala&#8217;s women<\/figcaption><\/figure>\n<p lang=\"en\">Hello,<\/p>\n<p>Please find enclosed my <a href=\"http:\/\/tinctoriales.com\/en\/cv\/\">CV<\/a> (please see my WEB site: <a href=\"http:\/\/www.tinctoriales.com\/\">www.tinctoriales.com<\/a>), it is not classic &#8230; as a specialist in natural dyeing, I am offered the possibility of creating an Artisanal and Ecological Village in Concon, on a ground of 200 hectares, near Vi\u00f1a del Mar , Chile (country where I live for more than 20 years &#8211; dual nationality)<\/p>\n<p>In order to make only the minimum of ecological errors &#8230;, I wish to do a world tour that allows me to deepen my technical knowledge in the natural dyes, weaving, natural fibers, agro-ecological production and traditions , On the basis of voluntary work and the exchange of technical knowledge.<\/p>\n<p>You can visit <a href=\"http:\/\/www.academia.edu\/\">www.academia.edu<\/a> and <a href=\"http:\/\/www.slideshare.net\/\">www.slideshare.net<\/a> presentations I made at the Kuching Symposium, Taiwan and recently in Madagascar. After this Symposium, I spent 15 days at a silk producer 180 km south of Antananarivo, in Talata, near Antsirabe. Back in France, I prepared a new Powerpoint presentation on the technical exchanges we had. I could prepare similar ones for future trips.<\/p>\n<p>This trip could last up to more than two years. I am currently in France (with travel possibilities &#8211; if financing) until 20 September 2017, the date of return for Chile.<\/p>\n<p>I should then start with Moquegua (Peru), where the Director of the Museum of Archeology had proposed to me to organize formations in the Cordillera for artisans who are losing their traditions.<\/p>\n<p>Then, I think of going back to Argentina (via Bolivia), to Santa Fe where I have already hosted workshops (about my presentation at the IFPECO in Madagascar, May 2017) and perhaps in Cordoba, where I Have a contact.<\/p>\n<p>Afterwards, the adventure begins with Paraguay, Brazil (agroecology), Guyanne Francaise, all by land transport, to reach El Salvador, where I have contact with a woman who produces indigo.<\/p>\n<p>Then I will go to Mexico where I have a contact with a consultant specializing in mealybug (if possible in December 2017). It would be interesting to continue with the United States and Canada (opportunity to participate in exhibitions and improve my English which is more literary than practical) where unfortunately I have no contacts yet. Then continue in the spring through Iceland, the Nordic countries (the weaving techniques of the Vikings interest me a lot, I have no contacts yet), Poland, go down to France where my parents live.<\/p>\n<p>I would like to continue through the Maghreb, then descend to Senegal, Cameroon and South Africa, go back through Madagascar (where I have just participated in a Symposium of natural dyes and where I have many contacts, (A lot of new information and techniques to share), go back to the North via Kenya and Egypt, Jordan (I&#8217;m also interested in archeology).<\/p>\n<p>Then I would like to follow the Silk Road. Turkey, Armenia, Kazakhstan, Uzbekistan, Kyrgyzstan, Nepal, Boutan, India (4 months minimum, some contacts), Bangladesh, Myanmar, Laos, Thailand, Kampuchea, Malaysia China, Philippines, New Zealand, Australia, Indonesia, Ceylon, Tanzania, Madagascar (contacts), Paris, Santiago<\/p>\n<p>For countries where I do not yet have contacts, I think to work with woofing, helpstay, couchsurfing &#8230; As long as I can use land or sea transportation that is more economical, I will do it. But I still have to finance a certain number of air tickets and incompressible visa fees &#8230;<\/p>\n<p>Could you help me prepare this crowdfunding campaign?<\/p>\n<p><span lang=\"en\"><br \/>\nFrancoise Gabrielle Raffi<br \/>\nFacebook: <a href=\"https:\/\/www.facebook.com\/francoisegabrielle.raffi\">Francoise Gabrielle Raffi<\/a> &#8211; fanpage: <a href=\"https:\/\/www.facebook.com\/La-Francesa-Bigotuda-537910986264422\/\">La Francesa Bigotuda<\/a><br \/>\nWhatsapp: +56 9 764 449 78<\/span><\/p>\n<p><a href=\"http:\/\/www.tinctoriales.com\/\">www.tinctoriales.com<\/a><\/p>\n<p><span style=\"border-radius: 2px; text-indent: 20px; width: auto; padding: 0px 4px 0px 0px; text-align: center; font: bold 11px\/20px 'Helvetica Neue',Helvetica,sans-serif; color: #ffffff; background: #bd081c no-repeat scroll 3px 50% \/ 14px 14px; position: absolute; opacity: 1; z-index: 8675309; display: none; cursor: pointer;\">Save<\/span><\/p>\n<p><span style=\"border-radius: 2px; text-indent: 20px; width: auto; padding: 0px 4px 0px 0px; text-align: center; font: bold 11px\/20px 'Helvetica Neue',Helvetica,sans-serif; color: #ffffff; background: #bd081c no-repeat scroll 3px 50% \/ 14px 14px; position: absolute; opacity: 1; z-index: 8675309; display: none; cursor: pointer;\">Save<\/span><\/p>\n<p><span style=\"border-radius: 2px; text-indent: 20px; width: auto; padding: 0px 4px 0px 0px; text-align: center; font: bold 11px\/20px 'Helvetica Neue',Helvetica,sans-serif; color: #ffffff; background: #bd081c no-repeat scroll 3px 50% \/ 14px 14px; position: absolute; opacity: 1; z-index: 8675309; display: none; cursor: pointer;\">Save<\/span><\/p>\n<p><span style=\"border-radius: 2px; text-indent: 20px; width: auto; padding: 0px 4px 0px 0px; text-align: center; font: bold 11px\/20px 'Helvetica Neue',Helvetica,sans-serif; color: #ffffff; background: #bd081c no-repeat scroll 3px 50% \/ 14px 14px; position: absolute; opacity: 1; z-index: 8675309; display: none; cursor: pointer;\">Save<\/span><\/p>\n<p><span style=\"border-radius: 2px; text-indent: 20px; width: auto; padding: 0px 4px 0px 0px; text-align: center; font: bold 11px\/20px 'Helvetica Neue',Helvetica,sans-serif; color: #ffffff; background: #bd081c no-repeat scroll 3px 50% \/ 14px 14px; position: absolute; opacity: 1; z-index: 8675309; display: none; cursor: pointer;\">Save<\/span><\/p>\n<p><span style=\"border-radius: 2px; text-indent: 20px; width: auto; padding: 0px 4px 0px 0px; text-align: center; font: bold 11px\/20px 'Helvetica Neue',Helvetica,sans-serif; color: #ffffff; background: #bd081c no-repeat scroll 3px 50% \/ 14px 14px; position: absolute; opacity: 1; z-index: 8675309; display: none; cursor: pointer;\">Save<\/span><\/p>\n<p><span style=\"border-radius: 2px; text-indent: 20px; width: auto; padding: 0px 4px 0px 0px; text-align: center; font: bold 11px\/20px 'Helvetica Neue',Helvetica,sans-serif; color: #ffffff; background: #bd081c no-repeat scroll 3px 50% \/ 14px 14px; position: absolute; opacity: 1; z-index: 8675309; display: none; cursor: pointer;\">Save<\/span><\/p>\n<div style=\"margin-top: 0px; margin-bottom: 0px;\" class=\"sharethis-inline-share-buttons\" ><\/div>","protected":false},"excerpt":{"rendered":"<p>Veuillez trouver ci-joint mon CV, il n&#8217;est pas classique\u2026 comme sp\u00e9cialiste de la teinture naturelle, on m&#8217;offre la possibilit\u00e9 de cr\u00e9er un Village Artisanal et Ecologique \u00e0 Concon, sur un terrain de 200 hectares, pr\u00e8s de Vi\u00f1a del Mar, au Chili (pays o\u00fa je vis depuis plus de 20 ans &#8211; double nationalit\u00e9)<br \/>\n Pour ne commettre que le minimum d&#8217;erreurs \u00e9cologiques&#8230;, je d\u00e9sire faire un voyage autour du monde qui me permette d&#8217;approfondir mes connaissances techniques au niveau des teintures naturelles, tissage, fibres naturelles, de la production agro-\u00e9cologique et des traditions, sur la base du b\u00e9n\u00e9volat et de l\u00b4\u00e9change de connaissances techniques.<\/p>\n","protected":false},"author":1,"featured_media":0,"parent":0,"menu_order":0,"comment_status":"closed","ping_status":"closed","template":"","meta":{"give_campaign_id":0,"_joinchat":[],"footnotes":""},"class_list":["post-10","page","type-page","status-publish","hentry"],"translation":{"provider":"WPGlobus","version":"3.0.1","language":"en","enabled_languages":["fr","en","es"],"languages":{"fr":{"title":true,"content":true,"excerpt":true},"en":{"title":true,"content":true,"excerpt":true},"es":{"title":true,"content":true,"excerpt":true}}},"yoast_head":"<!-- This site is optimized with the Yoast SEO plugin v27.3 - https:\/\/yoast.com\/product\/yoast-seo-wordpress\/ -->\n<title>Around the world... - tinctoriales<\/title>\n<meta name=\"robots\" content=\"index, follow, max-snippet:-1, max-image-preview:large, max-video-preview:-1\" \/>\n<link rel=\"canonical\" href=\"https:\/\/tinctoriales.com\/a-propos-de\/\" \/>\n<meta property=\"og:locale\" content=\"en_US\" \/>\n<meta property=\"og:type\" content=\"article\" \/>\n<meta property=\"og:title\" content=\"Around the world... - tinctoriales\" \/>\n<meta property=\"og:url\" content=\"https:\/\/tinctoriales.com\/a-propos-de\/\" \/>\n<meta property=\"og:site_name\" content=\"tinctoriales\" \/>\n<meta property=\"article:publisher\" content=\"https:\/\/www.facebook.com\/francoisegabrielle.raffi\" \/>\n<meta property=\"article:modified_time\" content=\"2023-05-08T22:09:38+00:00\" \/>\n<meta property=\"og:image\" content=\"http:\/\/tinctoriales.com\/wp-content\/uploads\/2017\/07\/3-300x172.png\" \/>\n<meta name=\"twitter:card\" content=\"summary_large_image\" \/>\n<meta name=\"twitter:site\" content=\"@FrancoiseRaffi\" \/>\n<meta name=\"twitter:label1\" content=\"Est. reading time\" \/>\n\t<meta name=\"twitter:data1\" content=\"12 minutes\" \/>\n<script type=\"application\/ld+json\" class=\"yoast-schema-graph\">{\"@context\":\"https:\\\/\\\/schema.org\",\"@graph\":[{\"@type\":\"WebPage\",\"@id\":\"https:\\\/\\\/tinctoriales.com\\\/a-propos-de\\\/\",\"url\":\"https:\\\/\\\/tinctoriales.com\\\/a-propos-de\\\/\",\"name\":\"Around the world... - tinctoriales\",\"isPartOf\":{\"@id\":\"https:\\\/\\\/tinctoriales.com\\\/#website\"},\"primaryImageOfPage\":{\"@id\":\"https:\\\/\\\/tinctoriales.com\\\/a-propos-de\\\/#primaryimage\"},\"image\":{\"@id\":\"https:\\\/\\\/tinctoriales.com\\\/a-propos-de\\\/#primaryimage\"},\"thumbnailUrl\":\"http:\\\/\\\/tinctoriales.com\\\/wp-content\\\/uploads\\\/2017\\\/07\\\/3-300x172.png\",\"datePublished\":\"2017-07-03T17:27:22+00:00\",\"dateModified\":\"2023-05-08T22:09:38+00:00\",\"description\":\"Le monde partage avec le mondede la teinture naturelle, on m'offre la possibilit\u00e9 de cr\u00e9er un Village Artisanal et Ecologique \u00e0 Concon, ce voyage permettra\",\"breadcrumb\":{\"@id\":\"https:\\\/\\\/tinctoriales.com\\\/a-propos-de\\\/#breadcrumb\"},\"inLanguage\":\"en-US\",\"potentialAction\":[{\"@type\":\"ReadAction\",\"target\":[\"https:\\\/\\\/tinctoriales.com\\\/a-propos-de\\\/\"]}]},{\"@type\":\"ImageObject\",\"inLanguage\":\"en-US\",\"@id\":\"https:\\\/\\\/tinctoriales.com\\\/a-propos-de\\\/#primaryimage\",\"url\":\"http:\\\/\\\/tinctoriales.com\\\/wp-content\\\/uploads\\\/2017\\\/07\\\/3-300x172.png\",\"contentUrl\":\"http:\\\/\\\/tinctoriales.com\\\/wp-content\\\/uploads\\\/2017\\\/07\\\/3-300x172.png\"},{\"@type\":\"BreadcrumbList\",\"@id\":\"https:\\\/\\\/tinctoriales.com\\\/a-propos-de\\\/#breadcrumb\",\"itemListElement\":[{\"@type\":\"ListItem\",\"position\":1,\"name\":\"Accueil\",\"item\":\"https:\\\/\\\/tinctoriales.com\\\/\"},{\"@type\":\"ListItem\",\"position\":2,\"name\":\"\u00c0 propos de&#8230; autour du monde\"}]},{\"@type\":\"WebSite\",\"@id\":\"https:\\\/\\\/tinctoriales.com\\\/#website\",\"url\":\"https:\\\/\\\/tinctoriales.com\\\/\",\"name\":\"Tinctoriales.com\",\"description\":\"Vive les teintures naturelles ! Viva los te\u00f1idos naturales! Hello Natural Dyeing!\",\"publisher\":{\"@id\":\"https:\\\/\\\/tinctoriales.com\\\/#\\\/schema\\\/person\\\/bb664fe45c7efc0790e098c706b83be2\"},\"potentialAction\":[{\"@type\":\"SearchAction\",\"target\":{\"@type\":\"EntryPoint\",\"urlTemplate\":\"https:\\\/\\\/tinctoriales.com\\\/?s={search_term_string}\"},\"query-input\":{\"@type\":\"PropertyValueSpecification\",\"valueRequired\":true,\"valueName\":\"search_term_string\"}}],\"inLanguage\":\"en-US\"},{\"@type\":[\"Person\",\"Organization\"],\"@id\":\"https:\\\/\\\/tinctoriales.com\\\/#\\\/schema\\\/person\\\/bb664fe45c7efc0790e098c706b83be2\",\"name\":\"Francoise Raffi - La Francesa Bigotuda\",\"image\":{\"@type\":\"ImageObject\",\"inLanguage\":\"en-US\",\"@id\":\"https:\\\/\\\/i0.wp.com\\\/tinctoriales.com\\\/wp-content\\\/uploads\\\/2023\\\/05\\\/wwwtinctoriales-teintures-naturelles.webp?fit=1650%2C1020&ssl=1\",\"url\":\"https:\\\/\\\/i0.wp.com\\\/tinctoriales.com\\\/wp-content\\\/uploads\\\/2023\\\/05\\\/wwwtinctoriales-teintures-naturelles.webp?fit=1650%2C1020&ssl=1\",\"contentUrl\":\"https:\\\/\\\/i0.wp.com\\\/tinctoriales.com\\\/wp-content\\\/uploads\\\/2023\\\/05\\\/wwwtinctoriales-teintures-naturelles.webp?fit=1650%2C1020&ssl=1\",\"width\":1650,\"height\":1020,\"caption\":\"Francoise Raffi - La Francesa Bigotuda\"},\"logo\":{\"@id\":\"https:\\\/\\\/i0.wp.com\\\/tinctoriales.com\\\/wp-content\\\/uploads\\\/2023\\\/05\\\/wwwtinctoriales-teintures-naturelles.webp?fit=1650%2C1020&ssl=1\"},\"description\":\"Artisane textile, tisserande, teinturi\u00e8re, vivant depuis plus de 20 ans au Chili, je travaille avec des teintures naturelles depuis plus de dix ans. J'ai particip\u00e9 \u00e0 plusieurs s\u00e9minaires internationaux (ISEND Kuching, IFND Taiwan et derni\u00e8rement IFPECO \u00e0 Madagascar) Je tisse, tricote ou feutre les fibres teintes. Je propose des formations aux teintures naturelles adapt\u00e9es au lieu. Artesana textil, tejedora, tintorera, viviendo desde m\u00e1s de 20 a\u00f1os en Chile, trabajo con te\u00f1idos naturales desde m\u00e1s de diez a\u00f1os. He participado a varios seminarios internacionales (ISEND Kuching, IFND Taiwan y ultimamente IFPECO en Madagascar). Tejo o afieltro las fibras te\u00f1idas. Propongo formaciones, capacitaciones, talleres de te\u00f1ido natural adaptadas al lugar.\",\"sameAs\":[\"http:\\\/\\\/www.tinctoriales.com\",\"https:\\\/\\\/www.facebook.com\\\/francoisegabrielle.raffi\",\"https:\\\/\\\/www.instagram.com\\\/tinctoriales.com_www\",\"https:\\\/\\\/www.linkedin.com\\\/francoisegabrielleraffi\",\"https:\\\/\\\/www.pinterest.com\\\/@publicobre2000\",\"https:\\\/\\\/x.com\\\/FrancoiseRaffi\"]}]}<\/script>\n<!-- \/ Yoast SEO plugin. -->","yoast_head_json":{"title":"Around the world... - tinctoriales","robots":{"index":"index","follow":"follow","max-snippet":"max-snippet:-1","max-image-preview":"max-image-preview:large","max-video-preview":"max-video-preview:-1"},"canonical":"https:\/\/tinctoriales.com\/a-propos-de\/","og_locale":"en_US","og_type":"article","og_title":"Around the world... - tinctoriales","og_url":"https:\/\/tinctoriales.com\/a-propos-de\/","og_site_name":"tinctoriales","article_publisher":"https:\/\/www.facebook.com\/francoisegabrielle.raffi","article_modified_time":"2023-05-08T22:09:38+00:00","og_image":[{"url":"http:\/\/tinctoriales.com\/wp-content\/uploads\/2017\/07\/3-300x172.png","type":"","width":"","height":""}],"twitter_card":"summary_large_image","twitter_site":"@FrancoiseRaffi","twitter_misc":{"Est. reading time":"12 minutes"},"schema":{"@context":"https:\/\/schema.org","@graph":[{"@type":"WebPage","@id":"https:\/\/tinctoriales.com\/a-propos-de\/","url":"https:\/\/tinctoriales.com\/a-propos-de\/","name":"Around the world... - tinctoriales","isPartOf":{"@id":"https:\/\/tinctoriales.com\/#website"},"primaryImageOfPage":{"@id":"https:\/\/tinctoriales.com\/a-propos-de\/#primaryimage"},"image":{"@id":"https:\/\/tinctoriales.com\/a-propos-de\/#primaryimage"},"thumbnailUrl":"http:\/\/tinctoriales.com\/wp-content\/uploads\/2017\/07\/3-300x172.png","datePublished":"2017-07-03T17:27:22+00:00","dateModified":"2023-05-08T22:09:38+00:00","description":"Le monde partage avec le mondede la teinture naturelle, on m'offre la possibilit\u00e9 de cr\u00e9er un Village Artisanal et Ecologique \u00e0 Concon, ce voyage permettra","breadcrumb":{"@id":"https:\/\/tinctoriales.com\/a-propos-de\/#breadcrumb"},"inLanguage":"en-US","potentialAction":[{"@type":"ReadAction","target":["https:\/\/tinctoriales.com\/a-propos-de\/"]}]},{"@type":"ImageObject","inLanguage":"en-US","@id":"https:\/\/tinctoriales.com\/a-propos-de\/#primaryimage","url":"http:\/\/tinctoriales.com\/wp-content\/uploads\/2017\/07\/3-300x172.png","contentUrl":"http:\/\/tinctoriales.com\/wp-content\/uploads\/2017\/07\/3-300x172.png"},{"@type":"BreadcrumbList","@id":"https:\/\/tinctoriales.com\/a-propos-de\/#breadcrumb","itemListElement":[{"@type":"ListItem","position":1,"name":"Accueil","item":"https:\/\/tinctoriales.com\/"},{"@type":"ListItem","position":2,"name":"\u00c0 propos de&#8230; autour du monde"}]},{"@type":"WebSite","@id":"https:\/\/tinctoriales.com\/#website","url":"https:\/\/tinctoriales.com\/","name":"Tinctoriales.com","description":"Vive les teintures naturelles ! Viva los te\u00f1idos naturales! Hello Natural Dyeing!","publisher":{"@id":"https:\/\/tinctoriales.com\/#\/schema\/person\/bb664fe45c7efc0790e098c706b83be2"},"potentialAction":[{"@type":"SearchAction","target":{"@type":"EntryPoint","urlTemplate":"https:\/\/tinctoriales.com\/?s={search_term_string}"},"query-input":{"@type":"PropertyValueSpecification","valueRequired":true,"valueName":"search_term_string"}}],"inLanguage":"en-US"},{"@type":["Person","Organization"],"@id":"https:\/\/tinctoriales.com\/#\/schema\/person\/bb664fe45c7efc0790e098c706b83be2","name":"Francoise Raffi - La Francesa Bigotuda","image":{"@type":"ImageObject","inLanguage":"en-US","@id":"https:\/\/i0.wp.com\/tinctoriales.com\/wp-content\/uploads\/2023\/05\/wwwtinctoriales-teintures-naturelles.webp?fit=1650%2C1020&ssl=1","url":"https:\/\/i0.wp.com\/tinctoriales.com\/wp-content\/uploads\/2023\/05\/wwwtinctoriales-teintures-naturelles.webp?fit=1650%2C1020&ssl=1","contentUrl":"https:\/\/i0.wp.com\/tinctoriales.com\/wp-content\/uploads\/2023\/05\/wwwtinctoriales-teintures-naturelles.webp?fit=1650%2C1020&ssl=1","width":1650,"height":1020,"caption":"Francoise Raffi - La Francesa Bigotuda"},"logo":{"@id":"https:\/\/i0.wp.com\/tinctoriales.com\/wp-content\/uploads\/2023\/05\/wwwtinctoriales-teintures-naturelles.webp?fit=1650%2C1020&ssl=1"},"description":"Artisane textile, tisserande, teinturi\u00e8re, vivant depuis plus de 20 ans au Chili, je travaille avec des teintures naturelles depuis plus de dix ans. J'ai particip\u00e9 \u00e0 plusieurs s\u00e9minaires internationaux (ISEND Kuching, IFND Taiwan et derni\u00e8rement IFPECO \u00e0 Madagascar) Je tisse, tricote ou feutre les fibres teintes. Je propose des formations aux teintures naturelles adapt\u00e9es au lieu. Artesana textil, tejedora, tintorera, viviendo desde m\u00e1s de 20 a\u00f1os en Chile, trabajo con te\u00f1idos naturales desde m\u00e1s de diez a\u00f1os. He participado a varios seminarios internacionales (ISEND Kuching, IFND Taiwan y ultimamente IFPECO en Madagascar). Tejo o afieltro las fibras te\u00f1idas. Propongo formaciones, capacitaciones, talleres de te\u00f1ido natural adaptadas al lugar.","sameAs":["http:\/\/www.tinctoriales.com","https:\/\/www.facebook.com\/francoisegabrielle.raffi","https:\/\/www.instagram.com\/tinctoriales.com_www","https:\/\/www.linkedin.com\/francoisegabrielleraffi","https:\/\/www.pinterest.com\/@publicobre2000","https:\/\/x.com\/FrancoiseRaffi"]}]}},"campaignId":"","_links":{"self":[{"href":"https:\/\/tinctoriales.com\/en\/wp-json\/wp\/v2\/pages\/10","targetHints":{"allow":["GET"]}}],"collection":[{"href":"https:\/\/tinctoriales.com\/en\/wp-json\/wp\/v2\/pages"}],"about":[{"href":"https:\/\/tinctoriales.com\/en\/wp-json\/wp\/v2\/types\/page"}],"author":[{"embeddable":true,"href":"https:\/\/tinctoriales.com\/en\/wp-json\/wp\/v2\/users\/1"}],"replies":[{"embeddable":true,"href":"https:\/\/tinctoriales.com\/en\/wp-json\/wp\/v2\/comments?post=10"}],"version-history":[{"count":0,"href":"https:\/\/tinctoriales.com\/en\/wp-json\/wp\/v2\/pages\/10\/revisions"}],"wp:attachment":[{"href":"https:\/\/tinctoriales.com\/en\/wp-json\/wp\/v2\/media?parent=10"}],"curies":[{"name":"wp","href":"https:\/\/api.w.org\/{rel}","templated":true}]}}