{"id":11,"date":"2017-07-03T19:27:22","date_gmt":"2017-07-03T17:27:22","guid":{"rendered":"http:\/\/tinctoriales.com\/?page_id=11"},"modified":"2017-12-27T03:26:51","modified_gmt":"2017-12-27T02:26:51","slug":"contact","status":"publish","type":"page","link":"https:\/\/tinctoriales.com\/en\/a-propos-de\/teintures-naturelles\/contact\/","title":{"rendered":"Contact"},"content":{"rendered":"<p><img loading=\"lazy\" decoding=\"async\" class=\"alignnone size-medium wp-image-42\" src=\"http:\/\/tinctoriales.com\/wp-content\/uploads\/2017\/07\/3-300x172.png\" alt=\"\" width=\"300\" height=\"172\" srcset=\"https:\/\/tinctoriales.com\/wp-content\/uploads\/2017\/07\/3-300x172.png 300w, https:\/\/tinctoriales.com\/wp-content\/uploads\/2017\/07\/3-350x201.png 350w, https:\/\/tinctoriales.com\/wp-content\/uploads\/2017\/07\/3-768x440.png 768w, https:\/\/tinctoriales.com\/wp-content\/uploads\/2017\/07\/3.png 963w\" sizes=\"auto, (max-width: 300px) 100vw, 300px\" \/><\/p>\n<h2>Contact<\/h2>\n<p>44 rue de la Porte Poitevine<\/p>\n<p>37600 Loches- France<\/p>\n<p>07 69 905 352<\/p>\n<h2>Contact au Chili<\/h2>\n<p>Avenida Angelm\u00f3 1990 &#8211; Angelm\u00f3<\/p>\n<p>Puerto Mont &#8211; X\u00aa Regi\u00f3n Los Lagos &#8211; Chile<\/p>\n<p>+56 9 974 449 78 (whatsapp)<\/p>\n<p>+56 9831 670 91 (Movistar)<\/p>\n<p>e-mail: publicobre2000@yahoo.es<\/p>\n<p>facebook: La francesa bigotuda<\/p>\n<p>linked in: francoise gabrielle raffi<\/p>\n<p>twitter: @FrancoiseRaffi<br \/>\ninstagram: publicobre2000<br \/>\ndelitface: La francesa bigotuda, @francoiseraffi<\/p>\n<p>Visite sur rendez-vous\u00a0 \/\u00a0 Voyage possible, <strong>d\u00e9veloppons la <a href=\"http:\/\/tinctoriales.com\/a-propos-de\/accueil\/formations-a-la-demande\/\">teinture naturelle itin\u00e9rante<\/a>, l&#8217;art nomade&#8230;<\/strong><\/p>\n<p>Si necesita lanas&#8230;<\/p>\n<p>Si vous avez besoin de <a href=\"https:\/\/www.facebook.com\/Rincon-de-Angel-1575772826030739\/\">laines<\/a>&#8230; N&#8217;h\u00e9sitez pas!<\/p>\n<figure id=\"attachment_158\" aria-describedby=\"caption-attachment-158\" style=\"width: 300px\" class=\"wp-caption alignnone\"><img loading=\"lazy\" decoding=\"async\" class=\"wp-image-158 size-medium\" src=\"http:\/\/tinctoriales.com\/wp-content\/uploads\/2017\/07\/tarjeta-angel-300x171.png\" alt=\"Contact - Rinc\u00f3n de Angel Avenida Angelm\u00f3 1990 Puerto Montt - Chile\" width=\"300\" height=\"171\" srcset=\"https:\/\/tinctoriales.com\/wp-content\/uploads\/2017\/07\/tarjeta-angel-300x171.png 300w, https:\/\/tinctoriales.com\/wp-content\/uploads\/2017\/07\/tarjeta-angel-350x200.png 350w, https:\/\/tinctoriales.com\/wp-content\/uploads\/2017\/07\/tarjeta-angel.png 748w\" sizes=\"auto, (max-width: 300px) 100vw, 300px\" \/><figcaption id=\"caption-attachment-158\" class=\"wp-caption-text\">Contact &#8211; Rinc\u00f3n de Angel Avenida Angelm\u00f3 1990 Puerto Montt &#8211; Chile<\/figcaption><\/figure>\n<p>Utilisez whatsapp pour demander des photos&#8230;<\/p>\n<div style=\"margin-top: 0px; margin-bottom: 0px;\" class=\"sharethis-inline-share-buttons\" ><\/div>","protected":false},"excerpt":{"rendered":"<p>Contact 44 rue de la Porte Poitevine 37600 Loches- France 07 69 905 352 Contact au Chili Avenida Angelm\u00f3 1990 &#8211; Angelm\u00f3 Puerto Mont &#8211; X\u00aa Regi\u00f3n Los Lagos &#8211; Chile +56 9 974 449 78 (whatsapp) +56 9831 670 91 (Movistar) e-mail: publicobre2000@yahoo.es facebook: La francesa bigotuda linked in: francoise gabrielle raffi twitter: @FrancoiseRaffi &hellip; <a href=\"https:\/\/tinctoriales.com\/en\/a-propos-de\/teintures-naturelles\/contact\/\" class=\"more-link\">Continue reading <span class=\"screen-reader-text\">Contact<\/span><\/a><\/p>\n","protected":false},"author":1,"featured_media":0,"parent":9,"menu_order":0,"comment_status":"closed","ping_status":"closed","template":"","meta":{"give_campaign_id":0,"_joinchat":[],"footnotes":""},"class_list":["post-11","page","type-page","status-publish","hentry"],"translation":{"provider":"WPGlobus","version":"3.0.1","language":"en","enabled_languages":["fr","en","es"],"languages":{"fr":{"title":true,"content":true,"excerpt":false},"en":{"title":false,"content":false,"excerpt":false},"es":{"title":false,"content":false,"excerpt":false}}},"yoast_head":"<!-- This site is optimized with the Yoast SEO plugin v27.3 - https:\/\/yoast.com\/product\/yoast-seo-wordpress\/ -->\n<title>Contact - tinctoriales<\/title>\n<meta name=\"robots\" content=\"index, follow, max-snippet:-1, max-image-preview:large, max-video-preview:-1\" \/>\n<link rel=\"canonical\" href=\"https:\/\/tinctoriales.com\/a-propos-de\/teintures-naturelles\/contact\/\" \/>\n<meta property=\"og:locale\" content=\"en_US\" \/>\n<meta property=\"og:type\" content=\"article\" \/>\n<meta property=\"og:title\" content=\"Contact - tinctoriales\" \/>\n<meta property=\"og:url\" content=\"https:\/\/tinctoriales.com\/a-propos-de\/teintures-naturelles\/contact\/\" \/>\n<meta property=\"og:site_name\" content=\"tinctoriales\" \/>\n<meta property=\"article:publisher\" content=\"https:\/\/www.facebook.com\/francoisegabrielle.raffi\" \/>\n<meta property=\"article:modified_time\" content=\"2017-12-27T02:26:51+00:00\" \/>\n<meta property=\"og:image\" content=\"http:\/\/tinctoriales.com\/wp-content\/uploads\/2017\/07\/3-300x172.png\" \/>\n<meta name=\"twitter:card\" content=\"summary_large_image\" \/>\n<meta name=\"twitter:site\" content=\"@FrancoiseRaffi\" \/>\n<meta name=\"twitter:label1\" content=\"Est. reading time\" \/>\n\t<meta name=\"twitter:data1\" content=\"1 minute\" \/>\n<script type=\"application\/ld+json\" class=\"yoast-schema-graph\">{\"@context\":\"https:\\\/\\\/schema.org\",\"@graph\":[{\"@type\":\"WebPage\",\"@id\":\"https:\\\/\\\/tinctoriales.com\\\/a-propos-de\\\/teintures-naturelles\\\/contact\\\/\",\"url\":\"https:\\\/\\\/tinctoriales.com\\\/a-propos-de\\\/teintures-naturelles\\\/contact\\\/\",\"name\":\"Contact - tinctoriales\",\"isPartOf\":{\"@id\":\"https:\\\/\\\/tinctoriales.com\\\/#website\"},\"primaryImageOfPage\":{\"@id\":\"https:\\\/\\\/tinctoriales.com\\\/a-propos-de\\\/teintures-naturelles\\\/contact\\\/#primaryimage\"},\"image\":{\"@id\":\"https:\\\/\\\/tinctoriales.com\\\/a-propos-de\\\/teintures-naturelles\\\/contact\\\/#primaryimage\"},\"thumbnailUrl\":\"http:\\\/\\\/tinctoriales.com\\\/wp-content\\\/uploads\\\/2017\\\/07\\\/3-300x172.png\",\"datePublished\":\"2017-07-03T17:27:22+00:00\",\"dateModified\":\"2017-12-27T02:26:51+00:00\",\"description\":\"Contact, voici toutes les informations, je reste \u00e0 votre disposition pour tout renseignement compl\u00e9mentaire, afin de d\u00e9velopper les teintures naturelles\",\"breadcrumb\":{\"@id\":\"https:\\\/\\\/tinctoriales.com\\\/a-propos-de\\\/teintures-naturelles\\\/contact\\\/#breadcrumb\"},\"inLanguage\":\"en-US\",\"potentialAction\":[{\"@type\":\"ReadAction\",\"target\":[\"https:\\\/\\\/tinctoriales.com\\\/a-propos-de\\\/teintures-naturelles\\\/contact\\\/\"]}]},{\"@type\":\"ImageObject\",\"inLanguage\":\"en-US\",\"@id\":\"https:\\\/\\\/tinctoriales.com\\\/a-propos-de\\\/teintures-naturelles\\\/contact\\\/#primaryimage\",\"url\":\"http:\\\/\\\/tinctoriales.com\\\/wp-content\\\/uploads\\\/2017\\\/07\\\/3-300x172.png\",\"contentUrl\":\"http:\\\/\\\/tinctoriales.com\\\/wp-content\\\/uploads\\\/2017\\\/07\\\/3-300x172.png\"},{\"@type\":\"BreadcrumbList\",\"@id\":\"https:\\\/\\\/tinctoriales.com\\\/a-propos-de\\\/teintures-naturelles\\\/contact\\\/#breadcrumb\",\"itemListElement\":[{\"@type\":\"ListItem\",\"position\":1,\"name\":\"Accueil\",\"item\":\"https:\\\/\\\/tinctoriales.com\\\/\"},{\"@type\":\"ListItem\",\"position\":2,\"name\":\"\u00c0 propos de&#8230; autour du monde\",\"item\":\"https:\\\/\\\/tinctoriales.com\\\/a-propos-de\\\/\"},{\"@type\":\"ListItem\",\"position\":3,\"name\":\"Teintures naturelles &#8211; Accueil\",\"item\":\"https:\\\/\\\/tinctoriales.com\\\/\"},{\"@type\":\"ListItem\",\"position\":4,\"name\":\"Contact\"}]},{\"@type\":\"WebSite\",\"@id\":\"https:\\\/\\\/tinctoriales.com\\\/#website\",\"url\":\"https:\\\/\\\/tinctoriales.com\\\/\",\"name\":\"Tinctoriales.com\",\"description\":\"Vive les teintures naturelles ! Viva los te\u00f1idos naturales! Hello Natural Dyeing!\",\"publisher\":{\"@id\":\"https:\\\/\\\/tinctoriales.com\\\/#\\\/schema\\\/person\\\/bb664fe45c7efc0790e098c706b83be2\"},\"potentialAction\":[{\"@type\":\"SearchAction\",\"target\":{\"@type\":\"EntryPoint\",\"urlTemplate\":\"https:\\\/\\\/tinctoriales.com\\\/?s={search_term_string}\"},\"query-input\":{\"@type\":\"PropertyValueSpecification\",\"valueRequired\":true,\"valueName\":\"search_term_string\"}}],\"inLanguage\":\"en-US\"},{\"@type\":[\"Person\",\"Organization\"],\"@id\":\"https:\\\/\\\/tinctoriales.com\\\/#\\\/schema\\\/person\\\/bb664fe45c7efc0790e098c706b83be2\",\"name\":\"Francoise Raffi - La Francesa Bigotuda\",\"image\":{\"@type\":\"ImageObject\",\"inLanguage\":\"en-US\",\"@id\":\"https:\\\/\\\/i0.wp.com\\\/tinctoriales.com\\\/wp-content\\\/uploads\\\/2023\\\/05\\\/wwwtinctoriales-teintures-naturelles.webp?fit=1650%2C1020&ssl=1\",\"url\":\"https:\\\/\\\/i0.wp.com\\\/tinctoriales.com\\\/wp-content\\\/uploads\\\/2023\\\/05\\\/wwwtinctoriales-teintures-naturelles.webp?fit=1650%2C1020&ssl=1\",\"contentUrl\":\"https:\\\/\\\/i0.wp.com\\\/tinctoriales.com\\\/wp-content\\\/uploads\\\/2023\\\/05\\\/wwwtinctoriales-teintures-naturelles.webp?fit=1650%2C1020&ssl=1\",\"width\":1650,\"height\":1020,\"caption\":\"Francoise Raffi - La Francesa Bigotuda\"},\"logo\":{\"@id\":\"https:\\\/\\\/i0.wp.com\\\/tinctoriales.com\\\/wp-content\\\/uploads\\\/2023\\\/05\\\/wwwtinctoriales-teintures-naturelles.webp?fit=1650%2C1020&ssl=1\"},\"description\":\"Artisane textile, tisserande, teinturi\u00e8re, vivant depuis plus de 20 ans au Chili, je travaille avec des teintures naturelles depuis plus de dix ans. J'ai particip\u00e9 \u00e0 plusieurs s\u00e9minaires internationaux (ISEND Kuching, IFND Taiwan et derni\u00e8rement IFPECO \u00e0 Madagascar) Je tisse, tricote ou feutre les fibres teintes. Je propose des formations aux teintures naturelles adapt\u00e9es au lieu. Artesana textil, tejedora, tintorera, viviendo desde m\u00e1s de 20 a\u00f1os en Chile, trabajo con te\u00f1idos naturales desde m\u00e1s de diez a\u00f1os. He participado a varios seminarios internacionales (ISEND Kuching, IFND Taiwan y ultimamente IFPECO en Madagascar). Tejo o afieltro las fibras te\u00f1idas. Propongo formaciones, capacitaciones, talleres de te\u00f1ido natural adaptadas al lugar.\",\"sameAs\":[\"http:\\\/\\\/www.tinctoriales.com\",\"https:\\\/\\\/www.facebook.com\\\/francoisegabrielle.raffi\",\"https:\\\/\\\/www.instagram.com\\\/tinctoriales.com_www\",\"https:\\\/\\\/www.linkedin.com\\\/francoisegabrielleraffi\",\"https:\\\/\\\/www.pinterest.com\\\/@publicobre2000\",\"https:\\\/\\\/x.com\\\/FrancoiseRaffi\"]}]}<\/script>\n<!-- \/ Yoast SEO plugin. -->","yoast_head_json":{"title":"Contact - tinctoriales","robots":{"index":"index","follow":"follow","max-snippet":"max-snippet:-1","max-image-preview":"max-image-preview:large","max-video-preview":"max-video-preview:-1"},"canonical":"https:\/\/tinctoriales.com\/a-propos-de\/teintures-naturelles\/contact\/","og_locale":"en_US","og_type":"article","og_title":"Contact - tinctoriales","og_url":"https:\/\/tinctoriales.com\/a-propos-de\/teintures-naturelles\/contact\/","og_site_name":"tinctoriales","article_publisher":"https:\/\/www.facebook.com\/francoisegabrielle.raffi","article_modified_time":"2017-12-27T02:26:51+00:00","og_image":[{"url":"http:\/\/tinctoriales.com\/wp-content\/uploads\/2017\/07\/3-300x172.png","type":"","width":"","height":""}],"twitter_card":"summary_large_image","twitter_site":"@FrancoiseRaffi","twitter_misc":{"Est. reading time":"1 minute"},"schema":{"@context":"https:\/\/schema.org","@graph":[{"@type":"WebPage","@id":"https:\/\/tinctoriales.com\/a-propos-de\/teintures-naturelles\/contact\/","url":"https:\/\/tinctoriales.com\/a-propos-de\/teintures-naturelles\/contact\/","name":"Contact - tinctoriales","isPartOf":{"@id":"https:\/\/tinctoriales.com\/#website"},"primaryImageOfPage":{"@id":"https:\/\/tinctoriales.com\/a-propos-de\/teintures-naturelles\/contact\/#primaryimage"},"image":{"@id":"https:\/\/tinctoriales.com\/a-propos-de\/teintures-naturelles\/contact\/#primaryimage"},"thumbnailUrl":"http:\/\/tinctoriales.com\/wp-content\/uploads\/2017\/07\/3-300x172.png","datePublished":"2017-07-03T17:27:22+00:00","dateModified":"2017-12-27T02:26:51+00:00","description":"Contact, voici toutes les informations, je reste \u00e0 votre disposition pour tout renseignement compl\u00e9mentaire, afin de d\u00e9velopper les teintures naturelles","breadcrumb":{"@id":"https:\/\/tinctoriales.com\/a-propos-de\/teintures-naturelles\/contact\/#breadcrumb"},"inLanguage":"en-US","potentialAction":[{"@type":"ReadAction","target":["https:\/\/tinctoriales.com\/a-propos-de\/teintures-naturelles\/contact\/"]}]},{"@type":"ImageObject","inLanguage":"en-US","@id":"https:\/\/tinctoriales.com\/a-propos-de\/teintures-naturelles\/contact\/#primaryimage","url":"http:\/\/tinctoriales.com\/wp-content\/uploads\/2017\/07\/3-300x172.png","contentUrl":"http:\/\/tinctoriales.com\/wp-content\/uploads\/2017\/07\/3-300x172.png"},{"@type":"BreadcrumbList","@id":"https:\/\/tinctoriales.com\/a-propos-de\/teintures-naturelles\/contact\/#breadcrumb","itemListElement":[{"@type":"ListItem","position":1,"name":"Accueil","item":"https:\/\/tinctoriales.com\/"},{"@type":"ListItem","position":2,"name":"\u00c0 propos de&#8230; autour du monde","item":"https:\/\/tinctoriales.com\/a-propos-de\/"},{"@type":"ListItem","position":3,"name":"Teintures naturelles &#8211; Accueil","item":"https:\/\/tinctoriales.com\/"},{"@type":"ListItem","position":4,"name":"Contact"}]},{"@type":"WebSite","@id":"https:\/\/tinctoriales.com\/#website","url":"https:\/\/tinctoriales.com\/","name":"Tinctoriales.com","description":"Vive les teintures naturelles ! Viva los te\u00f1idos naturales! Hello Natural Dyeing!","publisher":{"@id":"https:\/\/tinctoriales.com\/#\/schema\/person\/bb664fe45c7efc0790e098c706b83be2"},"potentialAction":[{"@type":"SearchAction","target":{"@type":"EntryPoint","urlTemplate":"https:\/\/tinctoriales.com\/?s={search_term_string}"},"query-input":{"@type":"PropertyValueSpecification","valueRequired":true,"valueName":"search_term_string"}}],"inLanguage":"en-US"},{"@type":["Person","Organization"],"@id":"https:\/\/tinctoriales.com\/#\/schema\/person\/bb664fe45c7efc0790e098c706b83be2","name":"Francoise Raffi - La Francesa Bigotuda","image":{"@type":"ImageObject","inLanguage":"en-US","@id":"https:\/\/i0.wp.com\/tinctoriales.com\/wp-content\/uploads\/2023\/05\/wwwtinctoriales-teintures-naturelles.webp?fit=1650%2C1020&ssl=1","url":"https:\/\/i0.wp.com\/tinctoriales.com\/wp-content\/uploads\/2023\/05\/wwwtinctoriales-teintures-naturelles.webp?fit=1650%2C1020&ssl=1","contentUrl":"https:\/\/i0.wp.com\/tinctoriales.com\/wp-content\/uploads\/2023\/05\/wwwtinctoriales-teintures-naturelles.webp?fit=1650%2C1020&ssl=1","width":1650,"height":1020,"caption":"Francoise Raffi - La Francesa Bigotuda"},"logo":{"@id":"https:\/\/i0.wp.com\/tinctoriales.com\/wp-content\/uploads\/2023\/05\/wwwtinctoriales-teintures-naturelles.webp?fit=1650%2C1020&ssl=1"},"description":"Artisane textile, tisserande, teinturi\u00e8re, vivant depuis plus de 20 ans au Chili, je travaille avec des teintures naturelles depuis plus de dix ans. J'ai particip\u00e9 \u00e0 plusieurs s\u00e9minaires internationaux (ISEND Kuching, IFND Taiwan et derni\u00e8rement IFPECO \u00e0 Madagascar) Je tisse, tricote ou feutre les fibres teintes. Je propose des formations aux teintures naturelles adapt\u00e9es au lieu. Artesana textil, tejedora, tintorera, viviendo desde m\u00e1s de 20 a\u00f1os en Chile, trabajo con te\u00f1idos naturales desde m\u00e1s de diez a\u00f1os. He participado a varios seminarios internacionales (ISEND Kuching, IFND Taiwan y ultimamente IFPECO en Madagascar). Tejo o afieltro las fibras te\u00f1idas. Propongo formaciones, capacitaciones, talleres de te\u00f1ido natural adaptadas al lugar.","sameAs":["http:\/\/www.tinctoriales.com","https:\/\/www.facebook.com\/francoisegabrielle.raffi","https:\/\/www.instagram.com\/tinctoriales.com_www","https:\/\/www.linkedin.com\/francoisegabrielleraffi","https:\/\/www.pinterest.com\/@publicobre2000","https:\/\/x.com\/FrancoiseRaffi"]}]}},"campaignId":"","_links":{"self":[{"href":"https:\/\/tinctoriales.com\/en\/wp-json\/wp\/v2\/pages\/11","targetHints":{"allow":["GET"]}}],"collection":[{"href":"https:\/\/tinctoriales.com\/en\/wp-json\/wp\/v2\/pages"}],"about":[{"href":"https:\/\/tinctoriales.com\/en\/wp-json\/wp\/v2\/types\/page"}],"author":[{"embeddable":true,"href":"https:\/\/tinctoriales.com\/en\/wp-json\/wp\/v2\/users\/1"}],"replies":[{"embeddable":true,"href":"https:\/\/tinctoriales.com\/en\/wp-json\/wp\/v2\/comments?post=11"}],"version-history":[{"count":0,"href":"https:\/\/tinctoriales.com\/en\/wp-json\/wp\/v2\/pages\/11\/revisions"}],"up":[{"embeddable":true,"href":"https:\/\/tinctoriales.com\/en\/wp-json\/wp\/v2\/pages\/9"}],"wp:attachment":[{"href":"https:\/\/tinctoriales.com\/en\/wp-json\/wp\/v2\/media?parent=11"}],"curies":[{"name":"wp","href":"https:\/\/api.w.org\/{rel}","templated":true}]}}