{"id":419,"date":"2017-07-23T19:10:36","date_gmt":"2017-07-23T17:10:36","guid":{"rendered":"http:\/\/tinctoriales.com\/boutique\/"},"modified":"2021-01-10T11:34:58","modified_gmt":"2021-01-10T10:34:58","slug":"boutique","status":"publish","type":"page","link":"https:\/\/tinctoriales.com\/en\/boutique\/","title":{"rendered":"Boutique"},"content":{"rendered":"<figure id=\"attachment_37\" aria-describedby=\"caption-attachment-37\" style=\"width: 300px\" class=\"wp-caption alignnone\"><img loading=\"lazy\" decoding=\"async\" class=\"wp-image-37 size-medium\" src=\"http:\/\/tinctoriales.com\/wp-content\/uploads\/2017\/07\/2-300x151.png\" alt=\"Laines teintes avec des plantes \u00e0 Mami\u00f1a Grande pi\u00e8ce de feutre (vendue)\" width=\"300\" height=\"151\" srcset=\"https:\/\/tinctoriales.com\/wp-content\/uploads\/2017\/07\/2-300x151.png 300w, https:\/\/tinctoriales.com\/wp-content\/uploads\/2017\/07\/2-350x176.png 350w, https:\/\/tinctoriales.com\/wp-content\/uploads\/2017\/07\/2-768x385.png 768w, https:\/\/tinctoriales.com\/wp-content\/uploads\/2017\/07\/2.png 831w\" sizes=\"auto, (max-width: 300px) 100vw, 300px\" \/><figcaption id=\"caption-attachment-37\" class=\"wp-caption-text\">Laines teintes avec des plantes \u00e0 Mami\u00f1a Grande pi\u00e8ce de feutre (vendue)<\/figcaption><\/figure>\n<h2>La Boutique<\/h2>\n<p>Une boutique virtuelle est devenue n\u00e9cessaire. Pour se maintenir \u00e0\u00a0 flot ce site \u00e0 besoin de ressources. D&#8217;autre part, cela n&#8217;a pas\u00a0 beaucoup de sens de teindre, tisser et tricoter et entasser tout cela. D&#8217;autant plus que je pr\u00e9vois un <a href=\"http:\/\/tinctoriales.com\/le-grand-projet\/\">tour du monde,<\/a> je ne peux pas le faire avec 10 valises d&#8217;artisanat, \u00e0 chaque \u00e9tape je d\u00e9couvre de nouveaux mat\u00e9riaux, des livres et je continue \u00e0 produire.<\/p>\n<h3>Vente virtuelle<\/h3>\n<p>La vente en magasin et lors de foires-expositions a ses limites. Je me suis donc d\u00e9cid\u00e9e \u00e0 cr\u00e9er cette e-boutique.<\/p>\n<p>Pour le moment, je suis en France, je vous expose seulement ce que j&#8217;ai avec moi. Lors de mon retour au Chili, \u00e0 une date encore impr\u00e9visible, je vous proposerai beaucoup plus.<\/p>\n<p>Ma boutique sur ce site ne fonctionne pas, suite \u00e0 une s\u00e9rie de difficult\u00e9s. Mais, je viens d&#8217;ouvrir une <a href=\"https:\/\/www.etsy.com\/fr\/shop\/LaFrancesaBigotuda\" target=\"_blank\" rel=\"noopener noreferrer\">e-boutique sur Etsy<\/a>.<\/p>\n<h3>Mes produits de la boutique<\/h3>\n<p>Chaque pi\u00e8ce est unique. Je ne sais pas me copier.<\/p>\n<p>Je travaille le feutre, je tisse avec diff\u00e9rents types de m\u00e9tiers \u00e0 tisser, je tricote au crochet et bien s\u00fbr je combine toutes les techniques, en incrustations, en applications, en unions&#8230; J&#8217;utilise toutes les fibres qui me tombe sous la main, si possible naturelles (en effet, le temps pass\u00e9 est pratiquement le m\u00eame que soit du plastique ou une fibre plus noble, alors je privil\u00e9gie la qualit\u00e9).<\/p>\n<p>Je suis toujours \u00e0 la recherche de nouvelles techniques, je parcours les mus\u00e9es et lis beaucoup, puis essaye d&#8217;appliquer ce que j&#8217;ai vu \u00e0 ma mani\u00e8re.<\/p>\n<p>Le plus simple est de regarder, les descriptions sont toujours un peu limit\u00e9es, comme une mauvaise traduction&#8230;. M\u00eame les photos me paraissent un peu fades&#8230; Si vous voulez en savoir plus, voir plus de d\u00e9tails, n&#8217;h\u00e9sitez pas \u00e0 m&#8217;appeler sur mon num\u00e9ro fran\u00e7ais 07 69 905 352 (j&#8217;esp\u00e8re pouvoir r\u00e9tablir mon whatsapp +56 9 764 449 78), pour que je vous envoie plus de photos&#8230;<\/p>\n<p>J&#8217;aimerais savoir ce que vous d\u00e9sireriez voir en priorit\u00e9 : il y a beaucoup de pi\u00e8ces et je vais les inclure petit \u00e0 petit.<\/p>\n<p>[contact-form][contact-field label=&#8217;Nom&#8217; type=&#8217;name&#8217; required=&#8217;1&#8217;\/][contact-field label=&#8217;E-mail&#8217; type=&#8217;email&#8217; required=&#8217;1&#8217;\/][contact-field label=&#8217;Pays&#8217; type=&#8217;text&#8217;\/][contact-field label=&#8217;Site Web&#8217; type=&#8217;url&#8217;\/][contact-field label=&#8217;Commentaire&#8217; type=&#8217;textarea&#8217; required=&#8217;1&#8217;\/][\/contact-form]<\/p>\n<p><span style=\"border-radius: 2px; text-indent: 20px; width: auto; padding: 0px 4px 0px 0px; text-align: center; font: bold 11px\/20px 'Helvetica Neue',Helvetica,sans-serif; color: #ffffff; background: #bd081c no-repeat scroll 3px 50% \/ 14px 14px; position: absolute; opacity: 1; z-index: 8675309; display: none; cursor: pointer;\">Save<\/span><\/p>\n<p><span style=\"border-radius: 2px; text-indent: 20px; width: auto; padding: 0px 4px 0px 0px; text-align: center; font: bold 11px\/20px 'Helvetica Neue',Helvetica,sans-serif; color: #ffffff; background: #bd081c no-repeat scroll 3px 50% \/ 14px 14px; position: absolute; opacity: 1; z-index: 8675309; display: none; cursor: pointer; top: 31px; left: 50px;\">Save<\/span><\/p>\n<p><span style=\"border-radius: 2px; text-indent: 20px; width: auto; padding: 0px 4px 0px 0px; text-align: center; font: bold 11px\/20px 'Helvetica Neue',Helvetica,sans-serif; color: #ffffff; background: #bd081c no-repeat scroll 3px 50% \/ 14px 14px; position: absolute; opacity: 1; z-index: 8675309; display: none; cursor: pointer;\">Save<\/span><\/p>\n<p><span style=\"border-radius: 2px; text-indent: 20px; width: auto; padding: 0px 4px 0px 0px; text-align: center; font: bold 11px\/20px 'Helvetica Neue',Helvetica,sans-serif; color: #ffffff; background: #bd081c no-repeat scroll 3px 50% \/ 14px 14px; position: absolute; opacity: 1; z-index: 8675309; display: none; cursor: pointer;\">Save<\/span><\/p>\n<p><span style=\"border-radius: 2px; text-indent: 20px; width: auto; padding: 0px 4px 0px 0px; text-align: center; font: bold 11px\/20px 'Helvetica Neue',Helvetica,sans-serif; color: #ffffff; background: #bd081c no-repeat scroll 3px 50% \/ 14px 14px; position: absolute; opacity: 1; z-index: 8675309; display: none; cursor: pointer; top: 31px; left: 50px;\">Save<\/span><\/p>\n<p><span style=\"border-radius: 2px; text-indent: 20px; width: auto; padding: 0px 4px 0px 0px; text-align: center; font: bold 11px\/20px 'Helvetica Neue',Helvetica,sans-serif; color: #ffffff; background: #bd081c no-repeat scroll 3px 50% \/ 14px 14px; position: absolute; opacity: 1; z-index: 8675309; display: none; cursor: pointer;\">Save<\/span><\/p>\n<p><span style=\"border-radius: 2px; text-indent: 20px; width: auto; padding: 0px 4px 0px 0px; text-align: center; font: bold 11px\/20px 'Helvetica Neue',Helvetica,sans-serif; color: #ffffff; background: #bd081c no-repeat scroll 3px 50% \/ 14px 14px; position: absolute; opacity: 1; z-index: 8675309; display: none; cursor: pointer;\">Save<\/span><\/p>\n<p><span style=\"border-radius: 2px; text-indent: 20px; width: auto; padding: 0px 4px 0px 0px; text-align: center; font: bold 11px\/20px 'Helvetica Neue',Helvetica,sans-serif; color: #ffffff; background: #bd081c no-repeat scroll 3px 50% \/ 14px 14px; position: absolute; opacity: 1; z-index: 8675309; display: none; cursor: pointer;\">Save<\/span><\/p>\n<p><span style=\"border-radius: 2px; text-indent: 20px; width: auto; padding: 0px 4px 0px 0px; text-align: center; font: bold 11px\/20px 'Helvetica Neue',Helvetica,sans-serif; color: #ffffff; background: #bd081c no-repeat scroll 3px 50% \/ 14px 14px; position: absolute; opacity: 1; z-index: 8675309; display: none; cursor: pointer;\">Save<\/span><\/p>\n<p><span style=\"border-radius: 2px; text-indent: 20px; width: auto; padding: 0px 4px 0px 0px; text-align: center; font: bold 11px\/20px 'Helvetica Neue',Helvetica,sans-serif; color: #ffffff; background: #bd081c no-repeat scroll 3px 50% \/ 14px 14px; position: absolute; opacity: 1; z-index: 8675309; display: none; cursor: pointer;\">Save<\/span><\/p>\n<p><span style=\"border-radius: 2px; text-indent: 20px; width: auto; padding: 0px 4px 0px 0px; text-align: center; font: bold 11px\/20px 'Helvetica Neue',Helvetica,sans-serif; color: #ffffff; background: #bd081c  no-repeat scroll 3px 50% \/ 14px 14px; position: absolute; opacity: 1; z-index: 8675309; display: none; cursor: pointer; top: 31px; left: 50px;\">Save<\/span><\/p>\n<div style=\"margin-top: 0px; margin-bottom: 0px;\" class=\"sharethis-inline-share-buttons\" ><\/div>","protected":false},"excerpt":{"rendered":"<p>La Boutique Une boutique virtuelle est devenue n\u00e9cessaire. Pour se maintenir \u00e0\u00a0 flot ce site \u00e0 besoin de ressources. D&#8217;autre part, cela n&#8217;a pas\u00a0 beaucoup de sens de teindre, tisser et tricoter et entasser tout cela. D&#8217;autant plus que je pr\u00e9vois un tour du monde, je ne peux pas le faire avec 10 valises d&#8217;artisanat, &hellip; <a href=\"https:\/\/tinctoriales.com\/en\/boutique\/\" class=\"more-link\">Continue reading <span class=\"screen-reader-text\">Boutique<\/span><\/a><\/p>\n","protected":false},"author":1,"featured_media":17576,"parent":0,"menu_order":0,"comment_status":"closed","ping_status":"closed","template":"","meta":{"give_campaign_id":0,"_joinchat":[],"footnotes":""},"class_list":["post-419","page","type-page","status-publish","has-post-thumbnail","hentry"],"translation":{"provider":"WPGlobus","version":"3.0.2","language":"en","enabled_languages":["fr","en","es"],"languages":{"fr":{"title":true,"content":true,"excerpt":false},"en":{"title":false,"content":false,"excerpt":false},"es":{"title":true,"content":true,"excerpt":false}}},"yoast_head":"<!-- This site is optimized with the Yoast SEO plugin v27.5 - https:\/\/yoast.com\/product\/yoast-seo-wordpress\/ -->\n<title>Pages Archive - tinctoriales<\/title>\n<meta name=\"robots\" content=\"index, follow, max-snippet:-1, max-image-preview:large, max-video-preview:-1\" \/>\n<link rel=\"canonical\" href=\"https:\/\/tinctoriales.com\/boutique\/\" \/>\n<meta property=\"og:locale\" content=\"en_US\" \/>\n<meta property=\"og:type\" content=\"article\" \/>\n<meta property=\"og:title\" content=\"- tinctoriales\" \/>\n<meta property=\"og:url\" content=\"https:\/\/tinctoriales.com\/boutique\/\" \/>\n<meta property=\"og:site_name\" content=\"tinctoriales\" \/>\n<meta property=\"article:publisher\" content=\"https:\/\/www.facebook.com\/francoisegabrielle.raffi\" \/>\n<meta property=\"article:modified_time\" content=\"2021-01-10T10:34:58+00:00\" \/>\n<meta property=\"og:image\" content=\"https:\/\/i0.wp.com\/tinctoriales.com\/wp-content\/uploads\/2019\/07\/IMG_20190408_124353694.jpg?fit=2048%2C1152&ssl=1\" \/>\n\t<meta property=\"og:image:width\" content=\"2048\" \/>\n\t<meta property=\"og:image:height\" content=\"1152\" \/>\n\t<meta property=\"og:image:type\" content=\"image\/jpeg\" \/>\n<meta name=\"twitter:card\" content=\"summary_large_image\" \/>\n<meta name=\"twitter:site\" content=\"@FrancoiseRaffi\" \/>\n<meta name=\"twitter:label1\" content=\"Est. reading time\" \/>\n\t<meta name=\"twitter:data1\" content=\"4 minutes\" \/>\n<script type=\"application\/ld+json\" class=\"yoast-schema-graph\">{\"@context\":\"https:\\\/\\\/schema.org\",\"@graph\":[{\"@type\":\"WebPage\",\"@id\":\"https:\\\/\\\/tinctoriales.com\\\/boutique\\\/\",\"url\":\"https:\\\/\\\/tinctoriales.com\\\/boutique\\\/\",\"name\":\"Pages Archive - tinctoriales\",\"isPartOf\":{\"@id\":\"https:\\\/\\\/tinctoriales.com\\\/#website\"},\"primaryImageOfPage\":{\"@id\":\"https:\\\/\\\/tinctoriales.com\\\/boutique\\\/#primaryimage\"},\"image\":{\"@id\":\"https:\\\/\\\/tinctoriales.com\\\/boutique\\\/#primaryimage\"},\"thumbnailUrl\":\"https:\\\/\\\/tinctoriales.com\\\/wp-content\\\/uploads\\\/2019\\\/07\\\/IMG_20190408_124353694.jpg\",\"datePublished\":\"2017-07-23T17:10:36+00:00\",\"dateModified\":\"2021-01-10T10:34:58+00:00\",\"description\":\"Voici l'acc\u00e8s \u00e0 ma boutique virtuelle pour d\u00e9couvrir concr\u00e8tement mes travaux, je vous y attends avec impatience, d\u00e9p\u00eachez-vous...\",\"breadcrumb\":{\"@id\":\"https:\\\/\\\/tinctoriales.com\\\/boutique\\\/#breadcrumb\"},\"inLanguage\":\"en-US\",\"potentialAction\":[{\"@type\":\"ReadAction\",\"target\":[\"https:\\\/\\\/tinctoriales.com\\\/boutique\\\/\"]}]},{\"@type\":\"ImageObject\",\"inLanguage\":\"en-US\",\"@id\":\"https:\\\/\\\/tinctoriales.com\\\/boutique\\\/#primaryimage\",\"url\":\"https:\\\/\\\/tinctoriales.com\\\/wp-content\\\/uploads\\\/2019\\\/07\\\/IMG_20190408_124353694.jpg\",\"contentUrl\":\"https:\\\/\\\/tinctoriales.com\\\/wp-content\\\/uploads\\\/2019\\\/07\\\/IMG_20190408_124353694.jpg\",\"width\":2048,\"height\":1152,\"caption\":\"Test gaze Chancay\"},{\"@type\":\"BreadcrumbList\",\"@id\":\"https:\\\/\\\/tinctoriales.com\\\/boutique\\\/#breadcrumb\",\"itemListElement\":[{\"@type\":\"ListItem\",\"position\":1,\"name\":\"Accueil\",\"item\":\"https:\\\/\\\/tinctoriales.com\\\/\"},{\"@type\":\"ListItem\",\"position\":2,\"name\":\"Boutique\"}]},{\"@type\":\"WebSite\",\"@id\":\"https:\\\/\\\/tinctoriales.com\\\/#website\",\"url\":\"https:\\\/\\\/tinctoriales.com\\\/\",\"name\":\"Tinctoriales.com\",\"description\":\"Vive les teintures naturelles ! Viva los te\u00f1idos naturales! Hello Natural Dyeing!\",\"publisher\":{\"@id\":\"https:\\\/\\\/tinctoriales.com\\\/#\\\/schema\\\/person\\\/bb664fe45c7efc0790e098c706b83be2\"},\"potentialAction\":[{\"@type\":\"SearchAction\",\"target\":{\"@type\":\"EntryPoint\",\"urlTemplate\":\"https:\\\/\\\/tinctoriales.com\\\/?s={search_term_string}\"},\"query-input\":{\"@type\":\"PropertyValueSpecification\",\"valueRequired\":true,\"valueName\":\"search_term_string\"}}],\"inLanguage\":\"en-US\"},{\"@type\":[\"Person\",\"Organization\"],\"@id\":\"https:\\\/\\\/tinctoriales.com\\\/#\\\/schema\\\/person\\\/bb664fe45c7efc0790e098c706b83be2\",\"name\":\"Francoise Raffi - La Francesa Bigotuda\",\"image\":{\"@type\":\"ImageObject\",\"inLanguage\":\"en-US\",\"@id\":\"https:\\\/\\\/i0.wp.com\\\/tinctoriales.com\\\/wp-content\\\/uploads\\\/2023\\\/05\\\/wwwtinctoriales-teintures-naturelles.webp?fit=1650%2C1020&ssl=1\",\"url\":\"https:\\\/\\\/i0.wp.com\\\/tinctoriales.com\\\/wp-content\\\/uploads\\\/2023\\\/05\\\/wwwtinctoriales-teintures-naturelles.webp?fit=1650%2C1020&ssl=1\",\"contentUrl\":\"https:\\\/\\\/i0.wp.com\\\/tinctoriales.com\\\/wp-content\\\/uploads\\\/2023\\\/05\\\/wwwtinctoriales-teintures-naturelles.webp?fit=1650%2C1020&ssl=1\",\"width\":1650,\"height\":1020,\"caption\":\"Francoise Raffi - La Francesa Bigotuda\"},\"logo\":{\"@id\":\"https:\\\/\\\/i0.wp.com\\\/tinctoriales.com\\\/wp-content\\\/uploads\\\/2023\\\/05\\\/wwwtinctoriales-teintures-naturelles.webp?fit=1650%2C1020&ssl=1\"},\"description\":\"Artisane textile, tisserande, teinturi\u00e8re, vivant depuis plus de 20 ans au Chili, je travaille avec des teintures naturelles depuis plus de dix ans. J'ai particip\u00e9 \u00e0 plusieurs s\u00e9minaires internationaux (ISEND Kuching, IFND Taiwan et derni\u00e8rement IFPECO \u00e0 Madagascar) Je tisse, tricote ou feutre les fibres teintes. Je propose des formations aux teintures naturelles adapt\u00e9es au lieu. Artesana textil, tejedora, tintorera, viviendo desde m\u00e1s de 20 a\u00f1os en Chile, trabajo con te\u00f1idos naturales desde m\u00e1s de diez a\u00f1os. He participado a varios seminarios internacionales (ISEND Kuching, IFND Taiwan y ultimamente IFPECO en Madagascar). Tejo o afieltro las fibras te\u00f1idas. Propongo formaciones, capacitaciones, talleres de te\u00f1ido natural adaptadas al lugar.\",\"sameAs\":[\"http:\\\/\\\/www.tinctoriales.com\",\"https:\\\/\\\/www.facebook.com\\\/francoisegabrielle.raffi\",\"https:\\\/\\\/www.instagram.com\\\/tinctoriales.com_www\",\"https:\\\/\\\/www.linkedin.com\\\/francoisegabrielleraffi\",\"https:\\\/\\\/www.pinterest.com\\\/@publicobre2000\",\"https:\\\/\\\/x.com\\\/FrancoiseRaffi\"]}]}<\/script>\n<!-- \/ Yoast SEO plugin. -->","yoast_head_json":{"title":"Pages Archive - tinctoriales","robots":{"index":"index","follow":"follow","max-snippet":"max-snippet:-1","max-image-preview":"max-image-preview:large","max-video-preview":"max-video-preview:-1"},"canonical":"https:\/\/tinctoriales.com\/boutique\/","og_locale":"en_US","og_type":"article","og_title":"- tinctoriales","og_url":"https:\/\/tinctoriales.com\/boutique\/","og_site_name":"tinctoriales","article_publisher":"https:\/\/www.facebook.com\/francoisegabrielle.raffi","article_modified_time":"2021-01-10T10:34:58+00:00","og_image":[{"width":2048,"height":1152,"url":"https:\/\/i0.wp.com\/tinctoriales.com\/wp-content\/uploads\/2019\/07\/IMG_20190408_124353694.jpg?fit=2048%2C1152&ssl=1","type":"image\/jpeg"}],"twitter_card":"summary_large_image","twitter_site":"@FrancoiseRaffi","twitter_misc":{"Est. reading time":"4 minutes"},"schema":{"@context":"https:\/\/schema.org","@graph":[{"@type":"WebPage","@id":"https:\/\/tinctoriales.com\/boutique\/","url":"https:\/\/tinctoriales.com\/boutique\/","name":"Pages Archive - tinctoriales","isPartOf":{"@id":"https:\/\/tinctoriales.com\/#website"},"primaryImageOfPage":{"@id":"https:\/\/tinctoriales.com\/boutique\/#primaryimage"},"image":{"@id":"https:\/\/tinctoriales.com\/boutique\/#primaryimage"},"thumbnailUrl":"https:\/\/tinctoriales.com\/wp-content\/uploads\/2019\/07\/IMG_20190408_124353694.jpg","datePublished":"2017-07-23T17:10:36+00:00","dateModified":"2021-01-10T10:34:58+00:00","description":"Voici l'acc\u00e8s \u00e0 ma boutique virtuelle pour d\u00e9couvrir concr\u00e8tement mes travaux, je vous y attends avec impatience, d\u00e9p\u00eachez-vous...","breadcrumb":{"@id":"https:\/\/tinctoriales.com\/boutique\/#breadcrumb"},"inLanguage":"en-US","potentialAction":[{"@type":"ReadAction","target":["https:\/\/tinctoriales.com\/boutique\/"]}]},{"@type":"ImageObject","inLanguage":"en-US","@id":"https:\/\/tinctoriales.com\/boutique\/#primaryimage","url":"https:\/\/tinctoriales.com\/wp-content\/uploads\/2019\/07\/IMG_20190408_124353694.jpg","contentUrl":"https:\/\/tinctoriales.com\/wp-content\/uploads\/2019\/07\/IMG_20190408_124353694.jpg","width":2048,"height":1152,"caption":"Test gaze Chancay"},{"@type":"BreadcrumbList","@id":"https:\/\/tinctoriales.com\/boutique\/#breadcrumb","itemListElement":[{"@type":"ListItem","position":1,"name":"Accueil","item":"https:\/\/tinctoriales.com\/"},{"@type":"ListItem","position":2,"name":"Boutique"}]},{"@type":"WebSite","@id":"https:\/\/tinctoriales.com\/#website","url":"https:\/\/tinctoriales.com\/","name":"Tinctoriales.com","description":"Vive les teintures naturelles ! Viva los te\u00f1idos naturales! Hello Natural Dyeing!","publisher":{"@id":"https:\/\/tinctoriales.com\/#\/schema\/person\/bb664fe45c7efc0790e098c706b83be2"},"potentialAction":[{"@type":"SearchAction","target":{"@type":"EntryPoint","urlTemplate":"https:\/\/tinctoriales.com\/?s={search_term_string}"},"query-input":{"@type":"PropertyValueSpecification","valueRequired":true,"valueName":"search_term_string"}}],"inLanguage":"en-US"},{"@type":["Person","Organization"],"@id":"https:\/\/tinctoriales.com\/#\/schema\/person\/bb664fe45c7efc0790e098c706b83be2","name":"Francoise Raffi - La Francesa Bigotuda","image":{"@type":"ImageObject","inLanguage":"en-US","@id":"https:\/\/i0.wp.com\/tinctoriales.com\/wp-content\/uploads\/2023\/05\/wwwtinctoriales-teintures-naturelles.webp?fit=1650%2C1020&ssl=1","url":"https:\/\/i0.wp.com\/tinctoriales.com\/wp-content\/uploads\/2023\/05\/wwwtinctoriales-teintures-naturelles.webp?fit=1650%2C1020&ssl=1","contentUrl":"https:\/\/i0.wp.com\/tinctoriales.com\/wp-content\/uploads\/2023\/05\/wwwtinctoriales-teintures-naturelles.webp?fit=1650%2C1020&ssl=1","width":1650,"height":1020,"caption":"Francoise Raffi - La Francesa Bigotuda"},"logo":{"@id":"https:\/\/i0.wp.com\/tinctoriales.com\/wp-content\/uploads\/2023\/05\/wwwtinctoriales-teintures-naturelles.webp?fit=1650%2C1020&ssl=1"},"description":"Artisane textile, tisserande, teinturi\u00e8re, vivant depuis plus de 20 ans au Chili, je travaille avec des teintures naturelles depuis plus de dix ans. J'ai particip\u00e9 \u00e0 plusieurs s\u00e9minaires internationaux (ISEND Kuching, IFND Taiwan et derni\u00e8rement IFPECO \u00e0 Madagascar) Je tisse, tricote ou feutre les fibres teintes. Je propose des formations aux teintures naturelles adapt\u00e9es au lieu. Artesana textil, tejedora, tintorera, viviendo desde m\u00e1s de 20 a\u00f1os en Chile, trabajo con te\u00f1idos naturales desde m\u00e1s de diez a\u00f1os. He participado a varios seminarios internacionales (ISEND Kuching, IFND Taiwan y ultimamente IFPECO en Madagascar). Tejo o afieltro las fibras te\u00f1idas. Propongo formaciones, capacitaciones, talleres de te\u00f1ido natural adaptadas al lugar.","sameAs":["http:\/\/www.tinctoriales.com","https:\/\/www.facebook.com\/francoisegabrielle.raffi","https:\/\/www.instagram.com\/tinctoriales.com_www","https:\/\/www.linkedin.com\/francoisegabrielleraffi","https:\/\/www.pinterest.com\/@publicobre2000","https:\/\/x.com\/FrancoiseRaffi"]}]}},"campaignId":"","_links":{"self":[{"href":"https:\/\/tinctoriales.com\/en\/wp-json\/wp\/v2\/pages\/419","targetHints":{"allow":["GET"]}}],"collection":[{"href":"https:\/\/tinctoriales.com\/en\/wp-json\/wp\/v2\/pages"}],"about":[{"href":"https:\/\/tinctoriales.com\/en\/wp-json\/wp\/v2\/types\/page"}],"author":[{"embeddable":true,"href":"https:\/\/tinctoriales.com\/en\/wp-json\/wp\/v2\/users\/1"}],"replies":[{"embeddable":true,"href":"https:\/\/tinctoriales.com\/en\/wp-json\/wp\/v2\/comments?post=419"}],"version-history":[{"count":0,"href":"https:\/\/tinctoriales.com\/en\/wp-json\/wp\/v2\/pages\/419\/revisions"}],"wp:featuredmedia":[{"embeddable":true,"href":"https:\/\/tinctoriales.com\/en\/wp-json\/wp\/v2\/media\/17576"}],"wp:attachment":[{"href":"https:\/\/tinctoriales.com\/en\/wp-json\/wp\/v2\/media?parent=419"}],"curies":[{"name":"wp","href":"https:\/\/api.w.org\/{rel}","templated":true}]}}