{"id":10,"date":"2017-07-03T19:27:22","date_gmt":"2017-07-03T17:27:22","guid":{"rendered":"http:\/\/tinctoriales.com\/?page_id=10"},"modified":"2023-05-09T00:09:38","modified_gmt":"2023-05-08T22:09:38","slug":"a-propos-de","status":"publish","type":"page","link":"https:\/\/tinctoriales.com\/es\/a-propos-de\/","title":{"rendered":"Vuelta del mundo"},"content":{"rendered":"<figure id=\"attachment_42\" aria-describedby=\"caption-attachment-42\" style=\"width: 300px\" class=\"wp-caption alignnone\"><img loading=\"lazy\" decoding=\"async\" class=\"wp-image-42 size-medium\" src=\"http:\/\/tinctoriales.com\/wp-content\/uploads\/2017\/07\/3-300x172.png\" alt=\"Taller de te\u00f1ido natural con Sebastiana, Raquel y algunas m\u00e1s de Kespi Kala en Mami\u00f1a, Chile\" width=\"300\" height=\"172\" srcset=\"https:\/\/tinctoriales.com\/wp-content\/uploads\/2017\/07\/3-300x172.png 300w, https:\/\/tinctoriales.com\/wp-content\/uploads\/2017\/07\/3-350x201.png 350w, https:\/\/tinctoriales.com\/wp-content\/uploads\/2017\/07\/3-768x440.png 768w, https:\/\/tinctoriales.com\/wp-content\/uploads\/2017\/07\/3.png 963w\" sizes=\"auto, (max-width: 300px) 100vw, 300px\" \/><figcaption id=\"caption-attachment-42\" class=\"wp-caption-text\">Taller de te\u00f1ido natural con Sebastiana, Raquel y algunas m\u00e1s de Kespi Kala en Mami\u00f1a, Chile<\/figcaption><\/figure>\n<p><span lang=\"es-ES\">Hola,<\/span><\/p>\n<p>Se adjunta mi <a href=\"http:\/\/tinctoriales.com\/es\/cv\/\">hoja de vida<\/a> (en mi sitio WEB: <a href=\"http:\/\/www.tinctoria.com\/\">www.tinctoria.com<\/a><span lang=\"es-ES\">), que no es como la cl\u00e1sica &#8230; especialista en tintes naturales, que me da la oportunidad de crear un Pueblito de talleres artesanales y ecol\u00f3gicos en Conc\u00f3n, en una parcela de 200 hect\u00e1reas cerca de Vi\u00f1a del Mar Chile (pa\u00eds donde vivo desde hace 20 a\u00f1os &#8211; el doble nacionalidad)<\/span><\/p>\n<p>Para cometer s\u00f3lo errores m\u00ednimos del punto de vista ecol\u00f3gicos &#8230; quiero hacer una gira mundial que me permita profundizar mis conocimientos t\u00e9cnicos en los tintes naturales, tejidos, fibras naturales, la producci\u00f3n agroecol\u00f3gica y tradiciones de forma voluntaria y el intercambio de conocimientos t\u00e9cnicos.<\/p>\n<p>Se puede comprobar en <a href=\"http:\/\/www.academia.edu\/\">www.academia.edu<\/a> y <a href=\"http:\/\/www.slideshare.net\/\">www.slideshare.net<\/a> las presentaciones que hice en Simposios internacionales en Kuching, en Taiw\u00e1n y recientemente en Madagascar. Despu\u00e9s de este \u00faltimo simposio, fui 15 d\u00edas con un productor de seda 180 km al sur de Antananarivo, Talata cerca de Antsirabe. De regreso en Francia, he preparado una nueva presentaci\u00f3n de PowerPoint en las discusiones t\u00e9cnicas que hemos tenido. Podr\u00eda prepararse para futuros viajes-estancias similares.<\/p>\n<p>Este viaje puede tomar hasta m\u00e1s de dos a\u00f1os. Actualmente estoy en Francia (con oportunidades de viaje &#8211; si la financiaci\u00f3n lo permite) al 20 de septiembre de 2017, de vuelta a Chile.<\/p>\n<p>Deber\u00eda empezar por el entonces por Moquegua (Per\u00fa), donde el director del Museo de Arqueolog\u00eda me ofreci\u00f3 a organizar la formaci\u00f3n en la Cordillera de artesanas que son el esp\u00edritu de perder sus tradiciones.<\/p>\n<p>Entonces pienso pasar por Argentina (a trav\u00e9s de Bolivia), Santa Fe, donde he realizado talleres (ver mi presentaci\u00f3n en IFPECO Madagascar, mayo de 2017) y tal vez en C\u00f3rdoba, donde tengo un contacto.<\/p>\n<p>Despu\u00e9s de iniciar la aventura a trav\u00e9s de Paraguay, Brasil (agroecolog\u00eda), en la Guayana francesa, todo por transporte terrestre para llegar a El Salvador, donde tengo contacto con una mujer que produce \u00edndigo.<\/p>\n<p>Entonces voy a ir a M\u00e9xico donde tengo un contacto con un consultor especializado en la cochinilla (si es posible, en diciembre de 2017). Ser\u00eda interesante continuar en los EE.UU. y Canad\u00e1 (oportunidad de participar en exposiciones y mejorar mi Ingl\u00e9s que es m\u00e1s literario que pr\u00e1ctico) que, desgraciadamente, no tengo contactos. Luego siguen en la primavera a trav\u00e9s de Islandia, los pa\u00edses n\u00f3rdicos (t\u00e9cnicas de tejido de Viking me interesa mucho, no tengo contacto a\u00fan), Polonia, en Francia, donde viven mis padres.<\/p>\n<p>Me gustar\u00eda continuar con el Magreb, luego hacia abajo a Senegal, Camer\u00fan y Sud\u00e1frica, a trav\u00e9s de Madagascar (donde acabo de participar en un simposio de tintes naturales y donde tengo muchos contactos, tengo una gran cantidad de nueva informaci\u00f3n que aplicar con ellos), de nuevo al Norte a trav\u00e9s de Kenia y Egipto, Jordania (estoy tambi\u00e9n interesado en la arqueolog\u00eda).<\/p>\n<p>Entonces me gustar\u00eda seguir la ruta de la seda. Turqu\u00eda, Armenia, Kazajst\u00e1n, Uzbekist\u00e1n, Kirguizist\u00e1n, Nepal, But\u00e1n, India (4 meses m\u00ednimo, algunos contactos), Bangladesh, Myanmar, Laos, Tailandia, Camboya, Malasia (contactos), Indonesia, Vietnam, China del Sur, Taiw\u00e1n (1 contacto), el norte de china, Mongolia, Corea del Sur, Jap\u00f3n, Filipinas, Nueva Zelanda, Australia, Indonesia, Ceil\u00e1n, Tanzania, Madagascar (contactos), Par\u00eds, Santiago<\/p>\n<p>Para los pa\u00edses donde no tengo contactos, pienso aprovchar de los sistemas woofing, helpstay, couchsurfing &#8230; As\u00ed que podr\u00eda utilizar los medios de transporte terrestre o mar\u00edtimo, que son m\u00e1s econ\u00f3micos, lo har\u00e9. Pero queda por financiar un n\u00famero de aviones y los costos de los boletos incompresibles visados&#8230;<\/p>\n<p>Podr\u00eda usted ayudarme a preparar esta campa\u00f1a micromecenazgo (crowdfunding)?<\/p>\n<p>Fran\u00e7oise Gabrielle Raffi<br \/>\nFacebook: Fran\u00e7oise Gabrielle Raffi &#8211; fanpage: La Francesa Bigotuda<br \/>\nWhatsapp: +56 9764449 78<br \/>\nFree (Francia) 07 69905352<\/p>\n<p><a href=\"http:\/\/www.tinctoriales.com\/\">www.tinctoriales.com<\/a><\/p>\n<p><span style=\"border-radius: 2px; text-indent: 20px; width: auto; padding: 0px 4px 0px 0px; text-align: center; font: bold 11px\/20px 'Helvetica Neue',Helvetica,sans-serif; color: #ffffff; background: #bd081c no-repeat scroll 3px 50% \/ 14px 14px; position: absolute; opacity: 1; z-index: 8675309; display: none; cursor: pointer;\">Save<\/span><\/p>\n<p><span style=\"border-radius: 2px; text-indent: 20px; width: auto; padding: 0px 4px 0px 0px; text-align: center; font: bold 11px\/20px 'Helvetica Neue',Helvetica,sans-serif; color: #ffffff; background: #bd081c no-repeat scroll 3px 50% \/ 14px 14px; position: absolute; opacity: 1; z-index: 8675309; display: none; cursor: pointer;\">Save<\/span><\/p>\n<p><span style=\"border-radius: 2px; text-indent: 20px; width: auto; padding: 0px 4px 0px 0px; text-align: center; font: bold 11px\/20px 'Helvetica Neue',Helvetica,sans-serif; color: #ffffff; background: #bd081c no-repeat scroll 3px 50% \/ 14px 14px; position: absolute; opacity: 1; z-index: 8675309; display: none; cursor: pointer;\">Save<\/span><\/p>\n<p><span style=\"border-radius: 2px; text-indent: 20px; width: auto; padding: 0px 4px 0px 0px; text-align: center; font: bold 11px\/20px 'Helvetica Neue',Helvetica,sans-serif; color: #ffffff; background: #bd081c no-repeat scroll 3px 50% \/ 14px 14px; position: absolute; opacity: 1; z-index: 8675309; display: none; cursor: pointer;\">Save<\/span><\/p>\n<p><span style=\"border-radius: 2px; text-indent: 20px; width: auto; padding: 0px 4px 0px 0px; text-align: center; font: bold 11px\/20px 'Helvetica Neue',Helvetica,sans-serif; color: #ffffff; background: #bd081c no-repeat scroll 3px 50% \/ 14px 14px; position: absolute; opacity: 1; z-index: 8675309; display: none; cursor: pointer;\">Save<\/span><\/p>\n<p><span style=\"border-radius: 2px; text-indent: 20px; width: auto; padding: 0px 4px 0px 0px; text-align: center; font: bold 11px\/20px 'Helvetica Neue',Helvetica,sans-serif; color: #ffffff; background: #bd081c no-repeat scroll 3px 50% \/ 14px 14px; position: absolute; opacity: 1; z-index: 8675309; display: none; cursor: pointer;\">Save<\/span><\/p>\n<p><span style=\"border-radius: 2px; text-indent: 20px; width: auto; padding: 0px 4px 0px 0px; text-align: center; font: bold 11px\/20px 'Helvetica Neue',Helvetica,sans-serif; color: #ffffff; background: #bd081c no-repeat scroll 3px 50% \/ 14px 14px; position: absolute; opacity: 1; z-index: 8675309; display: none; cursor: pointer;\">Save<\/span><\/p>\n<div style=\"margin-top: 0px; margin-bottom: 0px;\" class=\"sharethis-inline-share-buttons\" ><\/div>","protected":false},"excerpt":{"rendered":"<p>Veuillez trouver ci-joint mon CV, il n&#8217;est pas classique\u2026 comme sp\u00e9cialiste de la teinture naturelle, on m&#8217;offre la possibilit\u00e9 de cr\u00e9er un Village Artisanal et Ecologique \u00e0 Concon, sur un terrain de 200 hectares, pr\u00e8s de Vi\u00f1a del Mar, au Chili (pays o\u00fa je vis depuis plus de 20 ans &#8211; double nationalit\u00e9)<br \/>\n Pour ne commettre que le minimum d&#8217;erreurs \u00e9cologiques&#8230;, je d\u00e9sire faire un voyage autour du monde qui me permette d&#8217;approfondir mes connaissances techniques au niveau des teintures naturelles, tissage, fibres naturelles, de la production agro-\u00e9cologique et des traditions, sur la base du b\u00e9n\u00e9volat et de l\u00b4\u00e9change de connaissances techniques.<\/p>\n","protected":false},"author":1,"featured_media":0,"parent":0,"menu_order":0,"comment_status":"closed","ping_status":"closed","template":"","meta":{"give_campaign_id":0,"_joinchat":[],"footnotes":""},"class_list":["post-10","page","type-page","status-publish","hentry"],"translation":{"provider":"WPGlobus","version":"3.0.1","language":"es","enabled_languages":["fr","en","es"],"languages":{"fr":{"title":true,"content":true,"excerpt":true},"en":{"title":true,"content":true,"excerpt":true},"es":{"title":true,"content":true,"excerpt":true}}},"yoast_head":"<!-- This site is optimized with the Yoast SEO plugin v27.3 - https:\/\/yoast.com\/product\/yoast-seo-wordpress\/ -->\n<title>Vuelta del mundo - Tinctoriales.com<\/title>\n<meta name=\"robots\" content=\"index, follow, max-snippet:-1, max-image-preview:large, max-video-preview:-1\" \/>\n<link rel=\"canonical\" href=\"https:\/\/tinctoriales.com\/a-propos-de\/\" \/>\n<meta property=\"og:locale\" content=\"es_ES\" \/>\n<meta property=\"og:type\" content=\"article\" \/>\n<meta property=\"og:title\" content=\"Vuelta del mundo - Tinctoriales.com\" \/>\n<meta property=\"og:url\" content=\"https:\/\/tinctoriales.com\/a-propos-de\/\" \/>\n<meta property=\"og:site_name\" content=\"Tinctoriales.com\" \/>\n<meta property=\"article:publisher\" content=\"https:\/\/www.facebook.com\/francoisegabrielle.raffi\" \/>\n<meta property=\"article:modified_time\" content=\"2023-05-08T22:09:38+00:00\" \/>\n<meta property=\"og:image\" content=\"http:\/\/tinctoriales.com\/wp-content\/uploads\/2017\/07\/3-300x172.png\" \/>\n<meta name=\"twitter:card\" content=\"summary_large_image\" \/>\n<meta name=\"twitter:site\" content=\"@FrancoiseRaffi\" \/>\n<meta name=\"twitter:label1\" content=\"Tiempo de lectura\" \/>\n\t<meta name=\"twitter:data1\" content=\"12 minutos\" \/>\n<script type=\"application\/ld+json\" class=\"yoast-schema-graph\">{\"@context\":\"https:\\\/\\\/schema.org\",\"@graph\":[{\"@type\":\"WebPage\",\"@id\":\"https:\\\/\\\/tinctoriales.com\\\/a-propos-de\\\/\",\"url\":\"https:\\\/\\\/tinctoriales.com\\\/a-propos-de\\\/\",\"name\":\"Vuelta del mundo - Tinctoriales.com\",\"isPartOf\":{\"@id\":\"https:\\\/\\\/tinctoriales.com\\\/#website\"},\"primaryImageOfPage\":{\"@id\":\"https:\\\/\\\/tinctoriales.com\\\/a-propos-de\\\/#primaryimage\"},\"image\":{\"@id\":\"https:\\\/\\\/tinctoriales.com\\\/a-propos-de\\\/#primaryimage\"},\"thumbnailUrl\":\"http:\\\/\\\/tinctoriales.com\\\/wp-content\\\/uploads\\\/2017\\\/07\\\/3-300x172.png\",\"datePublished\":\"2017-07-03T17:27:22+00:00\",\"dateModified\":\"2023-05-08T22:09:38+00:00\",\"description\":\"Le monde partage avec le mondede la teinture naturelle, on m'offre la possibilit\u00e9 de cr\u00e9er un Village Artisanal et Ecologique \u00e0 Concon, ce voyage permettra\",\"breadcrumb\":{\"@id\":\"https:\\\/\\\/tinctoriales.com\\\/a-propos-de\\\/#breadcrumb\"},\"inLanguage\":\"es\",\"potentialAction\":[{\"@type\":\"ReadAction\",\"target\":[\"https:\\\/\\\/tinctoriales.com\\\/a-propos-de\\\/\"]}]},{\"@type\":\"ImageObject\",\"inLanguage\":\"es\",\"@id\":\"https:\\\/\\\/tinctoriales.com\\\/a-propos-de\\\/#primaryimage\",\"url\":\"http:\\\/\\\/tinctoriales.com\\\/wp-content\\\/uploads\\\/2017\\\/07\\\/3-300x172.png\",\"contentUrl\":\"http:\\\/\\\/tinctoriales.com\\\/wp-content\\\/uploads\\\/2017\\\/07\\\/3-300x172.png\"},{\"@type\":\"BreadcrumbList\",\"@id\":\"https:\\\/\\\/tinctoriales.com\\\/a-propos-de\\\/#breadcrumb\",\"itemListElement\":[{\"@type\":\"ListItem\",\"position\":1,\"name\":\"Accueil\",\"item\":\"https:\\\/\\\/tinctoriales.com\\\/\"},{\"@type\":\"ListItem\",\"position\":2,\"name\":\"\u00c0 propos de&#8230; autour du monde\"}]},{\"@type\":\"WebSite\",\"@id\":\"https:\\\/\\\/tinctoriales.com\\\/#website\",\"url\":\"https:\\\/\\\/tinctoriales.com\\\/\",\"name\":\"Tinctoriales.com\",\"description\":\"Vive les Teintures Naturelles\",\"publisher\":{\"@id\":\"https:\\\/\\\/tinctoriales.com\\\/#\\\/schema\\\/person\\\/bb664fe45c7efc0790e098c706b83be2\"},\"potentialAction\":[{\"@type\":\"SearchAction\",\"target\":{\"@type\":\"EntryPoint\",\"urlTemplate\":\"https:\\\/\\\/tinctoriales.com\\\/?s={search_term_string}\"},\"query-input\":{\"@type\":\"PropertyValueSpecification\",\"valueRequired\":true,\"valueName\":\"search_term_string\"}}],\"inLanguage\":\"es\"},{\"@type\":[\"Person\",\"Organization\"],\"@id\":\"https:\\\/\\\/tinctoriales.com\\\/#\\\/schema\\\/person\\\/bb664fe45c7efc0790e098c706b83be2\",\"name\":\"Francoise Raffi - La Francesa Bigotuda\",\"image\":{\"@type\":\"ImageObject\",\"inLanguage\":\"es\",\"@id\":\"https:\\\/\\\/i0.wp.com\\\/tinctoriales.com\\\/wp-content\\\/uploads\\\/2023\\\/05\\\/wwwtinctoriales-teintures-naturelles.webp?fit=1650%2C1020&ssl=1\",\"url\":\"https:\\\/\\\/i0.wp.com\\\/tinctoriales.com\\\/wp-content\\\/uploads\\\/2023\\\/05\\\/wwwtinctoriales-teintures-naturelles.webp?fit=1650%2C1020&ssl=1\",\"contentUrl\":\"https:\\\/\\\/i0.wp.com\\\/tinctoriales.com\\\/wp-content\\\/uploads\\\/2023\\\/05\\\/wwwtinctoriales-teintures-naturelles.webp?fit=1650%2C1020&ssl=1\",\"width\":1650,\"height\":1020,\"caption\":\"Francoise Raffi - La Francesa Bigotuda\"},\"logo\":{\"@id\":\"https:\\\/\\\/i0.wp.com\\\/tinctoriales.com\\\/wp-content\\\/uploads\\\/2023\\\/05\\\/wwwtinctoriales-teintures-naturelles.webp?fit=1650%2C1020&ssl=1\"},\"description\":\"Artisane textile, tisserande, teinturi\u00e8re, vivant depuis plus de 20 ans au Chili, je travaille avec des teintures naturelles depuis plus de dix ans. J'ai particip\u00e9 \u00e0 plusieurs s\u00e9minaires internationaux (ISEND Kuching, IFND Taiwan et derni\u00e8rement IFPECO \u00e0 Madagascar) Je tisse, tricote ou feutre les fibres teintes. Je propose des formations aux teintures naturelles adapt\u00e9es au lieu. Artesana textil, tejedora, tintorera, viviendo desde m\u00e1s de 20 a\u00f1os en Chile, trabajo con te\u00f1idos naturales desde m\u00e1s de diez a\u00f1os. He participado a varios seminarios internacionales (ISEND Kuching, IFND Taiwan y ultimamente IFPECO en Madagascar). Tejo o afieltro las fibras te\u00f1idas. Propongo formaciones, capacitaciones, talleres de te\u00f1ido natural adaptadas al lugar.\",\"sameAs\":[\"http:\\\/\\\/www.tinctoriales.com\",\"https:\\\/\\\/www.facebook.com\\\/francoisegabrielle.raffi\",\"https:\\\/\\\/www.instagram.com\\\/tinctoriales.com_www\",\"https:\\\/\\\/www.linkedin.com\\\/francoisegabrielleraffi\",\"https:\\\/\\\/www.pinterest.com\\\/@publicobre2000\",\"https:\\\/\\\/x.com\\\/FrancoiseRaffi\"]}]}<\/script>\n<!-- \/ Yoast SEO plugin. -->","yoast_head_json":{"title":"Vuelta del mundo - Tinctoriales.com","robots":{"index":"index","follow":"follow","max-snippet":"max-snippet:-1","max-image-preview":"max-image-preview:large","max-video-preview":"max-video-preview:-1"},"canonical":"https:\/\/tinctoriales.com\/a-propos-de\/","og_locale":"es_ES","og_type":"article","og_title":"Vuelta del mundo - Tinctoriales.com","og_url":"https:\/\/tinctoriales.com\/a-propos-de\/","og_site_name":"Tinctoriales.com","article_publisher":"https:\/\/www.facebook.com\/francoisegabrielle.raffi","article_modified_time":"2023-05-08T22:09:38+00:00","og_image":[{"url":"http:\/\/tinctoriales.com\/wp-content\/uploads\/2017\/07\/3-300x172.png","type":"","width":"","height":""}],"twitter_card":"summary_large_image","twitter_site":"@FrancoiseRaffi","twitter_misc":{"Tiempo de lectura":"12 minutos"},"schema":{"@context":"https:\/\/schema.org","@graph":[{"@type":"WebPage","@id":"https:\/\/tinctoriales.com\/a-propos-de\/","url":"https:\/\/tinctoriales.com\/a-propos-de\/","name":"Vuelta del mundo - Tinctoriales.com","isPartOf":{"@id":"https:\/\/tinctoriales.com\/#website"},"primaryImageOfPage":{"@id":"https:\/\/tinctoriales.com\/a-propos-de\/#primaryimage"},"image":{"@id":"https:\/\/tinctoriales.com\/a-propos-de\/#primaryimage"},"thumbnailUrl":"http:\/\/tinctoriales.com\/wp-content\/uploads\/2017\/07\/3-300x172.png","datePublished":"2017-07-03T17:27:22+00:00","dateModified":"2023-05-08T22:09:38+00:00","description":"Le monde partage avec le mondede la teinture naturelle, on m'offre la possibilit\u00e9 de cr\u00e9er un Village Artisanal et Ecologique \u00e0 Concon, ce voyage permettra","breadcrumb":{"@id":"https:\/\/tinctoriales.com\/a-propos-de\/#breadcrumb"},"inLanguage":"es","potentialAction":[{"@type":"ReadAction","target":["https:\/\/tinctoriales.com\/a-propos-de\/"]}]},{"@type":"ImageObject","inLanguage":"es","@id":"https:\/\/tinctoriales.com\/a-propos-de\/#primaryimage","url":"http:\/\/tinctoriales.com\/wp-content\/uploads\/2017\/07\/3-300x172.png","contentUrl":"http:\/\/tinctoriales.com\/wp-content\/uploads\/2017\/07\/3-300x172.png"},{"@type":"BreadcrumbList","@id":"https:\/\/tinctoriales.com\/a-propos-de\/#breadcrumb","itemListElement":[{"@type":"ListItem","position":1,"name":"Accueil","item":"https:\/\/tinctoriales.com\/"},{"@type":"ListItem","position":2,"name":"\u00c0 propos de&#8230; autour du monde"}]},{"@type":"WebSite","@id":"https:\/\/tinctoriales.com\/#website","url":"https:\/\/tinctoriales.com\/","name":"Tinctoriales.com","description":"Vive les Teintures Naturelles","publisher":{"@id":"https:\/\/tinctoriales.com\/#\/schema\/person\/bb664fe45c7efc0790e098c706b83be2"},"potentialAction":[{"@type":"SearchAction","target":{"@type":"EntryPoint","urlTemplate":"https:\/\/tinctoriales.com\/?s={search_term_string}"},"query-input":{"@type":"PropertyValueSpecification","valueRequired":true,"valueName":"search_term_string"}}],"inLanguage":"es"},{"@type":["Person","Organization"],"@id":"https:\/\/tinctoriales.com\/#\/schema\/person\/bb664fe45c7efc0790e098c706b83be2","name":"Francoise Raffi - La Francesa Bigotuda","image":{"@type":"ImageObject","inLanguage":"es","@id":"https:\/\/i0.wp.com\/tinctoriales.com\/wp-content\/uploads\/2023\/05\/wwwtinctoriales-teintures-naturelles.webp?fit=1650%2C1020&ssl=1","url":"https:\/\/i0.wp.com\/tinctoriales.com\/wp-content\/uploads\/2023\/05\/wwwtinctoriales-teintures-naturelles.webp?fit=1650%2C1020&ssl=1","contentUrl":"https:\/\/i0.wp.com\/tinctoriales.com\/wp-content\/uploads\/2023\/05\/wwwtinctoriales-teintures-naturelles.webp?fit=1650%2C1020&ssl=1","width":1650,"height":1020,"caption":"Francoise Raffi - La Francesa Bigotuda"},"logo":{"@id":"https:\/\/i0.wp.com\/tinctoriales.com\/wp-content\/uploads\/2023\/05\/wwwtinctoriales-teintures-naturelles.webp?fit=1650%2C1020&ssl=1"},"description":"Artisane textile, tisserande, teinturi\u00e8re, vivant depuis plus de 20 ans au Chili, je travaille avec des teintures naturelles depuis plus de dix ans. J'ai particip\u00e9 \u00e0 plusieurs s\u00e9minaires internationaux (ISEND Kuching, IFND Taiwan et derni\u00e8rement IFPECO \u00e0 Madagascar) Je tisse, tricote ou feutre les fibres teintes. Je propose des formations aux teintures naturelles adapt\u00e9es au lieu. Artesana textil, tejedora, tintorera, viviendo desde m\u00e1s de 20 a\u00f1os en Chile, trabajo con te\u00f1idos naturales desde m\u00e1s de diez a\u00f1os. He participado a varios seminarios internacionales (ISEND Kuching, IFND Taiwan y ultimamente IFPECO en Madagascar). Tejo o afieltro las fibras te\u00f1idas. Propongo formaciones, capacitaciones, talleres de te\u00f1ido natural adaptadas al lugar.","sameAs":["http:\/\/www.tinctoriales.com","https:\/\/www.facebook.com\/francoisegabrielle.raffi","https:\/\/www.instagram.com\/tinctoriales.com_www","https:\/\/www.linkedin.com\/francoisegabrielleraffi","https:\/\/www.pinterest.com\/@publicobre2000","https:\/\/x.com\/FrancoiseRaffi"]}]}},"campaignId":"","_links":{"self":[{"href":"https:\/\/tinctoriales.com\/es\/wp-json\/wp\/v2\/pages\/10","targetHints":{"allow":["GET"]}}],"collection":[{"href":"https:\/\/tinctoriales.com\/es\/wp-json\/wp\/v2\/pages"}],"about":[{"href":"https:\/\/tinctoriales.com\/es\/wp-json\/wp\/v2\/types\/page"}],"author":[{"embeddable":true,"href":"https:\/\/tinctoriales.com\/es\/wp-json\/wp\/v2\/users\/1"}],"replies":[{"embeddable":true,"href":"https:\/\/tinctoriales.com\/es\/wp-json\/wp\/v2\/comments?post=10"}],"version-history":[{"count":0,"href":"https:\/\/tinctoriales.com\/es\/wp-json\/wp\/v2\/pages\/10\/revisions"}],"wp:attachment":[{"href":"https:\/\/tinctoriales.com\/es\/wp-json\/wp\/v2\/media?parent=10"}],"curies":[{"name":"wp","href":"https:\/\/api.w.org\/{rel}","templated":true}]}}