{"id":151,"date":"2017-07-13T17:11:48","date_gmt":"2017-07-13T15:11:48","guid":{"rendered":"http:\/\/tinctoriales.com\/?page_id=151"},"modified":"2023-05-21T15:26:55","modified_gmt":"2023-05-21T13:26:55","slug":"blog-teinture-naturelle","status":"publish","type":"page","link":"https:\/\/tinctoriales.com\/es\/a-propos-de\/teintures-naturelles\/blog-teinture-naturelle\/","title":{"rendered":"Blog Tintura\/Textil"},"content":{"rendered":"<h4><img loading=\"lazy\" decoding=\"async\" class=\"alignnone size-medium wp-image-126\" src=\"http:\/\/tinctoriales.com\/wp-content\/uploads\/2017\/07\/14-300x231.jpg\" alt=\"\" width=\"300\" height=\"231\" srcset=\"https:\/\/tinctoriales.com\/wp-content\/uploads\/2017\/07\/14-300x231.jpg 300w, https:\/\/tinctoriales.com\/wp-content\/uploads\/2017\/07\/14-350x270.jpg 350w, https:\/\/tinctoriales.com\/wp-content\/uploads\/2017\/07\/14-768x592.jpg 768w, https:\/\/tinctoriales.com\/wp-content\/uploads\/2017\/07\/14-1024x790.jpg 1024w, https:\/\/tinctoriales.com\/wp-content\/uploads\/2017\/07\/14.jpg 2048w\" sizes=\"auto, (max-width: 300px) 100vw, 300px\" \/><\/h4>\n<h4>Que complicado ponerse una etiqueta<\/h4>\n<p>Tuve que hacerlo para buscar un dominio para este blog. Tinctoriales, fue la elecci\u00f3n. En la encrucijada del te\u00f1ido natural, de bot\u00e1nica, el tejido, el hilado, las distintas fibras, la artesan\u00eda, el arte, arteterapia\u2026 los idiomas: castellano, latin, franc\u00e9s\u2026<\/p>\n<p>Voy a intentar hacer este blog biling\u00fce, hasta triling\u00fce, cuesta escoger\u2026<\/p>\n<p>Las experiencias presentadas ser\u00e1n diversas, tan diversas como las posibilidades del te\u00f1ido natural.<\/p>\n<p>#te\u00f1idonatural #teinturenaturelle #naturaldyeing<br \/>\n#lana #laine #wool<br \/>\n#telar #m\u00e9tier\u00e0tisser #weawing<br \/>\n#hilado #filature #spinning<br \/>\n#talleres #ateliers #workshop<\/p>\n<p><span style=\"border-radius: 2px; text-indent: 20px; width: auto; padding: 0px 4px 0px 0px; text-align: center; font: bold 11px\/20px 'Helvetica Neue',Helvetica,sans-serif; color: #ffffff; background: #bd081c no-repeat scroll 3px 50% \/ 14px 14px; position: absolute; opacity: 1; z-index: 8675309; display: none; cursor: pointer;\">Save<\/span><\/p>\n<p><span style=\"border-radius: 2px; text-indent: 20px; width: auto; padding: 0px 4px 0px 0px; text-align: center; font: bold 11px\/20px 'Helvetica Neue',Helvetica,sans-serif; color: #ffffff; background: #bd081c no-repeat scroll 3px 50% \/ 14px 14px; position: absolute; opacity: 1; z-index: 8675309; display: none; cursor: pointer;\">Save<\/span><\/p>\n<p><span style=\"border-radius: 2px; text-indent: 20px; width: auto; padding: 0px 4px 0px 0px; text-align: center; font: bold 11px\/20px 'Helvetica Neue',Helvetica,sans-serif; color: #ffffff; background: #bd081c no-repeat scroll 3px 50% \/ 14px 14px; position: absolute; opacity: 1; z-index: 8675309; display: none; cursor: pointer;\">Save<\/span><\/p>\n<p><span style=\"border-radius: 2px; text-indent: 20px; width: auto; padding: 0px 4px 0px 0px; text-align: center; font: bold 11px\/20px 'Helvetica Neue',Helvetica,sans-serif; color: #ffffff; background: #bd081c no-repeat scroll 3px 50% \/ 14px 14px; position: absolute; opacity: 1; z-index: 8675309; display: none; cursor: pointer;\">Save<\/span><\/p>\n<p><span style=\"border-radius: 2px; text-indent: 20px; width: auto; padding: 0px 4px 0px 0px; text-align: center; font: bold 11px\/20px 'Helvetica Neue',Helvetica,sans-serif; color: #ffffff; background: #bd081c no-repeat scroll 3px 50% \/ 14px 14px; position: absolute; opacity: 1; z-index: 8675309; display: none; cursor: pointer;\">Save<\/span><\/p>\n<p><span style=\"border-radius: 2px; text-indent: 20px; width: auto; padding: 0px 4px 0px 0px; text-align: center; font: bold 11px\/20px 'Helvetica Neue',Helvetica,sans-serif; color: #ffffff; background: #bd081c no-repeat scroll 3px 50% \/ 14px 14px; position: absolute; opacity: 1; z-index: 8675309; display: none; cursor: pointer;\">Save<\/span><\/p>\n<div style=\"margin-top: 0px; margin-bottom: 0px;\" class=\"sharethis-inline-share-buttons\" ><\/div>","protected":false},"excerpt":{"rendered":"<p>Que complicado ponerse una etiqueta Tuve que hacerlo para buscar un dominio para este blog. Tinctoriales, fue la elecci\u00f3n. En la encrucijada del te\u00f1ido natural, de bot\u00e1nica, el tejido, el hilado, las distintas fibras, la artesan\u00eda, el arte, arteterapia\u2026 los idiomas: castellano, latin, franc\u00e9s\u2026 Voy a intentar hacer este blog biling\u00fce, hasta triling\u00fce, cuesta escoger\u2026 &hellip; <a href=\"https:\/\/tinctoriales.com\/es\/a-propos-de\/teintures-naturelles\/blog-teinture-naturelle\/\" class=\"more-link\">Sigue leyendo <span class=\"screen-reader-text\">Blog Tintura\/Textil<\/span><\/a><\/p>\n","protected":false},"author":1,"featured_media":28564,"parent":9,"menu_order":0,"comment_status":"closed","ping_status":"closed","template":"","meta":{"give_campaign_id":0,"_joinchat":[],"footnotes":""},"class_list":["post-151","page","type-page","status-publish","has-post-thumbnail","hentry"],"translation":{"provider":"WPGlobus","version":"3.0.1","language":"es","enabled_languages":["fr","en","es"],"languages":{"fr":{"title":true,"content":true,"excerpt":false},"en":{"title":true,"content":true,"excerpt":false},"es":{"title":true,"content":true,"excerpt":false}}},"yoast_head":"<!-- This site is optimized with the Yoast SEO plugin v27.3 - https:\/\/yoast.com\/product\/yoast-seo-wordpress\/ -->\n<title>Blog Tintura\/Textil - Tinctoriales.com<\/title>\n<meta name=\"robots\" content=\"index, follow, max-snippet:-1, max-image-preview:large, max-video-preview:-1\" \/>\n<link rel=\"canonical\" href=\"https:\/\/tinctoriales.com\/a-propos-de\/teintures-naturelles\/blog-teinture-naturelle\/\" \/>\n<meta property=\"og:locale\" content=\"es_ES\" \/>\n<meta property=\"og:type\" content=\"article\" \/>\n<meta property=\"og:title\" content=\"Blog Tintura\/Textil - Tinctoriales.com\" \/>\n<meta property=\"og:url\" content=\"https:\/\/tinctoriales.com\/a-propos-de\/teintures-naturelles\/blog-teinture-naturelle\/\" \/>\n<meta property=\"og:site_name\" content=\"Tinctoriales.com\" \/>\n<meta property=\"article:publisher\" content=\"https:\/\/www.facebook.com\/francoisegabrielle.raffi\" \/>\n<meta property=\"article:modified_time\" content=\"2023-05-21T13:26:55+00:00\" \/>\n<meta property=\"og:image\" content=\"https:\/\/tinctoriales.com\/wp-content\/uploads\/2022\/10\/20220811_011840-scaled.jpg\" \/>\n\t<meta property=\"og:image:width\" content=\"2048\" \/>\n\t<meta property=\"og:image:height\" content=\"1152\" \/>\n\t<meta property=\"og:image:type\" content=\"image\/jpeg\" \/>\n<meta name=\"twitter:card\" content=\"summary_large_image\" \/>\n<meta name=\"twitter:site\" content=\"@FrancoiseRaffi\" \/>\n<meta name=\"twitter:label1\" content=\"Tiempo de lectura\" \/>\n\t<meta name=\"twitter:data1\" content=\"4 minutos\" \/>\n<script type=\"application\/ld+json\" class=\"yoast-schema-graph\">{\"@context\":\"https:\\\/\\\/schema.org\",\"@graph\":[{\"@type\":\"WebPage\",\"@id\":\"https:\\\/\\\/tinctoriales.com\\\/a-propos-de\\\/teintures-naturelles\\\/blog-teinture-naturelle\\\/\",\"url\":\"https:\\\/\\\/tinctoriales.com\\\/a-propos-de\\\/teintures-naturelles\\\/blog-teinture-naturelle\\\/\",\"name\":\"Blog Tintura\\\/Textil - Tinctoriales.com\",\"isPartOf\":{\"@id\":\"https:\\\/\\\/tinctoriales.com\\\/#website\"},\"primaryImageOfPage\":{\"@id\":\"https:\\\/\\\/tinctoriales.com\\\/a-propos-de\\\/teintures-naturelles\\\/blog-teinture-naturelle\\\/#primaryimage\"},\"image\":{\"@id\":\"https:\\\/\\\/tinctoriales.com\\\/a-propos-de\\\/teintures-naturelles\\\/blog-teinture-naturelle\\\/#primaryimage\"},\"thumbnailUrl\":\"https:\\\/\\\/tinctoriales.com\\\/wp-content\\\/uploads\\\/2022\\\/10\\\/20220811_011840-scaled.jpg\",\"datePublished\":\"2017-07-13T15:11:48+00:00\",\"dateModified\":\"2023-05-21T13:26:55+00:00\",\"description\":\"Section Teinture de ce blog de mes exp\u00e9riences internationales et vari\u00e9es, en teinture naturelle et tissage\",\"breadcrumb\":{\"@id\":\"https:\\\/\\\/tinctoriales.com\\\/a-propos-de\\\/teintures-naturelles\\\/blog-teinture-naturelle\\\/#breadcrumb\"},\"inLanguage\":\"es\",\"potentialAction\":[{\"@type\":\"ReadAction\",\"target\":[\"https:\\\/\\\/tinctoriales.com\\\/a-propos-de\\\/teintures-naturelles\\\/blog-teinture-naturelle\\\/\"]}]},{\"@type\":\"ImageObject\",\"inLanguage\":\"es\",\"@id\":\"https:\\\/\\\/tinctoriales.com\\\/a-propos-de\\\/teintures-naturelles\\\/blog-teinture-naturelle\\\/#primaryimage\",\"url\":\"https:\\\/\\\/tinctoriales.com\\\/wp-content\\\/uploads\\\/2022\\\/10\\\/20220811_011840-scaled.jpg\",\"contentUrl\":\"https:\\\/\\\/tinctoriales.com\\\/wp-content\\\/uploads\\\/2022\\\/10\\\/20220811_011840-scaled.jpg\",\"width\":2048,\"height\":1152,\"caption\":\"teinture naturelle\"},{\"@type\":\"BreadcrumbList\",\"@id\":\"https:\\\/\\\/tinctoriales.com\\\/a-propos-de\\\/teintures-naturelles\\\/blog-teinture-naturelle\\\/#breadcrumb\",\"itemListElement\":[{\"@type\":\"ListItem\",\"position\":1,\"name\":\"Accueil\",\"item\":\"https:\\\/\\\/tinctoriales.com\\\/\"},{\"@type\":\"ListItem\",\"position\":2,\"name\":\"\u00c0 propos de&#8230; autour du monde\",\"item\":\"https:\\\/\\\/tinctoriales.com\\\/a-propos-de\\\/\"},{\"@type\":\"ListItem\",\"position\":3,\"name\":\"Teintures naturelles &#8211; Accueil\",\"item\":\"https:\\\/\\\/tinctoriales.com\\\/\"},{\"@type\":\"ListItem\",\"position\":4,\"name\":\"Blog Teinture naturelle\"}]},{\"@type\":\"WebSite\",\"@id\":\"https:\\\/\\\/tinctoriales.com\\\/#website\",\"url\":\"https:\\\/\\\/tinctoriales.com\\\/\",\"name\":\"Tinctoriales.com\",\"description\":\"Vive les Teintures Naturelles\",\"publisher\":{\"@id\":\"https:\\\/\\\/tinctoriales.com\\\/#\\\/schema\\\/person\\\/bb664fe45c7efc0790e098c706b83be2\"},\"potentialAction\":[{\"@type\":\"SearchAction\",\"target\":{\"@type\":\"EntryPoint\",\"urlTemplate\":\"https:\\\/\\\/tinctoriales.com\\\/?s={search_term_string}\"},\"query-input\":{\"@type\":\"PropertyValueSpecification\",\"valueRequired\":true,\"valueName\":\"search_term_string\"}}],\"inLanguage\":\"es\"},{\"@type\":[\"Person\",\"Organization\"],\"@id\":\"https:\\\/\\\/tinctoriales.com\\\/#\\\/schema\\\/person\\\/bb664fe45c7efc0790e098c706b83be2\",\"name\":\"Francoise Raffi - La Francesa Bigotuda\",\"image\":{\"@type\":\"ImageObject\",\"inLanguage\":\"es\",\"@id\":\"https:\\\/\\\/i0.wp.com\\\/tinctoriales.com\\\/wp-content\\\/uploads\\\/2023\\\/05\\\/wwwtinctoriales-teintures-naturelles.webp?fit=1650%2C1020&ssl=1\",\"url\":\"https:\\\/\\\/i0.wp.com\\\/tinctoriales.com\\\/wp-content\\\/uploads\\\/2023\\\/05\\\/wwwtinctoriales-teintures-naturelles.webp?fit=1650%2C1020&ssl=1\",\"contentUrl\":\"https:\\\/\\\/i0.wp.com\\\/tinctoriales.com\\\/wp-content\\\/uploads\\\/2023\\\/05\\\/wwwtinctoriales-teintures-naturelles.webp?fit=1650%2C1020&ssl=1\",\"width\":1650,\"height\":1020,\"caption\":\"Francoise Raffi - La Francesa Bigotuda\"},\"logo\":{\"@id\":\"https:\\\/\\\/i0.wp.com\\\/tinctoriales.com\\\/wp-content\\\/uploads\\\/2023\\\/05\\\/wwwtinctoriales-teintures-naturelles.webp?fit=1650%2C1020&ssl=1\"},\"description\":\"Artisane textile, tisserande, teinturi\u00e8re, vivant depuis plus de 20 ans au Chili, je travaille avec des teintures naturelles depuis plus de dix ans. J'ai particip\u00e9 \u00e0 plusieurs s\u00e9minaires internationaux (ISEND Kuching, IFND Taiwan et derni\u00e8rement IFPECO \u00e0 Madagascar) Je tisse, tricote ou feutre les fibres teintes. Je propose des formations aux teintures naturelles adapt\u00e9es au lieu. Artesana textil, tejedora, tintorera, viviendo desde m\u00e1s de 20 a\u00f1os en Chile, trabajo con te\u00f1idos naturales desde m\u00e1s de diez a\u00f1os. He participado a varios seminarios internacionales (ISEND Kuching, IFND Taiwan y ultimamente IFPECO en Madagascar). Tejo o afieltro las fibras te\u00f1idas. Propongo formaciones, capacitaciones, talleres de te\u00f1ido natural adaptadas al lugar.\",\"sameAs\":[\"http:\\\/\\\/www.tinctoriales.com\",\"https:\\\/\\\/www.facebook.com\\\/francoisegabrielle.raffi\",\"https:\\\/\\\/www.instagram.com\\\/tinctoriales.com_www\",\"https:\\\/\\\/www.linkedin.com\\\/francoisegabrielleraffi\",\"https:\\\/\\\/www.pinterest.com\\\/@publicobre2000\",\"https:\\\/\\\/x.com\\\/FrancoiseRaffi\"]}]}<\/script>\n<!-- \/ Yoast SEO plugin. -->","yoast_head_json":{"title":"Blog Tintura\/Textil - Tinctoriales.com","robots":{"index":"index","follow":"follow","max-snippet":"max-snippet:-1","max-image-preview":"max-image-preview:large","max-video-preview":"max-video-preview:-1"},"canonical":"https:\/\/tinctoriales.com\/a-propos-de\/teintures-naturelles\/blog-teinture-naturelle\/","og_locale":"es_ES","og_type":"article","og_title":"Blog Tintura\/Textil - Tinctoriales.com","og_url":"https:\/\/tinctoriales.com\/a-propos-de\/teintures-naturelles\/blog-teinture-naturelle\/","og_site_name":"Tinctoriales.com","article_publisher":"https:\/\/www.facebook.com\/francoisegabrielle.raffi","article_modified_time":"2023-05-21T13:26:55+00:00","og_image":[{"width":2048,"height":1152,"url":"https:\/\/tinctoriales.com\/wp-content\/uploads\/2022\/10\/20220811_011840-scaled.jpg","type":"image\/jpeg"}],"twitter_card":"summary_large_image","twitter_site":"@FrancoiseRaffi","twitter_misc":{"Tiempo de lectura":"4 minutos"},"schema":{"@context":"https:\/\/schema.org","@graph":[{"@type":"WebPage","@id":"https:\/\/tinctoriales.com\/a-propos-de\/teintures-naturelles\/blog-teinture-naturelle\/","url":"https:\/\/tinctoriales.com\/a-propos-de\/teintures-naturelles\/blog-teinture-naturelle\/","name":"Blog Tintura\/Textil - Tinctoriales.com","isPartOf":{"@id":"https:\/\/tinctoriales.com\/#website"},"primaryImageOfPage":{"@id":"https:\/\/tinctoriales.com\/a-propos-de\/teintures-naturelles\/blog-teinture-naturelle\/#primaryimage"},"image":{"@id":"https:\/\/tinctoriales.com\/a-propos-de\/teintures-naturelles\/blog-teinture-naturelle\/#primaryimage"},"thumbnailUrl":"https:\/\/tinctoriales.com\/wp-content\/uploads\/2022\/10\/20220811_011840-scaled.jpg","datePublished":"2017-07-13T15:11:48+00:00","dateModified":"2023-05-21T13:26:55+00:00","description":"Section Teinture de ce blog de mes exp\u00e9riences internationales et vari\u00e9es, en teinture naturelle et tissage","breadcrumb":{"@id":"https:\/\/tinctoriales.com\/a-propos-de\/teintures-naturelles\/blog-teinture-naturelle\/#breadcrumb"},"inLanguage":"es","potentialAction":[{"@type":"ReadAction","target":["https:\/\/tinctoriales.com\/a-propos-de\/teintures-naturelles\/blog-teinture-naturelle\/"]}]},{"@type":"ImageObject","inLanguage":"es","@id":"https:\/\/tinctoriales.com\/a-propos-de\/teintures-naturelles\/blog-teinture-naturelle\/#primaryimage","url":"https:\/\/tinctoriales.com\/wp-content\/uploads\/2022\/10\/20220811_011840-scaled.jpg","contentUrl":"https:\/\/tinctoriales.com\/wp-content\/uploads\/2022\/10\/20220811_011840-scaled.jpg","width":2048,"height":1152,"caption":"teinture naturelle"},{"@type":"BreadcrumbList","@id":"https:\/\/tinctoriales.com\/a-propos-de\/teintures-naturelles\/blog-teinture-naturelle\/#breadcrumb","itemListElement":[{"@type":"ListItem","position":1,"name":"Accueil","item":"https:\/\/tinctoriales.com\/"},{"@type":"ListItem","position":2,"name":"\u00c0 propos de&#8230; autour du monde","item":"https:\/\/tinctoriales.com\/a-propos-de\/"},{"@type":"ListItem","position":3,"name":"Teintures naturelles &#8211; Accueil","item":"https:\/\/tinctoriales.com\/"},{"@type":"ListItem","position":4,"name":"Blog Teinture naturelle"}]},{"@type":"WebSite","@id":"https:\/\/tinctoriales.com\/#website","url":"https:\/\/tinctoriales.com\/","name":"Tinctoriales.com","description":"Vive les Teintures Naturelles","publisher":{"@id":"https:\/\/tinctoriales.com\/#\/schema\/person\/bb664fe45c7efc0790e098c706b83be2"},"potentialAction":[{"@type":"SearchAction","target":{"@type":"EntryPoint","urlTemplate":"https:\/\/tinctoriales.com\/?s={search_term_string}"},"query-input":{"@type":"PropertyValueSpecification","valueRequired":true,"valueName":"search_term_string"}}],"inLanguage":"es"},{"@type":["Person","Organization"],"@id":"https:\/\/tinctoriales.com\/#\/schema\/person\/bb664fe45c7efc0790e098c706b83be2","name":"Francoise Raffi - La Francesa Bigotuda","image":{"@type":"ImageObject","inLanguage":"es","@id":"https:\/\/i0.wp.com\/tinctoriales.com\/wp-content\/uploads\/2023\/05\/wwwtinctoriales-teintures-naturelles.webp?fit=1650%2C1020&ssl=1","url":"https:\/\/i0.wp.com\/tinctoriales.com\/wp-content\/uploads\/2023\/05\/wwwtinctoriales-teintures-naturelles.webp?fit=1650%2C1020&ssl=1","contentUrl":"https:\/\/i0.wp.com\/tinctoriales.com\/wp-content\/uploads\/2023\/05\/wwwtinctoriales-teintures-naturelles.webp?fit=1650%2C1020&ssl=1","width":1650,"height":1020,"caption":"Francoise Raffi - La Francesa Bigotuda"},"logo":{"@id":"https:\/\/i0.wp.com\/tinctoriales.com\/wp-content\/uploads\/2023\/05\/wwwtinctoriales-teintures-naturelles.webp?fit=1650%2C1020&ssl=1"},"description":"Artisane textile, tisserande, teinturi\u00e8re, vivant depuis plus de 20 ans au Chili, je travaille avec des teintures naturelles depuis plus de dix ans. J'ai particip\u00e9 \u00e0 plusieurs s\u00e9minaires internationaux (ISEND Kuching, IFND Taiwan et derni\u00e8rement IFPECO \u00e0 Madagascar) Je tisse, tricote ou feutre les fibres teintes. Je propose des formations aux teintures naturelles adapt\u00e9es au lieu. Artesana textil, tejedora, tintorera, viviendo desde m\u00e1s de 20 a\u00f1os en Chile, trabajo con te\u00f1idos naturales desde m\u00e1s de diez a\u00f1os. He participado a varios seminarios internacionales (ISEND Kuching, IFND Taiwan y ultimamente IFPECO en Madagascar). Tejo o afieltro las fibras te\u00f1idas. Propongo formaciones, capacitaciones, talleres de te\u00f1ido natural adaptadas al lugar.","sameAs":["http:\/\/www.tinctoriales.com","https:\/\/www.facebook.com\/francoisegabrielle.raffi","https:\/\/www.instagram.com\/tinctoriales.com_www","https:\/\/www.linkedin.com\/francoisegabrielleraffi","https:\/\/www.pinterest.com\/@publicobre2000","https:\/\/x.com\/FrancoiseRaffi"]}]}},"campaignId":"","_links":{"self":[{"href":"https:\/\/tinctoriales.com\/es\/wp-json\/wp\/v2\/pages\/151","targetHints":{"allow":["GET"]}}],"collection":[{"href":"https:\/\/tinctoriales.com\/es\/wp-json\/wp\/v2\/pages"}],"about":[{"href":"https:\/\/tinctoriales.com\/es\/wp-json\/wp\/v2\/types\/page"}],"author":[{"embeddable":true,"href":"https:\/\/tinctoriales.com\/es\/wp-json\/wp\/v2\/users\/1"}],"replies":[{"embeddable":true,"href":"https:\/\/tinctoriales.com\/es\/wp-json\/wp\/v2\/comments?post=151"}],"version-history":[{"count":0,"href":"https:\/\/tinctoriales.com\/es\/wp-json\/wp\/v2\/pages\/151\/revisions"}],"up":[{"embeddable":true,"href":"https:\/\/tinctoriales.com\/es\/wp-json\/wp\/v2\/pages\/9"}],"wp:featuredmedia":[{"embeddable":true,"href":"https:\/\/tinctoriales.com\/es\/wp-json\/wp\/v2\/media\/28564"}],"wp:attachment":[{"href":"https:\/\/tinctoriales.com\/es\/wp-json\/wp\/v2\/media?parent=151"}],"curies":[{"name":"wp","href":"https:\/\/api.w.org\/{rel}","templated":true}]}}