{"id":1817,"date":"2017-12-23T02:02:52","date_gmt":"2017-12-23T01:02:52","guid":{"rendered":"http:\/\/tinctoriales.com\/?page_id=1817"},"modified":"2017-12-25T03:00:22","modified_gmt":"2017-12-25T02:00:22","slug":"au-revoir-concon","status":"publish","type":"page","link":"https:\/\/tinctoriales.com\/es\/au-revoir-concon\/","title":{"rendered":"Au revoir Conc\u00f3n"},"content":{"rendered":"<h2>L&#8217;aventure de Conc\u00f3n a pris fin \u00e0 cause des chevaux<\/h2>\n<h3>Le projet<\/h3>\n<p>C&#8217;est dommage, il y avait beaucoup de possibilit\u00e9s, par malchance il y avait aussi des chevaux. Mais une des composantes les plus importantes de mon projet avait en outre des vis\u00e9es agronomiques : il s&#8217;agissait de cr\u00e9er une for\u00eat comestible, tinctoriale et m\u00e9dicinale, afin de contrer l&#8217;\u00e9rosion de sols (tr\u00e8s avanc\u00e9e \u00e0 certains endroits) et bien s\u00fbr d&#8217;\u00eatre autosuffisant au niveau alimentaire, mais aussi des teintures naturelles&#8230;<\/p>\n<p>Au niveau alimentaire, il y a beaucoup de citroniers (anciens) maltrait\u00e9s par les chevaux sauvages des voisins qui les broutent, des cognassiers, deux n\u00e9fliers, quelques poiriers, pruniers, figuiers abandonn\u00e9s&#8230; beaucoup de ronces (ce qui n&#8217;est pas forc\u00e9ment n\u00e9gatif). Il y a aussi quelques plantes sauvages comestibles qui plaisent aussi malheureusement aux chevaux, il en est de m\u00eame des plantes m\u00e9dicinales&#8230;<\/p>\n<p>J&#8217;ai pris de beaucoup de photos de la flore. Si vous \u00eates int\u00e9ress\u00e9, je publierai une galerie. Je me suis beaucoup int\u00e9ress\u00e9e aux plantes bioindicatrices. Je n&#8217;ai malheureusement pas encore eu acc\u00e8s aux livres de <a href=\"https:\/\/www.youtube.com\/results?search_query=gerard+ducerf+plantes+bio+indicatrices\">G\u00e9rard Ducerf<\/a>, mais ses videos, ainsi que celles de <a href=\"https:\/\/www.youtube.com\/watch?v=hE013dn6KSI&amp;t=48s\">George Oxley<\/a> sur youtube sont passionnantes. J&#8217;aimerai bien pouvoir prendre contact avec eux.<\/p>\n<p>Au niveau des teintures, il y a de quoi obtenir de nombreux jaunes (chardons, citrons, alcaparra, ronces, peupliers, baccharis&#8230; c&#8217;est aussi la couleur la plus facile \u00e0 obtenir), de nombreux bruns, marrons, caf\u00e9 et gris (eucaliptus, boldo, peumo, fruitiers, rumex&#8230;). Ces m\u00eames plantes peuvent donner des verts olive, bronze en mordan\u00e7ant au fer ou au cuivre.<\/p>\n<p>Mais pour obtenir les rouges et les bleus, il faudrait les cultiver, leur importation est compliqu\u00e9e au Chili,et ce ne serait plus de l&#8217;autosuffisance. Le terrain s&#8217;y serait bien pr\u00eat\u00e9, s&#8217;il n&#8217;y avait pas eu de chevaux.<\/p>\n<p>D&#8217;ailleurs, les premiers conflits avec le b\u00e9tail est apparu quand je me suis rendue compte qu&#8217;il mangeait mes mati\u00e8res premi\u00e8res (murex, camomille des teinturiers&#8230;). J&#8217;aurais donc rapidement \u00e9t\u00e9 limit\u00e9e \u00e0 la teinture \u00e0 l&#8217;eucaliptus (tr\u00e8s abondant) et avec des plantes toxiques (datura, baccharis, palqui&#8230; que je n&#8217;ai pas envie d&#8217;essayer), puisque les arbres natifs sont prot\u00e9g\u00e9sou ne pas teindre en \u00e9t\u00e9, p\u00e9riode o\u00f9 j&#8217;ai le plus de chances de pouvoir donner des cours de teintures naturelle. Quel paradoxe!<\/p>\n<p>Je comptais cultiver sans labour, en semant selon le syst\u00e8me des boules de graines de Fukuoka Masanobu. En utilisant au maximum les diff\u00e9rents types de terrains. C&#8217;\u00e9tait donc difficile de cl\u00f4turer des zones. D&#8217;autant que j&#8217;ai d\u00e9j\u00e0 vu (quand j&#8217;\u00e9tais \u00e0 Longotoma &#8211; La Ligua) comment du b\u00e9tail pouvait sauter des barbel\u00e9s et traverser des broussailles tr\u00e8s \u00e9pineuses (tebo) pour manger quelques touffes d&#8217;herbes encore un peu verte.<\/p>\n<p>L&#8217;endroit est aussi int\u00e9ressant pour l&#8217;apiculture, mais dans ces conditions c&#8217;\u00e9tait trop risqu\u00e9.<\/p>\n<p>Mon projet est global, holistique (comme on aime dire maintenant), mais aussi tr\u00e8s centr\u00e9 sur la r\u00e9alit\u00e9 locale.<\/p>\n<p>Lors de mes premi\u00e8res visites en automne, j&#8217;avais d\u00e9j\u00e0 fait la remarque \u00e0 mon ami Uldis que la pr\u00e9sence de b\u00e9tail vagabond \u00e9tait un probl\u00e8me.<\/p>\n<h3>Les chevaux, un probl\u00e8me insoluble<\/h3>\n<p>Malheureusement, les chevaux mangent \u00e9norm\u00e9ment, pi\u00e9tinent tout, leurs crottes ne constituent pas forc\u00e9ment un engrais et ne compensent pas les d\u00e9gats, des \u00e9normes chardons, il ne reste plus rien en automne, en attendant les pluies, ils sont affam\u00e9s et attaquent m\u00eame les citroniers qui sont pourtant d&#8217;une vari\u00e9t\u00e9 tr\u00e8s \u00e9pineuse et ont r\u00e9sist\u00e9 \u00e0 plus de trente ans sans irrigation (ils les broutent, mais aussi arrachent l&#8217;\u00e9corce).<\/p>\n<figure id=\"attachment_1836\" aria-describedby=\"caption-attachment-1836\" style=\"width: 300px\" class=\"wp-caption alignnone\"><img loading=\"lazy\" decoding=\"async\" class=\"size-medium wp-image-1836\" src=\"http:\/\/tinctoriales.com\/wp-content\/uploads\/2017\/12\/IMG_20171201_121024791-300x225.jpg\" alt=\"Ces chardons,sem\u00e9s par les chevaux dispara\u00eetront compl\u00e8tement \u00e0 l'automne...\" width=\"300\" height=\"225\" srcset=\"https:\/\/tinctoriales.com\/wp-content\/uploads\/2017\/12\/IMG_20171201_121024791-300x225.jpg 300w, https:\/\/tinctoriales.com\/wp-content\/uploads\/2017\/12\/IMG_20171201_121024791-350x263.jpg 350w, https:\/\/tinctoriales.com\/wp-content\/uploads\/2017\/12\/IMG_20171201_121024791-768x576.jpg 768w, https:\/\/tinctoriales.com\/wp-content\/uploads\/2017\/12\/IMG_20171201_121024791-1024x768.jpg 1024w, https:\/\/tinctoriales.com\/wp-content\/uploads\/2017\/12\/IMG_20171201_121024791.jpg 2048w\" sizes=\"auto, (max-width: 300px) 100vw, 300px\" \/><figcaption id=\"caption-attachment-1836\" class=\"wp-caption-text\">Ces chardons,sem\u00e9s par les chevaux dispara\u00eetront compl\u00e8tement \u00e0 l&#8217;automne&#8230;<\/figcaption><\/figure>\n<p>Ils sont tr\u00e8s jolis, mais sont aussi un facteur d&#8217;\u00e9rosion, de compactage des sols et de destructions plut\u00f4t inqui\u00e9tant.<\/p>\n<figure id=\"attachment_1828\" aria-describedby=\"caption-attachment-1828\" style=\"width: 169px\" class=\"wp-caption alignnone\"><img loading=\"lazy\" decoding=\"async\" class=\"size-medium wp-image-1828\" src=\"http:\/\/tinctoriales.com\/wp-content\/uploads\/2017\/12\/IMG_20170401_114007-169x300.jpg\" alt=\"Trace de b\u00e9tail dans l'argile, quelle plante peut r\u00e9sister \u00e0 cela?\" width=\"169\" height=\"300\" srcset=\"https:\/\/tinctoriales.com\/wp-content\/uploads\/2017\/12\/IMG_20170401_114007-169x300.jpg 169w, https:\/\/tinctoriales.com\/wp-content\/uploads\/2017\/12\/IMG_20170401_114007-350x622.jpg 350w, https:\/\/tinctoriales.com\/wp-content\/uploads\/2017\/12\/IMG_20170401_114007-768x1365.jpg 768w, https:\/\/tinctoriales.com\/wp-content\/uploads\/2017\/12\/IMG_20170401_114007-576x1024.jpg 576w, https:\/\/tinctoriales.com\/wp-content\/uploads\/2017\/12\/IMG_20170401_114007.jpg 1152w\" sizes=\"auto, (max-width: 169px) 100vw, 169px\" \/><figcaption id=\"caption-attachment-1828\" class=\"wp-caption-text\">Trace de b\u00e9tail dans l&#8217;argile, quelle plante peut r\u00e9sister \u00e0 cela?<\/figcaption><\/figure>\n<p>Ces chevaux, destin\u00e9s \u00e0 la boucherie, ne sont pas seuls, il y a aussi toute une bande de \u00abpaysans\u00bb du dimanche qui viennent les compter, mais ne se pr\u00e9occupent pas s&#8217;ils sont malades, \u00e9ventuellement, ils volent ce qu&#8217;ils peuvent, ils s&#8217;y sont habitu\u00e9s pendant les trente ans durant lesquels la propri\u00e9t\u00e9 a \u00e9t\u00e9 abandonn\u00e9e. Il para\u00eet que c&#8217;est normal ici d&#8217;\u00e9lever gratuitement ses animaux chez les voisins. Et mon ami, ne sachant pas comment se d\u00e9barrasser de ses voisins encombrants, qui se croient tout permis parce qu&#8217;ils seraient n\u00e9s l\u00e0, a pr\u00e9f\u00e9r\u00e9 les laisser mettre des cl\u00f4tures pour prot\u00e9ger les chevaux pour qu&#8217;il n&#8217;aillent pas vagabonder sur la route (ce qui est fr\u00e9quent).<\/p>\n<p>Ces compteurs de bestiaux ne sont pas malheureux, leur \u00e9levage n&#8217;est pas leur source de revenu principale, c&#8217;est seulement un suppl\u00e9ment tr\u00e8s lucratif, leur seule inversion est de refaire les cl\u00f4tures de temps en temps en utilisant les arbres de la propri\u00e9t\u00e9! Ils jettent des ordures sur leur passage (papiers de bonbons, pots de yaourt, bouteilles en plastique&#8230;). Ils peuvent \u00eatre dangereux, car ils sont arm\u00e9s.<\/p>\n<p>Ne croyez surtout pas que je hais les chevaux, mais je ne m&#8217;imaginais pas qu&#8217;ils puissent faire autant de d\u00e9gats.<\/p>\n<h3>La\u00a0 suite du projet<\/h3>\n<p>Dans ces conditions, je ne vois pas comment mon projet aurait pu \u00eatre viable. J&#8217;ai donc d\u00e9cid\u00e9 de red\u00e9m\u00e9nager vers <a href=\"http:\/\/tinctoriales.com\/rincon-de-angel\/\">Puerto Montt<\/a> pour pr\u00e9parer mon voyage.<\/p>\n<p>Cependant, je vais faire quand m\u00eame le <a href=\"http:\/\/tinctoriales.com\/a-propos-de\/\">tour du monde<\/a> et me chercherai un lieu avec des voisins moins abusifs o\u00f9 d\u00e9velopper mon projet. Cette exp\u00e9rience m&#8217;aura beaucoup appris y compris sur les plantes toxiques pour le b\u00e9tail&#8230;<\/p>\n<p>C&#8217;est dommage, l&#8217;endroit \u00e9tait tr\u00e8s agr\u00e9able et avait de nombreux atouts. Mais il y a certainement un endroit quelque part dans le monde ou ce projet pourra \u00eatre r\u00e9alis\u00e9 dans de meilleures conditions. Si vous avez des propositions, je suis \u00e0 votre disposition.<\/p>\n<hr \/>\n<p style=\"text-align: center;\"><span style=\"color: #339966;\">Je vous invite \u00e0 laisser vos commentaires.<\/span><\/p>\n<p style=\"text-align: center;\"><span style=\"color: #339966;\"><strong>Je tiens \u00e0 vous pr\u00e9ciser que je n\u2019ai pas de formation en marketing et que bien s\u00fbr, je ne pense pas revendre les donn\u00e9es ainsi collect\u00e9es!<\/strong><\/span><\/p>\n<p>[contact-form][contact-field label=\u00bbNom\u00bb type=\u00bbname\u00bb  required=\u00bbtrue\u00bb \/][contact-field label=\u00bbE-mail\u00bb type=\u00bbemail\u00bb required=\u00bbtrue\u00bb \/][contact-field label=\u00bbSite web\u00bb type=\u00bburl\u00bb \/][contact-field label=\u00bbMessage\u00bb type=\u00bbtextarea\u00bb \/][\/contact-form]<\/p>\n<div style=\"margin-top: 0px; margin-bottom: 0px;\" class=\"sharethis-inline-share-buttons\" ><\/div>","protected":false},"excerpt":{"rendered":"<p>Como crear un bosque comestible, de plantas tintoreas y medicinales donde mandan los caballos? tuve que abandonarles el terreno, pero el viaje se mantiene<\/p>\n","protected":false},"author":1,"featured_media":1824,"parent":0,"menu_order":0,"comment_status":"closed","ping_status":"closed","template":"","meta":{"give_campaign_id":0,"_joinchat":[],"footnotes":""},"class_list":["post-1817","page","type-page","status-publish","has-post-thumbnail","hentry"],"translation":{"provider":"WPGlobus","version":"3.0.1","language":"es","enabled_languages":["fr","en","es"],"languages":{"fr":{"title":true,"content":true,"excerpt":true},"en":{"title":false,"content":false,"excerpt":false},"es":{"title":false,"content":false,"excerpt":true}}},"yoast_head":"<!-- This site is optimized with the Yoast SEO plugin v27.3 - https:\/\/yoast.com\/product\/yoast-seo-wordpress\/ -->\n<title>Au revoir Conc\u00f3n - Tinctoriales.com<\/title>\n<meta name=\"robots\" content=\"index, follow, max-snippet:-1, max-image-preview:large, max-video-preview:-1\" \/>\n<link rel=\"canonical\" href=\"https:\/\/tinctoriales.com\/en\/au-revoir-concon\/\" \/>\n<meta property=\"og:locale\" content=\"es_ES\" \/>\n<meta property=\"og:type\" content=\"article\" \/>\n<meta property=\"og:title\" content=\"Au revoir Conc\u00f3n - Tinctoriales.com\" \/>\n<meta property=\"og:url\" content=\"https:\/\/tinctoriales.com\/en\/au-revoir-concon\/\" \/>\n<meta property=\"og:site_name\" content=\"Tinctoriales.com\" \/>\n<meta property=\"article:publisher\" content=\"https:\/\/www.facebook.com\/francoisegabrielle.raffi\" \/>\n<meta property=\"article:modified_time\" content=\"2017-12-25T02:00:22+00:00\" \/>\n<meta property=\"og:image\" content=\"https:\/\/i1.wp.com\/tinctoriales.com\/wp-content\/uploads\/2017\/12\/IMG_20171109_175713546_HDR.jpg?fit=2048%2C1152&ssl=1\" \/>\n\t<meta property=\"og:image:width\" content=\"2048\" \/>\n\t<meta property=\"og:image:height\" content=\"1152\" \/>\n\t<meta property=\"og:image:type\" content=\"image\/jpeg\" \/>\n<meta name=\"twitter:card\" content=\"summary_large_image\" \/>\n<meta name=\"twitter:site\" content=\"@FrancoiseRaffi\" \/>\n<meta name=\"twitter:label1\" content=\"Tiempo de lectura\" \/>\n\t<meta name=\"twitter:data1\" content=\"5 minutos\" \/>\n<script type=\"application\/ld+json\" class=\"yoast-schema-graph\">{\"@context\":\"https:\\\/\\\/schema.org\",\"@graph\":[{\"@type\":\"WebPage\",\"@id\":\"https:\\\/\\\/tinctoriales.com\\\/en\\\/au-revoir-concon\\\/\",\"url\":\"https:\\\/\\\/tinctoriales.com\\\/en\\\/au-revoir-concon\\\/\",\"name\":\"Au revoir Conc\u00f3n - Tinctoriales.com\",\"isPartOf\":{\"@id\":\"https:\\\/\\\/tinctoriales.com\\\/#website\"},\"primaryImageOfPage\":{\"@id\":\"https:\\\/\\\/tinctoriales.com\\\/en\\\/au-revoir-concon\\\/#primaryimage\"},\"image\":{\"@id\":\"https:\\\/\\\/tinctoriales.com\\\/en\\\/au-revoir-concon\\\/#primaryimage\"},\"thumbnailUrl\":\"https:\\\/\\\/tinctoriales.com\\\/wp-content\\\/uploads\\\/2017\\\/12\\\/IMG_20171109_175713546_HDR.jpg\",\"datePublished\":\"2017-12-23T01:02:52+00:00\",\"dateModified\":\"2017-12-25T02:00:22+00:00\",\"description\":\"Comment cr\u00e9er une for\u00eat comestible tinctoriale et m\u00e9dicinale o\u00f9 les chevaux reignent en ma\u00eetre, je leur laisser la place, le voyage se maintient cependant\",\"breadcrumb\":{\"@id\":\"https:\\\/\\\/tinctoriales.com\\\/en\\\/au-revoir-concon\\\/#breadcrumb\"},\"inLanguage\":\"es\",\"potentialAction\":[{\"@type\":\"ReadAction\",\"target\":[\"https:\\\/\\\/tinctoriales.com\\\/en\\\/au-revoir-concon\\\/\"]}]},{\"@type\":\"ImageObject\",\"inLanguage\":\"es\",\"@id\":\"https:\\\/\\\/tinctoriales.com\\\/en\\\/au-revoir-concon\\\/#primaryimage\",\"url\":\"https:\\\/\\\/tinctoriales.com\\\/wp-content\\\/uploads\\\/2017\\\/12\\\/IMG_20171109_175713546_HDR.jpg\",\"contentUrl\":\"https:\\\/\\\/tinctoriales.com\\\/wp-content\\\/uploads\\\/2017\\\/12\\\/IMG_20171109_175713546_HDR.jpg\",\"width\":2048,\"height\":1152,\"caption\":\"Chevaux\"},{\"@type\":\"BreadcrumbList\",\"@id\":\"https:\\\/\\\/tinctoriales.com\\\/en\\\/au-revoir-concon\\\/#breadcrumb\",\"itemListElement\":[{\"@type\":\"ListItem\",\"position\":1,\"name\":\"Accueil\",\"item\":\"https:\\\/\\\/tinctoriales.com\\\/\"},{\"@type\":\"ListItem\",\"position\":2,\"name\":\"Au revoir Conc\u00f3n\"}]},{\"@type\":\"WebSite\",\"@id\":\"https:\\\/\\\/tinctoriales.com\\\/#website\",\"url\":\"https:\\\/\\\/tinctoriales.com\\\/\",\"name\":\"Tinctoriales.com\",\"description\":\"Vive les Teintures Naturelles\",\"publisher\":{\"@id\":\"https:\\\/\\\/tinctoriales.com\\\/#\\\/schema\\\/person\\\/bb664fe45c7efc0790e098c706b83be2\"},\"potentialAction\":[{\"@type\":\"SearchAction\",\"target\":{\"@type\":\"EntryPoint\",\"urlTemplate\":\"https:\\\/\\\/tinctoriales.com\\\/?s={search_term_string}\"},\"query-input\":{\"@type\":\"PropertyValueSpecification\",\"valueRequired\":true,\"valueName\":\"search_term_string\"}}],\"inLanguage\":\"es\"},{\"@type\":[\"Person\",\"Organization\"],\"@id\":\"https:\\\/\\\/tinctoriales.com\\\/#\\\/schema\\\/person\\\/bb664fe45c7efc0790e098c706b83be2\",\"name\":\"Francoise Raffi - La Francesa Bigotuda\",\"image\":{\"@type\":\"ImageObject\",\"inLanguage\":\"es\",\"@id\":\"https:\\\/\\\/i0.wp.com\\\/tinctoriales.com\\\/wp-content\\\/uploads\\\/2023\\\/05\\\/wwwtinctoriales-teintures-naturelles.webp?fit=1650%2C1020&ssl=1\",\"url\":\"https:\\\/\\\/i0.wp.com\\\/tinctoriales.com\\\/wp-content\\\/uploads\\\/2023\\\/05\\\/wwwtinctoriales-teintures-naturelles.webp?fit=1650%2C1020&ssl=1\",\"contentUrl\":\"https:\\\/\\\/i0.wp.com\\\/tinctoriales.com\\\/wp-content\\\/uploads\\\/2023\\\/05\\\/wwwtinctoriales-teintures-naturelles.webp?fit=1650%2C1020&ssl=1\",\"width\":1650,\"height\":1020,\"caption\":\"Francoise Raffi - La Francesa Bigotuda\"},\"logo\":{\"@id\":\"https:\\\/\\\/i0.wp.com\\\/tinctoriales.com\\\/wp-content\\\/uploads\\\/2023\\\/05\\\/wwwtinctoriales-teintures-naturelles.webp?fit=1650%2C1020&ssl=1\"},\"description\":\"Artisane textile, tisserande, teinturi\u00e8re, vivant depuis plus de 20 ans au Chili, je travaille avec des teintures naturelles depuis plus de dix ans. J'ai particip\u00e9 \u00e0 plusieurs s\u00e9minaires internationaux (ISEND Kuching, IFND Taiwan et derni\u00e8rement IFPECO \u00e0 Madagascar) Je tisse, tricote ou feutre les fibres teintes. Je propose des formations aux teintures naturelles adapt\u00e9es au lieu. Artesana textil, tejedora, tintorera, viviendo desde m\u00e1s de 20 a\u00f1os en Chile, trabajo con te\u00f1idos naturales desde m\u00e1s de diez a\u00f1os. He participado a varios seminarios internacionales (ISEND Kuching, IFND Taiwan y ultimamente IFPECO en Madagascar). Tejo o afieltro las fibras te\u00f1idas. Propongo formaciones, capacitaciones, talleres de te\u00f1ido natural adaptadas al lugar.\",\"sameAs\":[\"http:\\\/\\\/www.tinctoriales.com\",\"https:\\\/\\\/www.facebook.com\\\/francoisegabrielle.raffi\",\"https:\\\/\\\/www.instagram.com\\\/tinctoriales.com_www\",\"https:\\\/\\\/www.linkedin.com\\\/francoisegabrielleraffi\",\"https:\\\/\\\/www.pinterest.com\\\/@publicobre2000\",\"https:\\\/\\\/x.com\\\/FrancoiseRaffi\"]}]}<\/script>\n<!-- \/ Yoast SEO plugin. -->","yoast_head_json":{"title":"Au revoir Conc\u00f3n - Tinctoriales.com","robots":{"index":"index","follow":"follow","max-snippet":"max-snippet:-1","max-image-preview":"max-image-preview:large","max-video-preview":"max-video-preview:-1"},"canonical":"https:\/\/tinctoriales.com\/en\/au-revoir-concon\/","og_locale":"es_ES","og_type":"article","og_title":"Au revoir Conc\u00f3n - Tinctoriales.com","og_url":"https:\/\/tinctoriales.com\/en\/au-revoir-concon\/","og_site_name":"Tinctoriales.com","article_publisher":"https:\/\/www.facebook.com\/francoisegabrielle.raffi","article_modified_time":"2017-12-25T02:00:22+00:00","og_image":[{"width":2048,"height":1152,"url":"https:\/\/i1.wp.com\/tinctoriales.com\/wp-content\/uploads\/2017\/12\/IMG_20171109_175713546_HDR.jpg?fit=2048%2C1152&ssl=1","type":"image\/jpeg"}],"twitter_card":"summary_large_image","twitter_site":"@FrancoiseRaffi","twitter_misc":{"Tiempo de lectura":"5 minutos"},"schema":{"@context":"https:\/\/schema.org","@graph":[{"@type":"WebPage","@id":"https:\/\/tinctoriales.com\/en\/au-revoir-concon\/","url":"https:\/\/tinctoriales.com\/en\/au-revoir-concon\/","name":"Au revoir Conc\u00f3n - Tinctoriales.com","isPartOf":{"@id":"https:\/\/tinctoriales.com\/#website"},"primaryImageOfPage":{"@id":"https:\/\/tinctoriales.com\/en\/au-revoir-concon\/#primaryimage"},"image":{"@id":"https:\/\/tinctoriales.com\/en\/au-revoir-concon\/#primaryimage"},"thumbnailUrl":"https:\/\/tinctoriales.com\/wp-content\/uploads\/2017\/12\/IMG_20171109_175713546_HDR.jpg","datePublished":"2017-12-23T01:02:52+00:00","dateModified":"2017-12-25T02:00:22+00:00","description":"Comment cr\u00e9er une for\u00eat comestible tinctoriale et m\u00e9dicinale o\u00f9 les chevaux reignent en ma\u00eetre, je leur laisser la place, le voyage se maintient cependant","breadcrumb":{"@id":"https:\/\/tinctoriales.com\/en\/au-revoir-concon\/#breadcrumb"},"inLanguage":"es","potentialAction":[{"@type":"ReadAction","target":["https:\/\/tinctoriales.com\/en\/au-revoir-concon\/"]}]},{"@type":"ImageObject","inLanguage":"es","@id":"https:\/\/tinctoriales.com\/en\/au-revoir-concon\/#primaryimage","url":"https:\/\/tinctoriales.com\/wp-content\/uploads\/2017\/12\/IMG_20171109_175713546_HDR.jpg","contentUrl":"https:\/\/tinctoriales.com\/wp-content\/uploads\/2017\/12\/IMG_20171109_175713546_HDR.jpg","width":2048,"height":1152,"caption":"Chevaux"},{"@type":"BreadcrumbList","@id":"https:\/\/tinctoriales.com\/en\/au-revoir-concon\/#breadcrumb","itemListElement":[{"@type":"ListItem","position":1,"name":"Accueil","item":"https:\/\/tinctoriales.com\/"},{"@type":"ListItem","position":2,"name":"Au revoir Conc\u00f3n"}]},{"@type":"WebSite","@id":"https:\/\/tinctoriales.com\/#website","url":"https:\/\/tinctoriales.com\/","name":"Tinctoriales.com","description":"Vive les Teintures Naturelles","publisher":{"@id":"https:\/\/tinctoriales.com\/#\/schema\/person\/bb664fe45c7efc0790e098c706b83be2"},"potentialAction":[{"@type":"SearchAction","target":{"@type":"EntryPoint","urlTemplate":"https:\/\/tinctoriales.com\/?s={search_term_string}"},"query-input":{"@type":"PropertyValueSpecification","valueRequired":true,"valueName":"search_term_string"}}],"inLanguage":"es"},{"@type":["Person","Organization"],"@id":"https:\/\/tinctoriales.com\/#\/schema\/person\/bb664fe45c7efc0790e098c706b83be2","name":"Francoise Raffi - La Francesa Bigotuda","image":{"@type":"ImageObject","inLanguage":"es","@id":"https:\/\/i0.wp.com\/tinctoriales.com\/wp-content\/uploads\/2023\/05\/wwwtinctoriales-teintures-naturelles.webp?fit=1650%2C1020&ssl=1","url":"https:\/\/i0.wp.com\/tinctoriales.com\/wp-content\/uploads\/2023\/05\/wwwtinctoriales-teintures-naturelles.webp?fit=1650%2C1020&ssl=1","contentUrl":"https:\/\/i0.wp.com\/tinctoriales.com\/wp-content\/uploads\/2023\/05\/wwwtinctoriales-teintures-naturelles.webp?fit=1650%2C1020&ssl=1","width":1650,"height":1020,"caption":"Francoise Raffi - La Francesa Bigotuda"},"logo":{"@id":"https:\/\/i0.wp.com\/tinctoriales.com\/wp-content\/uploads\/2023\/05\/wwwtinctoriales-teintures-naturelles.webp?fit=1650%2C1020&ssl=1"},"description":"Artisane textile, tisserande, teinturi\u00e8re, vivant depuis plus de 20 ans au Chili, je travaille avec des teintures naturelles depuis plus de dix ans. J'ai particip\u00e9 \u00e0 plusieurs s\u00e9minaires internationaux (ISEND Kuching, IFND Taiwan et derni\u00e8rement IFPECO \u00e0 Madagascar) Je tisse, tricote ou feutre les fibres teintes. Je propose des formations aux teintures naturelles adapt\u00e9es au lieu. Artesana textil, tejedora, tintorera, viviendo desde m\u00e1s de 20 a\u00f1os en Chile, trabajo con te\u00f1idos naturales desde m\u00e1s de diez a\u00f1os. He participado a varios seminarios internacionales (ISEND Kuching, IFND Taiwan y ultimamente IFPECO en Madagascar). Tejo o afieltro las fibras te\u00f1idas. Propongo formaciones, capacitaciones, talleres de te\u00f1ido natural adaptadas al lugar.","sameAs":["http:\/\/www.tinctoriales.com","https:\/\/www.facebook.com\/francoisegabrielle.raffi","https:\/\/www.instagram.com\/tinctoriales.com_www","https:\/\/www.linkedin.com\/francoisegabrielleraffi","https:\/\/www.pinterest.com\/@publicobre2000","https:\/\/x.com\/FrancoiseRaffi"]}]}},"campaignId":"","_links":{"self":[{"href":"https:\/\/tinctoriales.com\/es\/wp-json\/wp\/v2\/pages\/1817","targetHints":{"allow":["GET"]}}],"collection":[{"href":"https:\/\/tinctoriales.com\/es\/wp-json\/wp\/v2\/pages"}],"about":[{"href":"https:\/\/tinctoriales.com\/es\/wp-json\/wp\/v2\/types\/page"}],"author":[{"embeddable":true,"href":"https:\/\/tinctoriales.com\/es\/wp-json\/wp\/v2\/users\/1"}],"replies":[{"embeddable":true,"href":"https:\/\/tinctoriales.com\/es\/wp-json\/wp\/v2\/comments?post=1817"}],"version-history":[{"count":0,"href":"https:\/\/tinctoriales.com\/es\/wp-json\/wp\/v2\/pages\/1817\/revisions"}],"wp:featuredmedia":[{"embeddable":true,"href":"https:\/\/tinctoriales.com\/es\/wp-json\/wp\/v2\/media\/1824"}],"wp:attachment":[{"href":"https:\/\/tinctoriales.com\/es\/wp-json\/wp\/v2\/media?parent=1817"}],"curies":[{"name":"wp","href":"https:\/\/api.w.org\/{rel}","templated":true}]}}