{"id":22656,"date":"2020-07-04T15:58:56","date_gmt":"2020-07-04T13:58:56","guid":{"rendered":"https:\/\/tinctoriales.com\/?page_id=22656"},"modified":"2020-10-12T19:45:20","modified_gmt":"2020-10-12T17:45:20","slug":"trucs-et-astuces","status":"publish","type":"page","link":"https:\/\/tinctoriales.com\/es\/trucs-et-astuces\/","title":{"rendered":"Trucs et Astuces"},"content":{"rendered":"\n<p style=\"background-color:#94180a\" class=\"has-text-color has-background has-drop-cap has-white-color\">\/\/\/  Trucs et astuces \/\/\/ &#8212;- En cours de r\u00e9daction permanente &#8212;<br><strong>Article r\u00e9vis\u00e9 le 12 octobre 2020<\/strong> <br><strong>Dernier article sur les AMAP<\/strong> <br>Prochain sur les <strong>Ronces<\/strong>, <br>La <strong>Filature <\/strong>ou bien encore les<strong> Purins<\/strong> viendront bient\u00f4t. J&#8217;attends vos r\u00e9actions, pour le moment j&#8217;accumule les informations&#8230;<br><em>Je suis bien revenue en France et j&#8217;y serai jusqu&#8217;au 12 novembre<\/em> et peut-\u00eatre m\u00eame plus.<br>Organisons donc des <a rel=\"noreferrer noopener\" href=\"https:\/\/tinctoriales.com\/a-propos-de\/accueil\/formations-a-la-demande\/\" target=\"_blank\"><strong>ateliers<\/strong><\/a>! C\u2019est facile  <\/p>\n\n\n\n<p class=\"has-drop-cap\"><em><strong>Des trucs, on en a toujours besoins. Cette page va vous orienter vers divers articles, sur des trucs techniques, de petites astuces, concernant les probl\u00e8mes de filature, lavage des fibres, teintures naturelles&#8230;<\/strong><\/em><\/p>\n\n\n\n<p>En effet, on me pose souvent des questions concernant le lavage.<\/p>\n\n\n\n<p>Il y aura aussi d&#8217;autres trucs sur d&#8217;autres th\u00e8mes qui m&#8217;int\u00e9ressent&#8230;<\/p>\n\n\n\n<p>Un certain nombre de trucs et astuces apparaissent d\u00e9j\u00e0 dans les articles de ce site.<\/p>\n\n\n\n<p>Cependant, certains trucs, tels que d\u00e9odorants&#8230; n&#8217;appara\u00eetront pas, car je les consid\u00e8re comme nuls et non avenus, voir dangereux pour la sant\u00e9.<\/p>\n\n\n\n<p>Je n&#8217;ai pas non plus de vernis \u00e0 ongles \u00e9cologiques \u00e0 vous proposer, j&#8217;ai un peu fouiller le sujet, sans succ\u00e8s.<\/p>\n\n\n\n<p>Bref, ce que je vous propose, c&#8217;est test\u00e9 et sain.<\/p>\n\n\n\n<h2 class=\"wp-block-heading\">Pourquoi des trucs<\/h2>\n\n\n\n<p>Les trucs vont appara\u00eetre au fur et \u00e0 mesure des exp\u00e9riences et des probl\u00e8mes auxquels je suis confront\u00e9e&#8230; Vos remarques et demandes sont donc les bienvenues&#8230; je les attends avec impatience.<\/p>\n\n\n\n<p>En effet, il faut toujours joindre la pratique \u00e0 la th\u00e9orie&#8230;<\/p>\n\n\n\n<p>Ces articles sont compl\u00e9mentaires des articles techniques de ce site. Toujours, les fibres doivent \u00eatre soigneusement lav\u00e9es et pr\u00e9par\u00e9es avant de teindre. Mais, ces produits peuvent \u00eatre utilis\u00e9s aussi dans la vie courante.<\/p>\n\n\n\n<p>En effet, beaucoup de produits se trouvent en g\u00e9n\u00e9ral dans le commerce. Pourtant, il est bon de savoir comment ils sont fait. Cela permet aussi d&#8217;\u00e9viter des additifs inutiles&#8230; et d&#8217;atteindre \u00e9ventuellement peut-\u00eatre une certaine autonomie&#8230; <\/p>\n\n\n\n<p>D&#8217;autant plus que souvent, on peut les produire \u00e0 partir de mati\u00e8res premi\u00e8res parfois consid\u00e9r\u00e9es comme des d\u00e9chets. par exemple, souvent, on ne sait pas quoi faire avec les cendres alors qu&#8217;elles ont de multiples applications, dont la fabrication de savon ou de papier v\u00e9g\u00e9tal, nos anc\u00eatres les conservaient pr\u00e9cieusement.<\/p>\n\n\n\n<p>En outre, il serait idiot de teindre en respectant la nature, tout en lavant avec des produits sans \u00e9gards pour l&#8217;environnement. Ce serait peine perdue.<\/p>\n\n\n\n<h2 class=\"wp-block-heading\">Liste non exhaustive de trucs<\/h2>\n\n\n\n<ul class=\"wp-block-list\"><li>Lessive de cendres<\/li><li><a rel=\"noreferrer noopener\" aria-label=\"Base de savon (s\u2019ouvre dans un nouvel onglet)\" href=\"https:\/\/tinctoriales.com\/savon-base\/\" target=\"_blank\"><strong>Base de savon<\/strong><\/a> artisanal<\/li><li>Suite du travail du savon<\/li><li>Savon potassique ou savon noir<\/li><li>Shampoing sec<\/li><li><a rel=\"noreferrer noopener\" aria-label=\"Lessive de lierre (s\u2019ouvre dans un nouvel onglet)\" href=\"https:\/\/tinctoriales.com\/lierre-pour-la-lessive\/\" target=\"_blank\"><strong>Lessive de lierre<\/strong><\/a><\/li><li>Lessive de marrons d&#8217;Inde<\/li><li>Sels de bains<\/li><li>Vinaigre<\/li><li>Encres v\u00e9g\u00e9tales au fer<\/li><li>R\u00e9pulsifs pour insectes et rongeurs<\/li><li>Purins et d\u00e9coctions<\/li><li>Usage du marc de caf\u00e9<\/li><li>Utilisation du sel de table<\/li><li>R\u00e9cup\u00e9ration de restes de savons<\/li><li>Papier recycl\u00e9<\/li><li>Hormones de bouture maison<\/li><li>Soupe de clous, pour <a rel=\"noreferrer noopener\" aria-label=\"mordancer (s\u2019ouvre dans un nouvel onglet)\" href=\"https:\/\/tinctoriales.com\/les-mordants-cela-ne-mord-pas\/\" target=\"_blank\"><strong>mordancer<\/strong><\/a>, <a rel=\"noreferrer noopener\" aria-label=\"ecoprint (s\u2019ouvre dans un nouvel onglet)\" href=\"https:\/\/tinctoriales.com\/ecoprint-kesako-et-pourquoi\/\" target=\"_blank\"><strong>ecoprint<\/strong><\/a><\/li><li>Comment pr\u00e9parer un feu pour <a rel=\"noreferrer noopener\" aria-label=\"mordancer  (s\u2019ouvre dans un nouvel onglet)\" href=\"https:\/\/tinctoriales.com\/les-mordants-cela-ne-mord-pas\/\" target=\"_blank\">mordancer <\/a>et <a rel=\"noreferrer noopener\" aria-label=\"teindre (s\u2019ouvre dans un nouvel onglet)\" href=\"https:\/\/tinctoriales.com\/la-casserole-speciale\/\" target=\"_blank\">teindre<\/a><\/li><li>&#8230;<\/li><\/ul>\n\n\n\n<p>J&#8217;esp\u00e8re que ces informations vous seront utiles dans votre vie quotidienne et dans vos pratiques artisanales.<\/p>\n\n\n\n<h2 class=\"wp-block-heading\">Conclusion<\/h2>\n\n\n\n<p>Cette liste n&#8217;est heureusement pas exhaustive et va s&#8217;enrichir&#8230; Il reste encore beaucoup \u00e0 faire dans ce domaine.<\/p>\n\n\n\n<figure class=\"wp-block-image\"><img loading=\"lazy\" decoding=\"async\" width=\"1024\" height=\"790\" src=\"https:\/\/tinctoriales.com\/wp-content\/uploads\/2017\/07\/14-1024x790.jpg\" alt=\"Ce que je fais, vous saviez tous le faire trucs\" class=\"wp-image-126\" srcset=\"https:\/\/tinctoriales.com\/wp-content\/uploads\/2017\/07\/14-1024x790.jpg 1024w, https:\/\/tinctoriales.com\/wp-content\/uploads\/2017\/07\/14-350x270.jpg 350w, https:\/\/tinctoriales.com\/wp-content\/uploads\/2017\/07\/14-300x231.jpg 300w, https:\/\/tinctoriales.com\/wp-content\/uploads\/2017\/07\/14-768x592.jpg 768w, https:\/\/tinctoriales.com\/wp-content\/uploads\/2017\/07\/14.jpg 2048w\" sizes=\"auto, (max-width: 1024px) 100vw, 1024px\" \/><figcaption>Cette remarque d&#8217;une chanson de <a href=\"https:\/\/www.youtube.com\/watch?v=fzw8yOIsjJM&amp;list=RD1cCtqeEyCKE&amp;start_radio=1\" target=\"_blank\" rel=\"noreferrer noopener\" aria-label=\"Gilles Servat (s\u2019ouvre dans un nouvel onglet)\">Gilles Servat<\/a> nous rappelle que nous avons beaucoup oubli\u00e9, les trucs restent \u00e0 la port\u00e9e de tout un chacun, \u00e0 nous de nous les r\u00e9approprier<\/figcaption><\/figure>\n<div style=\"margin-top: 0px; margin-bottom: 0px;\" class=\"sharethis-inline-share-buttons\" ><\/div>","protected":false},"excerpt":{"rendered":"<p>\/\/\/ Trucs et astuces \/\/\/ &#8212;- En cours de r\u00e9daction permanente &#8212;Article r\u00e9vis\u00e9 le 12 octobre 2020 Dernier article sur les AMAP Prochain sur les Ronces, La Filature ou bien encore les Purins viendront bient\u00f4t. J&#8217;attends vos r\u00e9actions, pour le moment j&#8217;accumule les informations&#8230;Je suis bien revenue en France et j&#8217;y serai jusqu&#8217;au 12 novembre &hellip; <a href=\"https:\/\/tinctoriales.com\/es\/trucs-et-astuces\/\" class=\"more-link\">Sigue leyendo <span class=\"screen-reader-text\">Trucs et Astuces<\/span><\/a><\/p>\n","protected":false},"author":1,"featured_media":23287,"parent":0,"menu_order":0,"comment_status":"closed","ping_status":"closed","template":"","meta":{"give_campaign_id":0,"_joinchat":[],"footnotes":""},"class_list":["post-22656","page","type-page","status-publish","has-post-thumbnail","hentry"],"translation":{"provider":"WPGlobus","version":"3.0.1","language":"es","enabled_languages":["fr","en","es"],"languages":{"fr":{"title":true,"content":true,"excerpt":false},"en":{"title":false,"content":false,"excerpt":false},"es":{"title":false,"content":false,"excerpt":false}}},"yoast_head":"<!-- This site is optimized with the Yoast SEO plugin v27.3 - https:\/\/yoast.com\/product\/yoast-seo-wordpress\/ -->\n<title>Trucs et Astuces - Tinctoriales.com<\/title>\n<meta name=\"robots\" content=\"index, follow, max-snippet:-1, max-image-preview:large, max-video-preview:-1\" \/>\n<link rel=\"canonical\" href=\"https:\/\/tinctoriales.com\/trucs-et-astuces\/\" \/>\n<meta property=\"og:locale\" content=\"es_ES\" \/>\n<meta property=\"og:type\" content=\"article\" \/>\n<meta property=\"og:title\" content=\"Trucs et Astuces - Tinctoriales.com\" \/>\n<meta property=\"og:url\" content=\"https:\/\/tinctoriales.com\/trucs-et-astuces\/\" \/>\n<meta property=\"og:site_name\" content=\"Tinctoriales.com\" \/>\n<meta property=\"article:publisher\" content=\"https:\/\/www.facebook.com\/francoisegabrielle.raffi\" \/>\n<meta property=\"article:modified_time\" content=\"2020-10-12T17:45:20+00:00\" \/>\n<meta property=\"og:image\" content=\"https:\/\/i1.wp.com\/tinctoriales.com\/wp-content\/uploads\/2020\/09\/IMG_20200426_104900489_HDR.jpg?fit=2048%2C1152&ssl=1\" \/>\n\t<meta property=\"og:image:width\" content=\"2048\" \/>\n\t<meta property=\"og:image:height\" content=\"1152\" \/>\n\t<meta property=\"og:image:type\" content=\"image\/jpeg\" \/>\n<meta name=\"twitter:card\" content=\"summary_large_image\" \/>\n<meta name=\"twitter:site\" content=\"@FrancoiseRaffi\" \/>\n<meta name=\"twitter:label1\" content=\"Tiempo de lectura\" \/>\n\t<meta name=\"twitter:data1\" content=\"3 minutos\" \/>\n<script type=\"application\/ld+json\" class=\"yoast-schema-graph\">{\"@context\":\"https:\\\/\\\/schema.org\",\"@graph\":[{\"@type\":\"WebPage\",\"@id\":\"https:\\\/\\\/tinctoriales.com\\\/trucs-et-astuces\\\/\",\"url\":\"https:\\\/\\\/tinctoriales.com\\\/trucs-et-astuces\\\/\",\"name\":\"Trucs et Astuces - Tinctoriales.com\",\"isPartOf\":{\"@id\":\"https:\\\/\\\/tinctoriales.com\\\/#website\"},\"primaryImageOfPage\":{\"@id\":\"https:\\\/\\\/tinctoriales.com\\\/trucs-et-astuces\\\/#primaryimage\"},\"image\":{\"@id\":\"https:\\\/\\\/tinctoriales.com\\\/trucs-et-astuces\\\/#primaryimage\"},\"thumbnailUrl\":\"https:\\\/\\\/tinctoriales.com\\\/wp-content\\\/uploads\\\/2020\\\/09\\\/IMG_20200426_104900489_HDR.jpg\",\"datePublished\":\"2020-07-04T13:58:56+00:00\",\"dateModified\":\"2020-10-12T17:45:20+00:00\",\"description\":\"Des trucs et astuces, on en a toujours besoin, surtout si l'on veut essayer d'\u00e9viter les produits du commerce. En artisanat, ces trucs sont fondamentaux...\",\"breadcrumb\":{\"@id\":\"https:\\\/\\\/tinctoriales.com\\\/trucs-et-astuces\\\/#breadcrumb\"},\"inLanguage\":\"es\",\"potentialAction\":[{\"@type\":\"ReadAction\",\"target\":[\"https:\\\/\\\/tinctoriales.com\\\/trucs-et-astuces\\\/\"]}]},{\"@type\":\"ImageObject\",\"inLanguage\":\"es\",\"@id\":\"https:\\\/\\\/tinctoriales.com\\\/trucs-et-astuces\\\/#primaryimage\",\"url\":\"https:\\\/\\\/tinctoriales.com\\\/wp-content\\\/uploads\\\/2020\\\/09\\\/IMG_20200426_104900489_HDR.jpg\",\"contentUrl\":\"https:\\\/\\\/tinctoriales.com\\\/wp-content\\\/uploads\\\/2020\\\/09\\\/IMG_20200426_104900489_HDR.jpg\",\"width\":2048,\"height\":1152,\"caption\":\"Trucs et astuces, lessive de cendres\"},{\"@type\":\"BreadcrumbList\",\"@id\":\"https:\\\/\\\/tinctoriales.com\\\/trucs-et-astuces\\\/#breadcrumb\",\"itemListElement\":[{\"@type\":\"ListItem\",\"position\":1,\"name\":\"Accueil\",\"item\":\"https:\\\/\\\/tinctoriales.com\\\/\"},{\"@type\":\"ListItem\",\"position\":2,\"name\":\"Trucs et Astuces\"}]},{\"@type\":\"WebSite\",\"@id\":\"https:\\\/\\\/tinctoriales.com\\\/#website\",\"url\":\"https:\\\/\\\/tinctoriales.com\\\/\",\"name\":\"Tinctoriales.com\",\"description\":\"Vive les Teintures Naturelles\",\"publisher\":{\"@id\":\"https:\\\/\\\/tinctoriales.com\\\/#\\\/schema\\\/person\\\/bb664fe45c7efc0790e098c706b83be2\"},\"potentialAction\":[{\"@type\":\"SearchAction\",\"target\":{\"@type\":\"EntryPoint\",\"urlTemplate\":\"https:\\\/\\\/tinctoriales.com\\\/?s={search_term_string}\"},\"query-input\":{\"@type\":\"PropertyValueSpecification\",\"valueRequired\":true,\"valueName\":\"search_term_string\"}}],\"inLanguage\":\"es\"},{\"@type\":[\"Person\",\"Organization\"],\"@id\":\"https:\\\/\\\/tinctoriales.com\\\/#\\\/schema\\\/person\\\/bb664fe45c7efc0790e098c706b83be2\",\"name\":\"Francoise Raffi - La Francesa Bigotuda\",\"image\":{\"@type\":\"ImageObject\",\"inLanguage\":\"es\",\"@id\":\"https:\\\/\\\/i0.wp.com\\\/tinctoriales.com\\\/wp-content\\\/uploads\\\/2023\\\/05\\\/wwwtinctoriales-teintures-naturelles.webp?fit=1650%2C1020&ssl=1\",\"url\":\"https:\\\/\\\/i0.wp.com\\\/tinctoriales.com\\\/wp-content\\\/uploads\\\/2023\\\/05\\\/wwwtinctoriales-teintures-naturelles.webp?fit=1650%2C1020&ssl=1\",\"contentUrl\":\"https:\\\/\\\/i0.wp.com\\\/tinctoriales.com\\\/wp-content\\\/uploads\\\/2023\\\/05\\\/wwwtinctoriales-teintures-naturelles.webp?fit=1650%2C1020&ssl=1\",\"width\":1650,\"height\":1020,\"caption\":\"Francoise Raffi - La Francesa Bigotuda\"},\"logo\":{\"@id\":\"https:\\\/\\\/i0.wp.com\\\/tinctoriales.com\\\/wp-content\\\/uploads\\\/2023\\\/05\\\/wwwtinctoriales-teintures-naturelles.webp?fit=1650%2C1020&ssl=1\"},\"description\":\"Artisane textile, tisserande, teinturi\u00e8re, vivant depuis plus de 20 ans au Chili, je travaille avec des teintures naturelles depuis plus de dix ans. J'ai particip\u00e9 \u00e0 plusieurs s\u00e9minaires internationaux (ISEND Kuching, IFND Taiwan et derni\u00e8rement IFPECO \u00e0 Madagascar) Je tisse, tricote ou feutre les fibres teintes. Je propose des formations aux teintures naturelles adapt\u00e9es au lieu. Artesana textil, tejedora, tintorera, viviendo desde m\u00e1s de 20 a\u00f1os en Chile, trabajo con te\u00f1idos naturales desde m\u00e1s de diez a\u00f1os. He participado a varios seminarios internacionales (ISEND Kuching, IFND Taiwan y ultimamente IFPECO en Madagascar). Tejo o afieltro las fibras te\u00f1idas. Propongo formaciones, capacitaciones, talleres de te\u00f1ido natural adaptadas al lugar.\",\"sameAs\":[\"http:\\\/\\\/www.tinctoriales.com\",\"https:\\\/\\\/www.facebook.com\\\/francoisegabrielle.raffi\",\"https:\\\/\\\/www.instagram.com\\\/tinctoriales.com_www\",\"https:\\\/\\\/www.linkedin.com\\\/francoisegabrielleraffi\",\"https:\\\/\\\/www.pinterest.com\\\/@publicobre2000\",\"https:\\\/\\\/x.com\\\/FrancoiseRaffi\"]}]}<\/script>\n<!-- \/ Yoast SEO plugin. -->","yoast_head_json":{"title":"Trucs et Astuces - Tinctoriales.com","robots":{"index":"index","follow":"follow","max-snippet":"max-snippet:-1","max-image-preview":"max-image-preview:large","max-video-preview":"max-video-preview:-1"},"canonical":"https:\/\/tinctoriales.com\/trucs-et-astuces\/","og_locale":"es_ES","og_type":"article","og_title":"Trucs et Astuces - Tinctoriales.com","og_url":"https:\/\/tinctoriales.com\/trucs-et-astuces\/","og_site_name":"Tinctoriales.com","article_publisher":"https:\/\/www.facebook.com\/francoisegabrielle.raffi","article_modified_time":"2020-10-12T17:45:20+00:00","og_image":[{"width":2048,"height":1152,"url":"https:\/\/i1.wp.com\/tinctoriales.com\/wp-content\/uploads\/2020\/09\/IMG_20200426_104900489_HDR.jpg?fit=2048%2C1152&ssl=1","type":"image\/jpeg"}],"twitter_card":"summary_large_image","twitter_site":"@FrancoiseRaffi","twitter_misc":{"Tiempo de lectura":"3 minutos"},"schema":{"@context":"https:\/\/schema.org","@graph":[{"@type":"WebPage","@id":"https:\/\/tinctoriales.com\/trucs-et-astuces\/","url":"https:\/\/tinctoriales.com\/trucs-et-astuces\/","name":"Trucs et Astuces - Tinctoriales.com","isPartOf":{"@id":"https:\/\/tinctoriales.com\/#website"},"primaryImageOfPage":{"@id":"https:\/\/tinctoriales.com\/trucs-et-astuces\/#primaryimage"},"image":{"@id":"https:\/\/tinctoriales.com\/trucs-et-astuces\/#primaryimage"},"thumbnailUrl":"https:\/\/tinctoriales.com\/wp-content\/uploads\/2020\/09\/IMG_20200426_104900489_HDR.jpg","datePublished":"2020-07-04T13:58:56+00:00","dateModified":"2020-10-12T17:45:20+00:00","description":"Des trucs et astuces, on en a toujours besoin, surtout si l'on veut essayer d'\u00e9viter les produits du commerce. En artisanat, ces trucs sont fondamentaux...","breadcrumb":{"@id":"https:\/\/tinctoriales.com\/trucs-et-astuces\/#breadcrumb"},"inLanguage":"es","potentialAction":[{"@type":"ReadAction","target":["https:\/\/tinctoriales.com\/trucs-et-astuces\/"]}]},{"@type":"ImageObject","inLanguage":"es","@id":"https:\/\/tinctoriales.com\/trucs-et-astuces\/#primaryimage","url":"https:\/\/tinctoriales.com\/wp-content\/uploads\/2020\/09\/IMG_20200426_104900489_HDR.jpg","contentUrl":"https:\/\/tinctoriales.com\/wp-content\/uploads\/2020\/09\/IMG_20200426_104900489_HDR.jpg","width":2048,"height":1152,"caption":"Trucs et astuces, lessive de cendres"},{"@type":"BreadcrumbList","@id":"https:\/\/tinctoriales.com\/trucs-et-astuces\/#breadcrumb","itemListElement":[{"@type":"ListItem","position":1,"name":"Accueil","item":"https:\/\/tinctoriales.com\/"},{"@type":"ListItem","position":2,"name":"Trucs et Astuces"}]},{"@type":"WebSite","@id":"https:\/\/tinctoriales.com\/#website","url":"https:\/\/tinctoriales.com\/","name":"Tinctoriales.com","description":"Vive les Teintures Naturelles","publisher":{"@id":"https:\/\/tinctoriales.com\/#\/schema\/person\/bb664fe45c7efc0790e098c706b83be2"},"potentialAction":[{"@type":"SearchAction","target":{"@type":"EntryPoint","urlTemplate":"https:\/\/tinctoriales.com\/?s={search_term_string}"},"query-input":{"@type":"PropertyValueSpecification","valueRequired":true,"valueName":"search_term_string"}}],"inLanguage":"es"},{"@type":["Person","Organization"],"@id":"https:\/\/tinctoriales.com\/#\/schema\/person\/bb664fe45c7efc0790e098c706b83be2","name":"Francoise Raffi - La Francesa Bigotuda","image":{"@type":"ImageObject","inLanguage":"es","@id":"https:\/\/i0.wp.com\/tinctoriales.com\/wp-content\/uploads\/2023\/05\/wwwtinctoriales-teintures-naturelles.webp?fit=1650%2C1020&ssl=1","url":"https:\/\/i0.wp.com\/tinctoriales.com\/wp-content\/uploads\/2023\/05\/wwwtinctoriales-teintures-naturelles.webp?fit=1650%2C1020&ssl=1","contentUrl":"https:\/\/i0.wp.com\/tinctoriales.com\/wp-content\/uploads\/2023\/05\/wwwtinctoriales-teintures-naturelles.webp?fit=1650%2C1020&ssl=1","width":1650,"height":1020,"caption":"Francoise Raffi - La Francesa Bigotuda"},"logo":{"@id":"https:\/\/i0.wp.com\/tinctoriales.com\/wp-content\/uploads\/2023\/05\/wwwtinctoriales-teintures-naturelles.webp?fit=1650%2C1020&ssl=1"},"description":"Artisane textile, tisserande, teinturi\u00e8re, vivant depuis plus de 20 ans au Chili, je travaille avec des teintures naturelles depuis plus de dix ans. J'ai particip\u00e9 \u00e0 plusieurs s\u00e9minaires internationaux (ISEND Kuching, IFND Taiwan et derni\u00e8rement IFPECO \u00e0 Madagascar) Je tisse, tricote ou feutre les fibres teintes. Je propose des formations aux teintures naturelles adapt\u00e9es au lieu. Artesana textil, tejedora, tintorera, viviendo desde m\u00e1s de 20 a\u00f1os en Chile, trabajo con te\u00f1idos naturales desde m\u00e1s de diez a\u00f1os. He participado a varios seminarios internacionales (ISEND Kuching, IFND Taiwan y ultimamente IFPECO en Madagascar). Tejo o afieltro las fibras te\u00f1idas. Propongo formaciones, capacitaciones, talleres de te\u00f1ido natural adaptadas al lugar.","sameAs":["http:\/\/www.tinctoriales.com","https:\/\/www.facebook.com\/francoisegabrielle.raffi","https:\/\/www.instagram.com\/tinctoriales.com_www","https:\/\/www.linkedin.com\/francoisegabrielleraffi","https:\/\/www.pinterest.com\/@publicobre2000","https:\/\/x.com\/FrancoiseRaffi"]}]}},"campaignId":"","_links":{"self":[{"href":"https:\/\/tinctoriales.com\/es\/wp-json\/wp\/v2\/pages\/22656","targetHints":{"allow":["GET"]}}],"collection":[{"href":"https:\/\/tinctoriales.com\/es\/wp-json\/wp\/v2\/pages"}],"about":[{"href":"https:\/\/tinctoriales.com\/es\/wp-json\/wp\/v2\/types\/page"}],"author":[{"embeddable":true,"href":"https:\/\/tinctoriales.com\/es\/wp-json\/wp\/v2\/users\/1"}],"replies":[{"embeddable":true,"href":"https:\/\/tinctoriales.com\/es\/wp-json\/wp\/v2\/comments?post=22656"}],"version-history":[{"count":0,"href":"https:\/\/tinctoriales.com\/es\/wp-json\/wp\/v2\/pages\/22656\/revisions"}],"wp:featuredmedia":[{"embeddable":true,"href":"https:\/\/tinctoriales.com\/es\/wp-json\/wp\/v2\/media\/23287"}],"wp:attachment":[{"href":"https:\/\/tinctoriales.com\/es\/wp-json\/wp\/v2\/media?parent=22656"}],"curies":[{"name":"wp","href":"https:\/\/api.w.org\/{rel}","templated":true}]}}