{"id":419,"date":"2017-07-23T19:10:36","date_gmt":"2017-07-23T17:10:36","guid":{"rendered":"http:\/\/tinctoriales.com\/boutique\/"},"modified":"2021-01-10T11:34:58","modified_gmt":"2021-01-10T10:34:58","slug":"boutique","status":"publish","type":"page","link":"https:\/\/tinctoriales.com\/es\/boutique\/","title":{"rendered":"Tienda"},"content":{"rendered":"<figure id=\"attachment_37\" aria-describedby=\"caption-attachment-37\" style=\"width: 300px\" class=\"wp-caption alignnone\"><img loading=\"lazy\" decoding=\"async\" src=\"http:\/\/tinctoriales.com\/wp-content\/uploads\/2017\/07\/2-300x151.png\" width=\"300\" height=\"151\" name=\"images1\" align=\"BOTTOM\" border=\"0\" \/><figcaption id=\"caption-attachment-37\" class=\"wp-caption-text\">Lanas te\u00f1idas con plantas en Mami\u00f1a- Gran pieza de fieltreo (vendida)<\/figcaption><\/figure>\n<p>Para mantenerse a flote este sitio necesita recursos. Por otra parte, esto no tiene mucho sentido, te\u00f1ir, tejer, hacer fieltro y juntar todo esto. M\u00e1s encima, preveo hacer una <a href=\"http:\/\/tinctoriales.com\/es\/le-grand-projet\/\">vuelta al mundo<\/a>, no lo puedo hacer con 10 maletas de artesan\u00eda a la rastra, en cada etape voy a descubrir nuevos materiales, libros y sigo produciendo.<\/p>\n<p>La venta en tienda y durante ferias y exposiciones tiene sus limites. Al fin me decid\u00ed a crear esta e-tienda (e-boutique).<\/p>\n<p>Por el momento, estoy en Francia, s\u00f3lo le expongo lo que tengo conmigo. A mi vuelta a Chile, el 22 de septiembre, le propondr\u00e9 mucho m\u00e1s.<\/p>\n<p>Cada pieza es \u00fanica. No s\u00e9 copiarme a mi misma.<\/p>\n<p>Trabajo el fieltro, tejo con distintos tipos de telares, tejo a crochet y claro combino todas las t\u00e9cnicas en incrustaciones, aplicaciones, en uniones&#8230; Utilizo todas las fibras a mi alcance, en la medida de lo posibles naturales (en efecto, el tiempo pasado en el trabajo es pr\u00e1ctimanente el mismo que sea pl\u00e1sticos o una fibra m\u00e1s noble, entonce privilegio la calidad).<\/p>\n<p>Siempre estoy a la b\u00fasqueda de nuevas t\u00e9cnicas, visito museos y leo mucho, luego intento aplicar lo que vi a mi modo.<\/p>\n<p>Lo m\u00e1s simple es mirar, las descripciones son siempre un poco limitadas, como una mala traducci\u00f3n&#8230;. Hasta las fotos me parecen un poco decepcionantes&#8230; Si quiere saber m\u00e1s, ver m\u00e1s detalles, no dude en llamarme en mi whatsapp +56 9 764 449 78, para que le mande m\u00e1s fotos&#8230;<\/p>\n<p>Quisiera saber lo que quieren ver en prioridad: hay muchas piezas, las voy a introducir poco a poco.<\/p>\n<p>&nbsp;<\/p>\n<p align=\"CENTER\"><strong><span style=\"color: #993366;\">\u00a1El marketing no es mi negocio y quiero asegurarles<br \/>\nque no tengo ninguna intenci\u00f3n<br \/>\nde revender los datos as\u00ed colectados!<\/span><\/strong><\/p>\n<p>[contact-form][contact-field label=&#8217;Nom&#8217; type=&#8217;name&#8217;required=&#8217;1&#8217;\/][contact-field label=&#8217;E-mail&#8217; type=&#8217;email&#8217;required=&#8217;1&#8217;\/][contact-field label=&#8217;Pays&#8217; type=&#8217;text&#8217;\/][contact-fieldlabel=&#8217;Site Web&#8217; type=&#8217;url&#8217;\/][contact-field label=&#8217;Commentaire&#8217;type=&#8217;textarea&#8217; required=&#8217;1&#8217;\/][\/contact-form]<\/p>\n<p>&nbsp;<\/p>\n<p><span style=\"border-radius: 2px; text-indent: 20px; width: auto; padding: 0px 4px 0px 0px; text-align: center; font: bold 11px\/20px 'Helvetica Neue',Helvetica,sans-serif; color: #ffffff; background: #bd081c no-repeat scroll 3px 50% \/ 14px 14px; position: absolute; opacity: 1; z-index: 8675309; display: none; cursor: pointer;\">Save<\/span><\/p>\n<p><span style=\"border-radius: 2px; text-indent: 20px; width: auto; padding: 0px 4px 0px 0px; text-align: center; font: bold 11px\/20px 'Helvetica Neue',Helvetica,sans-serif; color: #ffffff; background: #bd081c no-repeat scroll 3px 50% \/ 14px 14px; position: absolute; opacity: 1; z-index: 8675309; display: none; cursor: pointer;\">Save<\/span><\/p>\n<p><span style=\"border-radius: 2px; text-indent: 20px; width: auto; padding: 0px 4px 0px 0px; text-align: center; font: bold 11px\/20px 'Helvetica Neue',Helvetica,sans-serif; color: #ffffff; background: #bd081c no-repeat scroll 3px 50% \/ 14px 14px; position: absolute; opacity: 1; z-index: 8675309; display: none; cursor: pointer; top: 31px; left: 50px;\">Save<\/span><\/p>\n<p><span style=\"border-radius: 2px; text-indent: 20px; width: auto; padding: 0px 4px 0px 0px; text-align: center; font: bold 11px\/20px 'Helvetica Neue',Helvetica,sans-serif; color: #ffffff; background: #bd081c no-repeat scroll 3px 50% \/ 14px 14px; position: absolute; opacity: 1; z-index: 8675309; display: none; cursor: pointer; top: 31px; left: 50px;\">Save<\/span><\/p>\n<p><span style=\"border-radius: 2px; text-indent: 20px; width: auto; padding: 0px 4px 0px 0px; text-align: center; font: bold 11px\/20px 'Helvetica Neue',Helvetica,sans-serif; color: #ffffff; background: #bd081c  no-repeat scroll 3px 50% \/ 14px 14px; position: absolute; opacity: 1; z-index: 8675309; display: none; cursor: pointer;\">Save<\/span><\/p>\n<div style=\"margin-top: 0px; margin-bottom: 0px;\" class=\"sharethis-inline-share-buttons\" ><\/div>","protected":false},"excerpt":{"rendered":"<p>Para mantenerse a flote este sitio necesita recursos. Por otra parte, esto no tiene mucho sentido, te\u00f1ir, tejer, hacer fieltro y juntar todo esto. M\u00e1s encima, preveo hacer una vuelta al mundo, no lo puedo hacer con 10 maletas de artesan\u00eda a la rastra, en cada etape voy a descubrir nuevos materiales, libros y sigo &hellip; <a href=\"https:\/\/tinctoriales.com\/es\/boutique\/\" class=\"more-link\">Sigue leyendo <span class=\"screen-reader-text\">Tienda<\/span><\/a><\/p>\n","protected":false},"author":1,"featured_media":17576,"parent":0,"menu_order":0,"comment_status":"closed","ping_status":"closed","template":"","meta":{"give_campaign_id":0,"_joinchat":[],"footnotes":""},"class_list":["post-419","page","type-page","status-publish","has-post-thumbnail","hentry"],"translation":{"provider":"WPGlobus","version":"3.0.1","language":"es","enabled_languages":["fr","en","es"],"languages":{"fr":{"title":true,"content":true,"excerpt":false},"en":{"title":false,"content":false,"excerpt":false},"es":{"title":true,"content":true,"excerpt":false}}},"yoast_head":"<!-- This site is optimized with the Yoast SEO plugin v27.3 - https:\/\/yoast.com\/product\/yoast-seo-wordpress\/ -->\n<title>P\u00e1ginas Archive - Tinctoriales.com<\/title>\n<meta name=\"robots\" content=\"index, follow, max-snippet:-1, max-image-preview:large, max-video-preview:-1\" \/>\n<link rel=\"canonical\" href=\"https:\/\/tinctoriales.com\/boutique\/\" \/>\n<meta property=\"og:locale\" content=\"es_ES\" \/>\n<meta property=\"og:type\" content=\"article\" \/>\n<meta property=\"og:title\" content=\"Tienda - Tinctoriales.com\" \/>\n<meta property=\"og:url\" content=\"https:\/\/tinctoriales.com\/boutique\/\" \/>\n<meta property=\"og:site_name\" content=\"Tinctoriales.com\" \/>\n<meta property=\"article:publisher\" content=\"https:\/\/www.facebook.com\/francoisegabrielle.raffi\" \/>\n<meta property=\"article:modified_time\" content=\"2021-01-10T10:34:58+00:00\" \/>\n<meta property=\"og:image\" content=\"https:\/\/i0.wp.com\/tinctoriales.com\/wp-content\/uploads\/2019\/07\/IMG_20190408_124353694.jpg?fit=2048%2C1152&ssl=1\" \/>\n\t<meta property=\"og:image:width\" content=\"2048\" \/>\n\t<meta property=\"og:image:height\" content=\"1152\" \/>\n\t<meta property=\"og:image:type\" content=\"image\/jpeg\" \/>\n<meta name=\"twitter:card\" content=\"summary_large_image\" \/>\n<meta name=\"twitter:site\" content=\"@FrancoiseRaffi\" \/>\n<meta name=\"twitter:label1\" content=\"Tiempo de lectura\" \/>\n\t<meta name=\"twitter:data1\" content=\"4 minutos\" \/>\n<script type=\"application\/ld+json\" class=\"yoast-schema-graph\">{\"@context\":\"https:\\\/\\\/schema.org\",\"@graph\":[{\"@type\":\"WebPage\",\"@id\":\"https:\\\/\\\/tinctoriales.com\\\/boutique\\\/\",\"url\":\"https:\\\/\\\/tinctoriales.com\\\/boutique\\\/\",\"name\":\"P\u00e1ginas Archive - Tinctoriales.com\",\"isPartOf\":{\"@id\":\"https:\\\/\\\/tinctoriales.com\\\/#website\"},\"primaryImageOfPage\":{\"@id\":\"https:\\\/\\\/tinctoriales.com\\\/boutique\\\/#primaryimage\"},\"image\":{\"@id\":\"https:\\\/\\\/tinctoriales.com\\\/boutique\\\/#primaryimage\"},\"thumbnailUrl\":\"https:\\\/\\\/tinctoriales.com\\\/wp-content\\\/uploads\\\/2019\\\/07\\\/IMG_20190408_124353694.jpg\",\"datePublished\":\"2017-07-23T17:10:36+00:00\",\"dateModified\":\"2021-01-10T10:34:58+00:00\",\"description\":\"Voici l'acc\u00e8s \u00e0 ma boutique virtuelle pour d\u00e9couvrir concr\u00e8tement mes travaux, je vous y attends avec impatience, d\u00e9p\u00eachez-vous...\",\"breadcrumb\":{\"@id\":\"https:\\\/\\\/tinctoriales.com\\\/boutique\\\/#breadcrumb\"},\"inLanguage\":\"es\",\"potentialAction\":[{\"@type\":\"ReadAction\",\"target\":[\"https:\\\/\\\/tinctoriales.com\\\/boutique\\\/\"]}]},{\"@type\":\"ImageObject\",\"inLanguage\":\"es\",\"@id\":\"https:\\\/\\\/tinctoriales.com\\\/boutique\\\/#primaryimage\",\"url\":\"https:\\\/\\\/tinctoriales.com\\\/wp-content\\\/uploads\\\/2019\\\/07\\\/IMG_20190408_124353694.jpg\",\"contentUrl\":\"https:\\\/\\\/tinctoriales.com\\\/wp-content\\\/uploads\\\/2019\\\/07\\\/IMG_20190408_124353694.jpg\",\"width\":2048,\"height\":1152,\"caption\":\"Test gaze Chancay\"},{\"@type\":\"BreadcrumbList\",\"@id\":\"https:\\\/\\\/tinctoriales.com\\\/boutique\\\/#breadcrumb\",\"itemListElement\":[{\"@type\":\"ListItem\",\"position\":1,\"name\":\"Accueil\",\"item\":\"https:\\\/\\\/tinctoriales.com\\\/\"},{\"@type\":\"ListItem\",\"position\":2,\"name\":\"Boutique\"}]},{\"@type\":\"WebSite\",\"@id\":\"https:\\\/\\\/tinctoriales.com\\\/#website\",\"url\":\"https:\\\/\\\/tinctoriales.com\\\/\",\"name\":\"Tinctoriales.com\",\"description\":\"Vive les Teintures Naturelles\",\"publisher\":{\"@id\":\"https:\\\/\\\/tinctoriales.com\\\/#\\\/schema\\\/person\\\/bb664fe45c7efc0790e098c706b83be2\"},\"potentialAction\":[{\"@type\":\"SearchAction\",\"target\":{\"@type\":\"EntryPoint\",\"urlTemplate\":\"https:\\\/\\\/tinctoriales.com\\\/?s={search_term_string}\"},\"query-input\":{\"@type\":\"PropertyValueSpecification\",\"valueRequired\":true,\"valueName\":\"search_term_string\"}}],\"inLanguage\":\"es\"},{\"@type\":[\"Person\",\"Organization\"],\"@id\":\"https:\\\/\\\/tinctoriales.com\\\/#\\\/schema\\\/person\\\/bb664fe45c7efc0790e098c706b83be2\",\"name\":\"Francoise Raffi - La Francesa Bigotuda\",\"image\":{\"@type\":\"ImageObject\",\"inLanguage\":\"es\",\"@id\":\"https:\\\/\\\/i0.wp.com\\\/tinctoriales.com\\\/wp-content\\\/uploads\\\/2023\\\/05\\\/wwwtinctoriales-teintures-naturelles.webp?fit=1650%2C1020&ssl=1\",\"url\":\"https:\\\/\\\/i0.wp.com\\\/tinctoriales.com\\\/wp-content\\\/uploads\\\/2023\\\/05\\\/wwwtinctoriales-teintures-naturelles.webp?fit=1650%2C1020&ssl=1\",\"contentUrl\":\"https:\\\/\\\/i0.wp.com\\\/tinctoriales.com\\\/wp-content\\\/uploads\\\/2023\\\/05\\\/wwwtinctoriales-teintures-naturelles.webp?fit=1650%2C1020&ssl=1\",\"width\":1650,\"height\":1020,\"caption\":\"Francoise Raffi - La Francesa Bigotuda\"},\"logo\":{\"@id\":\"https:\\\/\\\/i0.wp.com\\\/tinctoriales.com\\\/wp-content\\\/uploads\\\/2023\\\/05\\\/wwwtinctoriales-teintures-naturelles.webp?fit=1650%2C1020&ssl=1\"},\"description\":\"Artisane textile, tisserande, teinturi\u00e8re, vivant depuis plus de 20 ans au Chili, je travaille avec des teintures naturelles depuis plus de dix ans. J'ai particip\u00e9 \u00e0 plusieurs s\u00e9minaires internationaux (ISEND Kuching, IFND Taiwan et derni\u00e8rement IFPECO \u00e0 Madagascar) Je tisse, tricote ou feutre les fibres teintes. Je propose des formations aux teintures naturelles adapt\u00e9es au lieu. Artesana textil, tejedora, tintorera, viviendo desde m\u00e1s de 20 a\u00f1os en Chile, trabajo con te\u00f1idos naturales desde m\u00e1s de diez a\u00f1os. He participado a varios seminarios internacionales (ISEND Kuching, IFND Taiwan y ultimamente IFPECO en Madagascar). Tejo o afieltro las fibras te\u00f1idas. Propongo formaciones, capacitaciones, talleres de te\u00f1ido natural adaptadas al lugar.\",\"sameAs\":[\"http:\\\/\\\/www.tinctoriales.com\",\"https:\\\/\\\/www.facebook.com\\\/francoisegabrielle.raffi\",\"https:\\\/\\\/www.instagram.com\\\/tinctoriales.com_www\",\"https:\\\/\\\/www.linkedin.com\\\/francoisegabrielleraffi\",\"https:\\\/\\\/www.pinterest.com\\\/@publicobre2000\",\"https:\\\/\\\/x.com\\\/FrancoiseRaffi\"]}]}<\/script>\n<!-- \/ Yoast SEO plugin. -->","yoast_head_json":{"title":"P\u00e1ginas Archive - Tinctoriales.com","robots":{"index":"index","follow":"follow","max-snippet":"max-snippet:-1","max-image-preview":"max-image-preview:large","max-video-preview":"max-video-preview:-1"},"canonical":"https:\/\/tinctoriales.com\/boutique\/","og_locale":"es_ES","og_type":"article","og_title":"Tienda - Tinctoriales.com","og_url":"https:\/\/tinctoriales.com\/boutique\/","og_site_name":"Tinctoriales.com","article_publisher":"https:\/\/www.facebook.com\/francoisegabrielle.raffi","article_modified_time":"2021-01-10T10:34:58+00:00","og_image":[{"width":2048,"height":1152,"url":"https:\/\/i0.wp.com\/tinctoriales.com\/wp-content\/uploads\/2019\/07\/IMG_20190408_124353694.jpg?fit=2048%2C1152&ssl=1","type":"image\/jpeg"}],"twitter_card":"summary_large_image","twitter_site":"@FrancoiseRaffi","twitter_misc":{"Tiempo de lectura":"4 minutos"},"schema":{"@context":"https:\/\/schema.org","@graph":[{"@type":"WebPage","@id":"https:\/\/tinctoriales.com\/boutique\/","url":"https:\/\/tinctoriales.com\/boutique\/","name":"P\u00e1ginas Archive - Tinctoriales.com","isPartOf":{"@id":"https:\/\/tinctoriales.com\/#website"},"primaryImageOfPage":{"@id":"https:\/\/tinctoriales.com\/boutique\/#primaryimage"},"image":{"@id":"https:\/\/tinctoriales.com\/boutique\/#primaryimage"},"thumbnailUrl":"https:\/\/tinctoriales.com\/wp-content\/uploads\/2019\/07\/IMG_20190408_124353694.jpg","datePublished":"2017-07-23T17:10:36+00:00","dateModified":"2021-01-10T10:34:58+00:00","description":"Voici l'acc\u00e8s \u00e0 ma boutique virtuelle pour d\u00e9couvrir concr\u00e8tement mes travaux, je vous y attends avec impatience, d\u00e9p\u00eachez-vous...","breadcrumb":{"@id":"https:\/\/tinctoriales.com\/boutique\/#breadcrumb"},"inLanguage":"es","potentialAction":[{"@type":"ReadAction","target":["https:\/\/tinctoriales.com\/boutique\/"]}]},{"@type":"ImageObject","inLanguage":"es","@id":"https:\/\/tinctoriales.com\/boutique\/#primaryimage","url":"https:\/\/tinctoriales.com\/wp-content\/uploads\/2019\/07\/IMG_20190408_124353694.jpg","contentUrl":"https:\/\/tinctoriales.com\/wp-content\/uploads\/2019\/07\/IMG_20190408_124353694.jpg","width":2048,"height":1152,"caption":"Test gaze Chancay"},{"@type":"BreadcrumbList","@id":"https:\/\/tinctoriales.com\/boutique\/#breadcrumb","itemListElement":[{"@type":"ListItem","position":1,"name":"Accueil","item":"https:\/\/tinctoriales.com\/"},{"@type":"ListItem","position":2,"name":"Boutique"}]},{"@type":"WebSite","@id":"https:\/\/tinctoriales.com\/#website","url":"https:\/\/tinctoriales.com\/","name":"Tinctoriales.com","description":"Vive les Teintures Naturelles","publisher":{"@id":"https:\/\/tinctoriales.com\/#\/schema\/person\/bb664fe45c7efc0790e098c706b83be2"},"potentialAction":[{"@type":"SearchAction","target":{"@type":"EntryPoint","urlTemplate":"https:\/\/tinctoriales.com\/?s={search_term_string}"},"query-input":{"@type":"PropertyValueSpecification","valueRequired":true,"valueName":"search_term_string"}}],"inLanguage":"es"},{"@type":["Person","Organization"],"@id":"https:\/\/tinctoriales.com\/#\/schema\/person\/bb664fe45c7efc0790e098c706b83be2","name":"Francoise Raffi - La Francesa Bigotuda","image":{"@type":"ImageObject","inLanguage":"es","@id":"https:\/\/i0.wp.com\/tinctoriales.com\/wp-content\/uploads\/2023\/05\/wwwtinctoriales-teintures-naturelles.webp?fit=1650%2C1020&ssl=1","url":"https:\/\/i0.wp.com\/tinctoriales.com\/wp-content\/uploads\/2023\/05\/wwwtinctoriales-teintures-naturelles.webp?fit=1650%2C1020&ssl=1","contentUrl":"https:\/\/i0.wp.com\/tinctoriales.com\/wp-content\/uploads\/2023\/05\/wwwtinctoriales-teintures-naturelles.webp?fit=1650%2C1020&ssl=1","width":1650,"height":1020,"caption":"Francoise Raffi - La Francesa Bigotuda"},"logo":{"@id":"https:\/\/i0.wp.com\/tinctoriales.com\/wp-content\/uploads\/2023\/05\/wwwtinctoriales-teintures-naturelles.webp?fit=1650%2C1020&ssl=1"},"description":"Artisane textile, tisserande, teinturi\u00e8re, vivant depuis plus de 20 ans au Chili, je travaille avec des teintures naturelles depuis plus de dix ans. J'ai particip\u00e9 \u00e0 plusieurs s\u00e9minaires internationaux (ISEND Kuching, IFND Taiwan et derni\u00e8rement IFPECO \u00e0 Madagascar) Je tisse, tricote ou feutre les fibres teintes. Je propose des formations aux teintures naturelles adapt\u00e9es au lieu. Artesana textil, tejedora, tintorera, viviendo desde m\u00e1s de 20 a\u00f1os en Chile, trabajo con te\u00f1idos naturales desde m\u00e1s de diez a\u00f1os. He participado a varios seminarios internacionales (ISEND Kuching, IFND Taiwan y ultimamente IFPECO en Madagascar). Tejo o afieltro las fibras te\u00f1idas. Propongo formaciones, capacitaciones, talleres de te\u00f1ido natural adaptadas al lugar.","sameAs":["http:\/\/www.tinctoriales.com","https:\/\/www.facebook.com\/francoisegabrielle.raffi","https:\/\/www.instagram.com\/tinctoriales.com_www","https:\/\/www.linkedin.com\/francoisegabrielleraffi","https:\/\/www.pinterest.com\/@publicobre2000","https:\/\/x.com\/FrancoiseRaffi"]}]}},"campaignId":"","_links":{"self":[{"href":"https:\/\/tinctoriales.com\/es\/wp-json\/wp\/v2\/pages\/419","targetHints":{"allow":["GET"]}}],"collection":[{"href":"https:\/\/tinctoriales.com\/es\/wp-json\/wp\/v2\/pages"}],"about":[{"href":"https:\/\/tinctoriales.com\/es\/wp-json\/wp\/v2\/types\/page"}],"author":[{"embeddable":true,"href":"https:\/\/tinctoriales.com\/es\/wp-json\/wp\/v2\/users\/1"}],"replies":[{"embeddable":true,"href":"https:\/\/tinctoriales.com\/es\/wp-json\/wp\/v2\/comments?post=419"}],"version-history":[{"count":0,"href":"https:\/\/tinctoriales.com\/es\/wp-json\/wp\/v2\/pages\/419\/revisions"}],"wp:featuredmedia":[{"embeddable":true,"href":"https:\/\/tinctoriales.com\/es\/wp-json\/wp\/v2\/media\/17576"}],"wp:attachment":[{"href":"https:\/\/tinctoriales.com\/es\/wp-json\/wp\/v2\/media?parent=419"}],"curies":[{"name":"wp","href":"https:\/\/api.w.org\/{rel}","templated":true}]}}